{"id":2384,"date":"2021-05-14T17:37:03","date_gmt":"2021-05-28T13:27:48","guid":{"rendered":"https:\/\/shop.s-line.it\/prodotto\/t921-doppelseitig-abloesbares-transferband\/"},"modified":"2022-01-28T10:56:59","modified_gmt":"2022-01-28T09:56:59","slug":"t921-reverse-wound-ciapa","status":"publish","type":"product","link":"https:\/\/shop.s-line.it\/de\/prodotto\/t921-reverse-wound-ciapa\/","title":{"rendered":"T921 Doppelseitig abl\u00f6sbares transferband"},"content":{"rendered":"<p><strong>T921 REVERSE WOUND<br \/>\nAbziehbares doppelseitiges transferband <\/strong><\/p>\n<p>T921 ist ein Transferband mit abl\u00f6sbarem Klebstoff, Dicke 0.03 mm. Spezialklebeband ohne Tr\u00e4germaterial, bestehend aus einer Acrylat-Klebemasse, die sich leicht und r\u00fcckstandsfrei entfernen l\u00e4sst. Schutzfolie aus wei\u00dfem Bisilikonpapier.<\/p>\n<div>\n<p>Der T921 wird in der umgekehrten Version als Rolle (T921\/r) mit einem 1\u2033 doppelkammer-kunststoffkern hergestellt, der sowohl mit ATG-Universalspendern als auch mit dem exklusiven ATG900 applikator von SL verwendet werden kann, der eine schnelle und saubere applikation gew\u00e4hrleistet.<\/p>\n<p>Zus\u00e4tzlich zum standardkern ist ein innovatives und alternatives lochkammersystem (Pcore) f\u00fcr 6 mm dicke rollen erh\u00e4ltlich, das mit einfachen adaptern, die mit dem ATG900 spender geliefert werden, angebracht werden kann. Das 6 mm farbband mit perforiertem kern (T921P\/r) sitzt auf dem adapter, der bequem im getriebe des ATG900 applikators untergebracht ist.<\/p>\n<\/div>\n<div>\n<p><em>Technische merkmale:<\/em><\/p>\n<p>Dicke: 30 \u00b5 (0.03 mm)<br \/>\nSchutzfolie: wei\u00dfes disilikonisiertes papier 67 gr\/m2<br \/>\nUnterst\u00fctzung: ohne unterst\u00fctzung<br \/>\nKlebstoff: L\u00f6sungsmittel-Acrylat abl\u00f6sbar<\/p>\n<\/div>\n<p><em>Lieferbar in den gr\u00f6\u00dfen:<\/em><\/p>\n<p>Walzen mit standard-doppelkammerkern<\/p>\n<p>6 mm x 50 m<br \/>\n9 mm x 50 m<br \/>\n12 mm x 50 m<br \/>\n19 mm x 50 m<\/p>\n<p>Rollen mit perforiertem kern Pcore<\/p>\n<p>6 mm x 50 m<\/p>\n<p>Marca: SL Adhesive &amp; Safety<\/p>\n","protected":false},"excerpt":{"rendered":"<div class=\"product-short-description\">\n<p>T921 ist ein transferband mit abl\u00f6sbarem klebstoff mit einer Dicke von 0.03 mm. Spezialklebeband ohne tr\u00e4germaterial, bestehend aus einer acrylat-klebemasse, die sich leicht und r\u00fcckstandsfrei entfernen l\u00e4sst. Schutzfolie aus wei\u00dfem bisilikonpapier.<br \/>\nanwendbar mit ATG900 dispenser.<\/p>\n<\/div>\n","protected":false},"featured_media":1517,"template":"","meta":[],"product_brand":[],"product_cat":[219],"product_tag":[473,488,478,483],"class_list":{"0":"post-2384","1":"product","2":"type-product","3":"status-publish","4":"has-post-thumbnail","6":"product_cat-nastri-biadesivi-de","7":"product_tag-abloesbarer-klebstoff","8":"product_tag-doppelseitiges-klebeband-fuer-die-montage","9":"product_tag-einsetzbar-mit-atg900-dispenser","10":"product_tag-grafik","12":"first","13":"instock","14":"featured","15":"taxable","16":"shipping-taxable","17":"purchasable","18":"product-type-variable"},"_links":{"self":[{"href":"https:\/\/shop.s-line.it\/de\/wp-json\/wp\/v2\/product\/2384","targetHints":{"allow":["GET"]}}],"collection":[{"href":"https:\/\/shop.s-line.it\/de\/wp-json\/wp\/v2\/product"}],"about":[{"href":"https:\/\/shop.s-line.it\/de\/wp-json\/wp\/v2\/types\/product"}],"wp:featuredmedia":[{"embeddable":true,"href":"https:\/\/shop.s-line.it\/de\/wp-json\/wp\/v2\/media\/1517"}],"wp:attachment":[{"href":"https:\/\/shop.s-line.it\/de\/wp-json\/wp\/v2\/media?parent=2384"}],"wp:term":[{"taxonomy":"product_brand","embeddable":true,"href":"https:\/\/shop.s-line.it\/de\/wp-json\/wp\/v2\/product_brand?post=2384"},{"taxonomy":"product_cat","embeddable":true,"href":"https:\/\/shop.s-line.it\/de\/wp-json\/wp\/v2\/product_cat?post=2384"},{"taxonomy":"product_tag","embeddable":true,"href":"https:\/\/shop.s-line.it\/de\/wp-json\/wp\/v2\/product_tag?post=2384"}],"curies":[{"name":"wp","href":"https:\/\/api.w.org\/{rel}","templated":true}]}}