{"id":2390,"date":"2021-05-11T16:45:02","date_gmt":"2021-05-28T13:30:22","guid":{"rendered":"https:\/\/shop.s-line.it\/prodotto\/tack-it-nachfuellpackungen\/"},"modified":"2022-01-28T11:08:36","modified_gmt":"2022-01-28T10:08:36","slug":"tack-it-rotoli-ricariche-ciapa","status":"publish","type":"product","link":"https:\/\/shop.s-line.it\/de\/prodotto\/tack-it-rotoli-ricariche-ciapa\/","title":{"rendered":"Tack-it Nachf\u00fcllpackungen"},"content":{"rendered":"<p><strong>TACK-IT ROLLEN NACHF\u00dcLLUNGEN<\/strong><br \/>\n<strong>AUFSTECKBAR UND ABNEHMBAR<\/strong><\/p>\n<p>Beschreibbares, abl\u00f6sbares und repositionierbares farbiges Papierklebeband. Wenn die im Spender mitgelieferte Rolle aufgebraucht ist, kann sie mit den Nachf\u00fcllpackungen, die je nach verwendetem Applikator in verschiedenen Farben und Formaten erh\u00e4ltlich sind, wieder eingesetzt werden.<\/p>\n<p>Ausgestattet mit einem abl\u00f6sbaren Klebstoff sehr hartn\u00e4ckig, gilt f\u00fcr jede Oberfl\u00e4che (Papier, Kunststoff, Metall, Holz, etc. &#8230;) und erm\u00f6glicht es Ihnen, Notizen in verschiedenen Gr\u00f6\u00dfen zu erstellen, die Vermeidung von unn\u00f6tigen Abfall. Die vollfl\u00e4chig klebende Oberfl\u00e4che sorgt f\u00fcr eine hervorragende Haftung, ein leichtes Entfernen ohne R\u00fcckst\u00e4nde und die M\u00f6glichkeit, das gew\u00fcnschte Teil mehrmals anzubringen und wieder abzul\u00f6sen, ohne dass es seine Klebekraft verliert.<\/p>\n<div>\n<p><em>Technische Merkmale:<\/em><\/p>\n<p>Dicke: 100 \u00b5 (0,10 mm)<br \/>\nKlebstoff: abl\u00f6sbares Acryl auf Wasserbasis<\/p>\n<hr \/>\n<p><em>Tack-it-Rollengr\u00f6\u00dfe: 60 mm x 10 m<\/em><\/p>\n<p><em>Verf\u00fcgbare Farben: gelb pastell, hellblau pastell, gr\u00fcn pastell, rosa pastell, neongelb, neonorange, neongr\u00fcn, neonfuchsia<\/em><\/p>\n<hr \/>\n<p><em>Tack-it Note Rollengr\u00f6\u00dfe:60 mm x 10 m<\/em><\/p>\n<p><em>Verf\u00fcgbare Farben: gelb pastell, hellblau pastell, gr\u00fcn pastell, rosa pastell, neongelb, neonorange, neongr\u00fcn, neonfuchsia<\/em><\/p>\n<hr \/>\n<p><em>Tack-it Car Rollengr\u00f6\u00dfe: 45 mm x 10 m<\/em><\/p>\n<p><em>Verf\u00fcgbare Farben: pastellgelb<\/em><\/p>\n<hr \/>\n<p>Marca: SL Adhesive &amp; Safety<\/p>\n<\/div>\n","protected":false},"excerpt":{"rendered":"<p>Beschreibbares, abl\u00f6sbares und repositionierbares farbiges Papierklebeband. Wenn die im Spender mitgelieferte Rolle aufgebraucht ist, kann sie mit den Nachf\u00fcllpackungen, die je nach verwendetem Applikator in verschiedenen Farben und Formaten erh\u00e4ltlich sind, wieder eingesetzt werden.<\/p>\n<p>Ausgestattet mit einem abl\u00f6sbaren Klebstoff sehr hartn\u00e4ckig, gilt f\u00fcr jede Oberfl\u00e4che (Papier, Kunststoff, Metall, Holz, etc. &#8230;) und erm\u00f6glicht es Ihnen, Notizen in verschiedenen Gr\u00f6\u00dfen zu erstellen, die Vermeidung von unn\u00f6tigen Abfall. Die vollfl\u00e4chig klebende Oberfl\u00e4che sorgt f\u00fcr eine hervorragende Haftung, ein leichtes Entfernen ohne R\u00fcckst\u00e4nde und die M\u00f6glichkeit, das gew\u00fcnschte Teil mehrmals anzubringen und wieder abzul\u00f6sen, ohne dass es seine Klebekraft verliert.<\/p>\n","protected":false},"featured_media":10735,"template":"","meta":[],"product_brand":[],"product_cat":[229],"product_tag":[473,668,670,669,497],"class_list":{"0":"post-2390","1":"product","2":"type-product","3":"status-publish","4":"has-post-thumbnail","6":"product_cat-nastri-ufficio-de","7":"product_tag-abloesbarer-klebstoff","8":"product_tag-beschreibbares-klebeband","9":"product_tag-buro","10":"product_tag-schule","11":"product_tag-startseite","13":"first","14":"instock","15":"featured","16":"taxable","17":"shipping-taxable","18":"purchasable","19":"product-type-variable"},"_links":{"self":[{"href":"https:\/\/shop.s-line.it\/de\/wp-json\/wp\/v2\/product\/2390","targetHints":{"allow":["GET"]}}],"collection":[{"href":"https:\/\/shop.s-line.it\/de\/wp-json\/wp\/v2\/product"}],"about":[{"href":"https:\/\/shop.s-line.it\/de\/wp-json\/wp\/v2\/types\/product"}],"wp:featuredmedia":[{"embeddable":true,"href":"https:\/\/shop.s-line.it\/de\/wp-json\/wp\/v2\/media\/10735"}],"wp:attachment":[{"href":"https:\/\/shop.s-line.it\/de\/wp-json\/wp\/v2\/media?parent=2390"}],"wp:term":[{"taxonomy":"product_brand","embeddable":true,"href":"https:\/\/shop.s-line.it\/de\/wp-json\/wp\/v2\/product_brand?post=2390"},{"taxonomy":"product_cat","embeddable":true,"href":"https:\/\/shop.s-line.it\/de\/wp-json\/wp\/v2\/product_cat?post=2390"},{"taxonomy":"product_tag","embeddable":true,"href":"https:\/\/shop.s-line.it\/de\/wp-json\/wp\/v2\/product_tag?post=2390"}],"curies":[{"name":"wp","href":"https:\/\/api.w.org\/{rel}","templated":true}]}}