{"id":2477,"date":"2014-08-09T21:11:51","date_gmt":"2021-05-31T12:18:44","guid":{"rendered":"https:\/\/shop.s-line.it\/prodotto\/aft100-transparenter-acrylschaum\/"},"modified":"2022-01-28T10:57:28","modified_gmt":"2022-01-28T09:57:28","slug":"fluro-big-pullover-designers-remix-2","status":"publish","type":"product","link":"https:\/\/shop.s-line.it\/de\/prodotto\/fluro-big-pullover-designers-remix-2\/","title":{"rendered":"AFT100 Transparenter Acrylschaum"},"content":{"rendered":"<p><strong>AFT100 Transparenter Acrylschaum<\/strong><\/p>\n<p>Transparenter Acrylschaum, l\u00f6sungsmittelhaltiger Acrylklebstoff, roter Kunststoff-Liner. Hochleistungsf\u00e4hige viskoelastische Acrylat-Klebemasse. Produkt mit sehr hoher Klebekraft, das f\u00fcr hohe Belastungen ausgelegt ist und Schrauben und Nieten in vielen industriellen Prozessen ersetzen kann. Ausgezeichnete Best\u00e4ndigkeit gegen Weichmacher, \u00d6le, L\u00f6sungsmittel, Reinigungsmittel, Feuchtigkeit und UV-Strahlen.<\/p>\n<div>\n<div>\n<p><em>Technische Eigenschaften AFT100:<\/em><\/p>\n<p>Dicke: 1,00 mm<br \/>\nSchutzfolie: rote PE-Folie<br \/>\nTr\u00e4ger: transparenter Acrylkleber viskoelastische Masse<br \/>\nKlebstoff: hochleistungsf\u00e4higes L\u00f6sungsmittelacrylat<\/p>\n<p><em>Verf\u00fcgbare Rollengr\u00f6\u00dfen:<\/em><\/p>\n<p>19 mm x 5 m<br \/>\n25 mm x 5 m<\/p>\n<p>Marke: SL Adhesive &amp; Safety<\/p>\n","protected":false},"excerpt":{"rendered":"<p>Transparenter Acrylschaum, l\u00f6sungsmittelhaltiger Acrylklebstoff, roter Kunststoff-Liner. Hochleistungsf\u00e4hige viskoelastische Acrylat-Klebemasse. Produkt mit sehr hoher Klebekraft, das f\u00fcr hohe Belastungen ausgelegt ist und Schrauben und Nieten in vielen industriellen Prozessen ersetzen kann. Ausgezeichnete Best\u00e4ndigkeit gegen Weichmacher, \u00d6le, L\u00f6sungsmittel, Reinigungsmittel, Feuchtigkeit und UV-Strahlen.<\/p>\n","protected":false},"featured_media":1282,"template":"","meta":[],"product_brand":[],"product_cat":[531,219],"product_tag":[469,488,698,493,511,699],"class_list":{"0":"post-2477","1":"product","2":"type-product","3":"status-publish","4":"has-post-thumbnail","6":"product_cat-acryl-schaumstoffe","7":"product_cat-nastri-biadesivi-de","8":"product_tag-acrylat-kleber","9":"product_tag-doppelseitiges-klebeband-fuer-die-montage","10":"product_tag-interne-verwendung","11":"product_tag-schwere-lasten","12":"product_tag-starker-griff","13":"product_tag-verwendung-im-freien","15":"first","16":"instock","17":"featured","18":"taxable","19":"shipping-taxable","20":"purchasable","21":"product-type-variable"},"_links":{"self":[{"href":"https:\/\/shop.s-line.it\/de\/wp-json\/wp\/v2\/product\/2477","targetHints":{"allow":["GET"]}}],"collection":[{"href":"https:\/\/shop.s-line.it\/de\/wp-json\/wp\/v2\/product"}],"about":[{"href":"https:\/\/shop.s-line.it\/de\/wp-json\/wp\/v2\/types\/product"}],"wp:featuredmedia":[{"embeddable":true,"href":"https:\/\/shop.s-line.it\/de\/wp-json\/wp\/v2\/media\/1282"}],"wp:attachment":[{"href":"https:\/\/shop.s-line.it\/de\/wp-json\/wp\/v2\/media?parent=2477"}],"wp:term":[{"taxonomy":"product_brand","embeddable":true,"href":"https:\/\/shop.s-line.it\/de\/wp-json\/wp\/v2\/product_brand?post=2477"},{"taxonomy":"product_cat","embeddable":true,"href":"https:\/\/shop.s-line.it\/de\/wp-json\/wp\/v2\/product_cat?post=2477"},{"taxonomy":"product_tag","embeddable":true,"href":"https:\/\/shop.s-line.it\/de\/wp-json\/wp\/v2\/product_tag?post=2477"}],"curies":[{"name":"wp","href":"https:\/\/api.w.org\/{rel}","templated":true}]}}