{"id":2480,"date":"2013-08-10T10:26:25","date_gmt":"2021-05-31T12:21:38","guid":{"rendered":"https:\/\/shop.s-line.it\/prodotto\/f819-f832-doppelseitig-klebende-schaumstoffe-weiss\/"},"modified":"2022-01-28T10:57:31","modified_gmt":"2022-01-28T09:57:31","slug":"schiuma-biadesiva-bianca-2","status":"publish","type":"product","link":"https:\/\/shop.s-line.it\/de\/prodotto\/schiuma-biadesiva-bianca-2\/","title":{"rendered":"F819 &#8211; F832 Doppelseitig klebende Schaumstoffe wei\u00df"},"content":{"rendered":"<p><strong>F819 &#8211; F832 Doppelseitig klebende Schaumstoffe wei\u00df<\/strong><\/p>\n<p>Wei\u00dfe, doppelseitige, geschlossenzellige PE-Schaumstoffe, Dicke 0,80 mm (F819) und 2,00 mm (F832), L\u00f6sungsmittel-Acrylatkleber, wei\u00dfes disilikonisiertes Tr\u00e4gerpapier. Gute Best\u00e4ndigkeit gegen Weichmacher, \u00d6le, L\u00f6sungsmittel und UV-Strahlen.<\/p>\n<div>\n<p><em>Technische Eigenschaften F819:<\/em><\/p>\n<p>Dicke: 0,80 mm<br \/>\nSchutzfolie: wei\u00dfes, bisilikonbeschichtetes Papier 110 gr\/m2<br \/>\nUnterlage: wei\u00dfer Polyethylenschaum<br \/>\nDichte: 100 kg\/m3<br \/>\nKlebstoff: L\u00f6sungsmittel-Acrylat<\/p>\n<p><em>Verf\u00fcgbare Rollengr\u00f6\u00dfen:<\/em><\/p>\n<p>19 mm x 10 m<br \/>\n25 mm x 10 m<\/p>\n<p>Marke: SL Adhesive &amp; Safety<\/p>\n<hr>\n<p><em>Technische Eigenschaften F832:<\/em><\/p>\n<p>Dicke: 2,00 mm<br \/>\nSchutzfolie: wei\u00dfes, bisilikonbeschichtetes Papier 110 gr\/m2<br \/>\nHinterlegung: wei\u00dfer PE-Schaum<br \/>\nDichte: 67 kg\/m3<br \/>\nKlebstoff: L\u00f6sungsmittel-Acrylat<\/p>\n<p><em>Verf\u00fcgbare Rollengr\u00f6\u00dfen:<\/em><\/p>\n<p>19 mm x 5 m<br \/>\n25 mm x 5 m<\/p>\n<p>Marke: SL Adhesive &amp; Safety<\/p>\n<\/div>\n","protected":false},"excerpt":{"rendered":"<p>Wei\u00dfe, doppelseitige, geschlossenzellige PE-Schaumstoffe, Dicke 0,80 mm (F819) und 2,00 mm (F832), L\u00f6sungsmittel-Acrylatkleber, wei\u00dfes disilikonisiertes Tr\u00e4gerpapier. Gute Best\u00e4ndigkeit gegen Weichmacher, \u00d6le, L\u00f6sungsmittel und UV-Strahlen.<\/p>\n","protected":false},"featured_media":1292,"template":"","meta":[],"product_brand":[],"product_cat":[526,219],"product_tag":[469,488,698],"class_list":{"0":"post-2480","1":"product","2":"type-product","3":"status-publish","4":"has-post-thumbnail","6":"product_cat-doppelseitige-pe-schaeume","7":"product_cat-nastri-biadesivi-de","8":"product_tag-acrylat-kleber","9":"product_tag-doppelseitiges-klebeband-fuer-die-montage","10":"product_tag-interne-verwendung","12":"first","13":"instock","14":"taxable","15":"shipping-taxable","16":"purchasable","17":"product-type-variable"},"_links":{"self":[{"href":"https:\/\/shop.s-line.it\/de\/wp-json\/wp\/v2\/product\/2480","targetHints":{"allow":["GET"]}}],"collection":[{"href":"https:\/\/shop.s-line.it\/de\/wp-json\/wp\/v2\/product"}],"about":[{"href":"https:\/\/shop.s-line.it\/de\/wp-json\/wp\/v2\/types\/product"}],"wp:featuredmedia":[{"embeddable":true,"href":"https:\/\/shop.s-line.it\/de\/wp-json\/wp\/v2\/media\/1292"}],"wp:attachment":[{"href":"https:\/\/shop.s-line.it\/de\/wp-json\/wp\/v2\/media?parent=2480"}],"wp:term":[{"taxonomy":"product_brand","embeddable":true,"href":"https:\/\/shop.s-line.it\/de\/wp-json\/wp\/v2\/product_brand?post=2480"},{"taxonomy":"product_cat","embeddable":true,"href":"https:\/\/shop.s-line.it\/de\/wp-json\/wp\/v2\/product_cat?post=2480"},{"taxonomy":"product_tag","embeddable":true,"href":"https:\/\/shop.s-line.it\/de\/wp-json\/wp\/v2\/product_tag?post=2480"}],"curies":[{"name":"wp","href":"https:\/\/api.w.org\/{rel}","templated":true}]}}