{"id":2485,"date":"2013-08-10T10:09:03","date_gmt":"2021-05-31T12:22:11","guid":{"rendered":"https:\/\/shop.s-line.it\/prodotto\/s969-doppelseitiges-transparentes-polyesterband\/"},"modified":"2022-06-22T15:30:52","modified_gmt":"2022-06-22T13:30:52","slug":"nastro-biadesivo-trasparente-in-poliestere-2","status":"publish","type":"product","link":"https:\/\/shop.s-line.it\/de\/prodotto\/nastro-biadesivo-trasparente-in-poliestere-2\/","title":{"rendered":"S969 Doppelseitiges transparentes Polyesterband"},"content":{"rendered":"<p><strong>S969 Doppelseitiges transparentes Polyesterband<\/strong><\/p>\n<p>Transparentes doppelseitiges Polyesterklebeband mit sehr hoher Klebkraft, Dicke 0,20 mm, modifizierter Solvent-Acrylat-Klebstoff, roter Polypropylen-Liner. Der spezielle l\u00f6sungsmittelmodifizierte Acrylatkleber garantiert maximale Best\u00e4ndigkeit gegen Weichmacher und UV-Strahlen.<\/p>\n<div>\n<p><em>Technische Merkmale:<\/em><\/p>\n<p>Dicke: 200 \u00b5 (0,20 mm)<br \/>\nSchutzauskleidung: rotes Polypropylen<br \/>\nUnterlage: Polyester<br \/>\nKlebstoff: modifiziertes L\u00f6sungsmittelacrylat<\/p>\n<p><em>Verf\u00fcgbare Rollengr\u00f6\u00dfen:<\/em><\/p>\n<p>19 mm x 10 m<br \/>\n19 mm x 50 m<br \/>\n25 mm x 10 m<br \/>\n25 mm x 50 m<\/p>\n<p>Marke: SL Adhesive &amp; Safety<\/p>\n<\/div>\n","protected":false},"excerpt":{"rendered":"<p>Transparentes doppelseitiges Polyesterklebeband mit sehr hoher Klebkraft, Dicke 0,20 mm, modifizierter Solvent-Acrylat-Klebstoff, roter Polypropylen-Liner. Der spezielle l\u00f6sungsmittelmodifizierte Acrylatkleber garantiert maximale Best\u00e4ndigkeit gegen Weichmacher und UV-Strahlen.<\/p>\n","protected":false},"featured_media":1327,"template":"","meta":[],"product_brand":[],"product_cat":[219,541],"product_tag":[469,488,698,511,699],"class_list":{"0":"post-2485","1":"product","2":"type-product","3":"status-publish","4":"has-post-thumbnail","6":"product_cat-nastri-biadesivi-de","7":"product_cat-doppelseitiges-tnt-band","8":"product_tag-acrylat-kleber","9":"product_tag-doppelseitiges-klebeband-fuer-die-montage","10":"product_tag-interne-verwendung","11":"product_tag-starker-griff","12":"product_tag-verwendung-im-freien","14":"first","15":"instock","16":"taxable","17":"shipping-taxable","18":"purchasable","19":"product-type-variable"},"_links":{"self":[{"href":"https:\/\/shop.s-line.it\/de\/wp-json\/wp\/v2\/product\/2485","targetHints":{"allow":["GET"]}}],"collection":[{"href":"https:\/\/shop.s-line.it\/de\/wp-json\/wp\/v2\/product"}],"about":[{"href":"https:\/\/shop.s-line.it\/de\/wp-json\/wp\/v2\/types\/product"}],"wp:featuredmedia":[{"embeddable":true,"href":"https:\/\/shop.s-line.it\/de\/wp-json\/wp\/v2\/media\/1327"}],"wp:attachment":[{"href":"https:\/\/shop.s-line.it\/de\/wp-json\/wp\/v2\/media?parent=2485"}],"wp:term":[{"taxonomy":"product_brand","embeddable":true,"href":"https:\/\/shop.s-line.it\/de\/wp-json\/wp\/v2\/product_brand?post=2485"},{"taxonomy":"product_cat","embeddable":true,"href":"https:\/\/shop.s-line.it\/de\/wp-json\/wp\/v2\/product_cat?post=2485"},{"taxonomy":"product_tag","embeddable":true,"href":"https:\/\/shop.s-line.it\/de\/wp-json\/wp\/v2\/product_tag?post=2485"}],"curies":[{"name":"wp","href":"https:\/\/api.w.org\/{rel}","templated":true}]}}