{"id":2488,"date":"2013-08-10T09:30:18","date_gmt":"2021-05-31T12:23:54","guid":{"rendered":"https:\/\/shop.s-line.it\/prodotto\/s979-doppelseitiges-pvc-band-weiss\/"},"modified":"2022-06-22T16:35:39","modified_gmt":"2022-06-22T14:35:39","slug":"nastro-biadesivo-tessuto-non-tessuto-2","status":"publish","type":"product","link":"https:\/\/shop.s-line.it\/de\/prodotto\/nastro-biadesivo-tessuto-non-tessuto-2\/","title":{"rendered":"S979 Doppelseitiges PVC-Band wei\u00df"},"content":{"rendered":"<p><strong>S979 Doppelseitig klebendes wei\u00dfes PVC-Band<\/strong><\/p>\n<p>Doppelseitiges Klebeband mit wei\u00dfem PVC-Tr\u00e4ger, Dicke 0,22 mm, modifizierter Solvent-Acrylat-Klebstoff, braune, bisilikonisierte Papierabdeckung. Ausgezeichnete Best\u00e4ndigkeit gegen Weichmacher und UV-Strahlen.<\/p>\n<div>\n<p><em>Technische Merkmale:<\/em><\/p>\n<p>Dicke: 220 \u00b5 (0,22 mm)<br \/>\nSchutzfolie: havannafarbenes, bisilikoniertes Papier 110 gr\/m2<br \/>\nTr\u00e4ger: wei\u00dfes Polyvinylchlorid<br \/>\nKlebstoff: modifiziertes L\u00f6sungsmittelacrylat<\/p>\n<p><em>Verf\u00fcgbare Rollengr\u00f6\u00dfen:<\/em><\/p>\n<p>19 mm x 10 m<br \/>\n19 mm x 50 m<br \/>\n25 mm x 10 m<br \/>\n25 mm x 50 m<\/p>\n<p>Marke: SL Adhesive &amp; Safety<\/p>\n<\/div>\n","protected":false},"excerpt":{"rendered":"<p>Doppelseitiges Klebeband mit wei\u00dfem PVC-Tr\u00e4ger, Dicke 0,22 mm, modifizierter Solvent-Acrylat-Klebstoff, braune, bisilikonisierte Papierabdeckung. Ausgezeichnete Best\u00e4ndigkeit gegen Weichmacher und UV-Strahlen.<\/p>\n","protected":false},"featured_media":1507,"template":"","meta":[],"product_brand":[],"product_cat":[219,546],"product_tag":[469,488,698,511],"class_list":{"0":"post-2488","1":"product","2":"type-product","3":"status-publish","4":"has-post-thumbnail","6":"product_cat-nastri-biadesivi-de","7":"product_cat-doppelseitiges-klebeband-andere-materialien","8":"product_tag-acrylat-kleber","9":"product_tag-doppelseitiges-klebeband-fuer-die-montage","10":"product_tag-interne-verwendung","11":"product_tag-starker-griff","13":"first","14":"instock","15":"taxable","16":"shipping-taxable","17":"purchasable","18":"product-type-variable"},"_links":{"self":[{"href":"https:\/\/shop.s-line.it\/de\/wp-json\/wp\/v2\/product\/2488","targetHints":{"allow":["GET"]}}],"collection":[{"href":"https:\/\/shop.s-line.it\/de\/wp-json\/wp\/v2\/product"}],"about":[{"href":"https:\/\/shop.s-line.it\/de\/wp-json\/wp\/v2\/types\/product"}],"wp:featuredmedia":[{"embeddable":true,"href":"https:\/\/shop.s-line.it\/de\/wp-json\/wp\/v2\/media\/1507"}],"wp:attachment":[{"href":"https:\/\/shop.s-line.it\/de\/wp-json\/wp\/v2\/media?parent=2488"}],"wp:term":[{"taxonomy":"product_brand","embeddable":true,"href":"https:\/\/shop.s-line.it\/de\/wp-json\/wp\/v2\/product_brand?post=2488"},{"taxonomy":"product_cat","embeddable":true,"href":"https:\/\/shop.s-line.it\/de\/wp-json\/wp\/v2\/product_cat?post=2488"},{"taxonomy":"product_tag","embeddable":true,"href":"https:\/\/shop.s-line.it\/de\/wp-json\/wp\/v2\/product_tag?post=2488"}],"curies":[{"name":"wp","href":"https:\/\/api.w.org\/{rel}","templated":true}]}}