{"id":2491,"date":"2013-08-09T22:28:47","date_gmt":"2021-05-31T12:25:48","guid":{"rendered":"https:\/\/shop.s-line.it\/prodotto\/rutschfest-koernung-60\/"},"modified":"2024-03-04T10:58:35","modified_gmt":"2024-03-04T09:58:35","slug":"antislip","status":"publish","type":"product","link":"https:\/\/shop.s-line.it\/de\/prodotto\/antislip\/","title":{"rendered":"Antislip 60 grit"},"content":{"rendered":"<p><strong>ANTIRUTSCH 60 GRIT K\u00d6RNUNG<\/strong><\/p>\n<p>PVC-Band, beschichtet mit feinem Korund-Mineralgranulat\u00a0(60 grit), mit Acrylkleber in L\u00f6sungsmittel. Produkt f\u00fcr Standardanwendungen, zertifiziert R13 nach UNI EN 16165:2021 und DIN EN 16165:2023-02 (d.h. h\u00f6chste Sicherheit und h\u00f6chstm\u00f6gliche Rutschhemmung). Ausgezeichnete Best\u00e4ndigkeit gegen Trampeln, Witterungseinfl\u00fcsse, UV-Strahlen, \u00d6le, Reinigungs- und L\u00f6sungsmittel.<\/p>\n<div>\n<p><em>Technische Merkmale:<\/em><\/p>\n<p>Dicke: 60 grit<br \/>\nSchutzfolie: wei\u00dfes Mono-Silikonpapier<br \/>\nUnterlage: Korund-Schleifpartikel<br \/>\nKlebstoff: modifiziertes L\u00f6sungsmittelacrylat<\/p>\n<p><em>Verf\u00fcgbare Farben: Schwarz, Wei\u00df, Gelb, Transparent, Blau, Rot, Braun, Grau, Wei\u00df\/Rot, Gelb\/Schwarz<\/em><\/p>\n<p><em>Verf\u00fcgbare\u00a0<\/em><i>Rollen gr\u00f6\u00dfen:<\/i><\/p>\n<p>19 mm x 18 m<br \/>\n25 mm x 18 m<br \/>\n50 mm x 18 m<br \/>\n100 mm x 18 m<\/p>\n<p>Marke: SL Adhesive &amp; Safety<\/p>\n<\/div>\n","protected":false},"excerpt":{"rendered":"<p>PVC-Band, beschichtet mit feinem Korund-Mineralgranulat (60 grit), mit Acrylkleber in L\u00f6sungsmittel.<\/p>\n<p>Produkt f\u00fcr Standardanwendungen, zertifiziert R13 nach UNI EN 16165:2021 und DIN EN 16165:2023-02  (d.h. h\u00f6chste Sicherheit und h\u00f6chstm\u00f6gliche Rutschhemmung).<\/p>\n<p>Ausgezeichnete Best\u00e4ndigkeit gegen Trampeln, Witterungseinfl\u00fcsse, UV-Strahlen, \u00d6le, Reinigungs- und L\u00f6sungsmittel.<\/p>\n","protected":false},"featured_media":1237,"template":"","meta":[],"product_brand":[],"product_cat":[705,226],"product_tag":[469,698,699,710],"class_list":{"0":"post-2491","1":"product","2":"type-product","3":"status-publish","4":"has-post-thumbnail","6":"product_cat-anti-rutsch-bander","7":"product_cat-nastri-sicurezza-de","8":"product_tag-acrylat-kleber","9":"product_tag-interne-verwendung","10":"product_tag-verwendung-im-freien","11":"product_tag-zertifiziertes-produkt","13":"first","14":"instock","15":"featured","16":"taxable","17":"shipping-taxable","18":"purchasable","19":"product-type-variable"},"_links":{"self":[{"href":"https:\/\/shop.s-line.it\/de\/wp-json\/wp\/v2\/product\/2491","targetHints":{"allow":["GET"]}}],"collection":[{"href":"https:\/\/shop.s-line.it\/de\/wp-json\/wp\/v2\/product"}],"about":[{"href":"https:\/\/shop.s-line.it\/de\/wp-json\/wp\/v2\/types\/product"}],"wp:featuredmedia":[{"embeddable":true,"href":"https:\/\/shop.s-line.it\/de\/wp-json\/wp\/v2\/media\/1237"}],"wp:attachment":[{"href":"https:\/\/shop.s-line.it\/de\/wp-json\/wp\/v2\/media?parent=2491"}],"wp:term":[{"taxonomy":"product_brand","embeddable":true,"href":"https:\/\/shop.s-line.it\/de\/wp-json\/wp\/v2\/product_brand?post=2491"},{"taxonomy":"product_cat","embeddable":true,"href":"https:\/\/shop.s-line.it\/de\/wp-json\/wp\/v2\/product_cat?post=2491"},{"taxonomy":"product_tag","embeddable":true,"href":"https:\/\/shop.s-line.it\/de\/wp-json\/wp\/v2\/product_tag?post=2491"}],"curies":[{"name":"wp","href":"https:\/\/api.w.org\/{rel}","templated":true}]}}