{"id":2532,"date":"2013-08-09T21:58:02","date_gmt":"2021-05-31T12:26:58","guid":{"rendered":"https:\/\/shop.s-line.it\/prodotto\/resilient-60-rutschfestes-vinylband\/"},"modified":"2022-01-28T10:58:23","modified_gmt":"2022-01-28T09:58:23","slug":"resilient-60","status":"publish","type":"product","link":"https:\/\/shop.s-line.it\/de\/prodotto\/resilient-60\/","title":{"rendered":"Resilient 60 Rutschfestes Vinylband"},"content":{"rendered":"<p><strong>RESILIENT 60<\/strong><br \/>\n<strong>Anti-Rutsch-Vinylband<\/strong><\/p>\n<p>Klebeband f\u00fcr den Innenbereich, bestehend aus einer rutschfesten Vinyl-Kunststofffolie der K\u00f6rnung 60, die mit einem modifizierten L\u00f6sungsmittel-Acrylatkleber auf einen Polyestertr\u00e4ger laminiert ist.<\/p>\n<div>\n<p><em>Technische Merkmale:<\/em><\/p>\n<p>Dicke: K\u00f6rnung 60<br \/>\nSchutzfolie: wei\u00dfes Mono-Silikonpapier<br \/>\nTr\u00e4ger: gepr\u00e4gte Vinylfolie<br \/>\nKlebstoff: modifiziertes L\u00f6sungsmittelacrylat<\/p>\n<p><em>Verf\u00fcgbare Farben: Schwarz, Wei\u00df, Transparent, Grau<\/em><\/p>\n<p><em>Verf\u00fcgbare<\/em><i>Rollengr\u00f6\u00dfen:<\/i><\/p>\n<p>19 mm x 18 m<br \/>\n25 mm x 18 m<br \/>\n50 mm x 18 m<br \/>\n100 mm x 18 m<\/p>\n<p>Marke: SL Adhesive &amp; Safety<\/p>\n<\/div>\n","protected":false},"excerpt":{"rendered":"<p>Klebeband f\u00fcr den Innenbereich, bestehend aus einer rutschfesten Vinyl-Kunststofffolie der K\u00f6rnung 60, die mit einem modifizierten L\u00f6sungsmittel-Acrylatkleber auf einen Polyestertr\u00e4ger laminiert ist.<\/p>\n","protected":false},"featured_media":1317,"template":"","meta":[],"product_brand":[],"product_cat":[705,226],"product_tag":[469,698],"class_list":{"0":"post-2532","1":"product","2":"type-product","3":"status-publish","4":"has-post-thumbnail","6":"product_cat-anti-rutsch-bander","7":"product_cat-nastri-sicurezza-de","8":"product_tag-acrylat-kleber","9":"product_tag-interne-verwendung","11":"first","12":"instock","13":"taxable","14":"shipping-taxable","15":"purchasable","16":"product-type-variable"},"_links":{"self":[{"href":"https:\/\/shop.s-line.it\/de\/wp-json\/wp\/v2\/product\/2532","targetHints":{"allow":["GET"]}}],"collection":[{"href":"https:\/\/shop.s-line.it\/de\/wp-json\/wp\/v2\/product"}],"about":[{"href":"https:\/\/shop.s-line.it\/de\/wp-json\/wp\/v2\/types\/product"}],"wp:featuredmedia":[{"embeddable":true,"href":"https:\/\/shop.s-line.it\/de\/wp-json\/wp\/v2\/media\/1317"}],"wp:attachment":[{"href":"https:\/\/shop.s-line.it\/de\/wp-json\/wp\/v2\/media?parent=2532"}],"wp:term":[{"taxonomy":"product_brand","embeddable":true,"href":"https:\/\/shop.s-line.it\/de\/wp-json\/wp\/v2\/product_brand?post=2532"},{"taxonomy":"product_cat","embeddable":true,"href":"https:\/\/shop.s-line.it\/de\/wp-json\/wp\/v2\/product_cat?post=2532"},{"taxonomy":"product_tag","embeddable":true,"href":"https:\/\/shop.s-line.it\/de\/wp-json\/wp\/v2\/product_tag?post=2532"}],"curies":[{"name":"wp","href":"https:\/\/api.w.org\/{rel}","templated":true}]}}