{"id":2549,"date":"2021-04-27T16:15:04","date_gmt":"2021-05-31T12:28:29","guid":{"rendered":"https:\/\/shop.s-line.it\/prodotto\/markierungsband\/"},"modified":"2022-01-28T10:58:28","modified_gmt":"2022-01-28T09:58:28","slug":"marking-tape-2","status":"publish","type":"product","link":"https:\/\/shop.s-line.it\/de\/prodotto\/marking-tape-2\/","title":{"rendered":"Markierungsband"},"content":{"rendered":"<p><b>MARKIERBAND<\/b><br \/>\n<strong>selbstklebendes Markierungsband<\/strong><\/p>\n<p>Einseitiges, 0,15 mm dickes PVC-Band mit Klebstoff auf Gummibasis. Es haftet auf jeder Art von trockener und sauberer Oberfl\u00e4che und hat eine ausgezeichnete Best\u00e4ndigkeit gegen Abnutzung, Feuchtigkeit, Trampling und L\u00f6sungsmittel.<\/p>\n<div>\n<p><em>Technische Merkmale:<\/em><\/p>\n<p>Dicke: 150 \u00b5 (0,15 mm)<br \/>\nUnterlage: Polyvinylchlorid<br \/>\nKleber: Gummibasis<\/p>\n<p><em>Verf\u00fcgbare Farben: Schwarz, Wei\u00df, Gelb, Blau, Rot, Orange, Gr\u00fcn, Wei\u00df\/Rot, Gelb\/Schwarz<\/em><\/p>\n<p><em>Verf\u00fcgbare<\/em><i>Rollengr\u00f6\u00dfen:<\/i><\/p>\n<p>50 mm x 33 m<\/p>\n<p>Marke: SL Adhesive &amp; Safety<\/p>\n<\/div>\n","protected":false},"excerpt":{"rendered":"<p>Einseitiges, 0,15 mm dickes PVC-Band mit Klebstoff auf Gummibasis. Es haftet auf jeder Art von trockener und sauberer Oberfl\u00e4che und hat eine ausgezeichnete Best\u00e4ndigkeit gegen Abnutzung, Feuchtigkeit, Trampling und L\u00f6sungsmittel.<\/p>\n","protected":false},"featured_media":1252,"template":"","meta":[],"product_brand":[],"product_cat":[711,226],"product_tag":[502,698],"class_list":{"0":"post-2549","1":"product","2":"type-product","3":"status-publish","4":"has-post-thumbnail","6":"product_cat-beschilderungs-produkte","7":"product_cat-nastri-sicurezza-de","8":"product_tag-abgrenzungsbereiche","9":"product_tag-interne-verwendung","11":"first","12":"instock","13":"featured","14":"taxable","15":"shipping-taxable","16":"purchasable","17":"product-type-variable"},"_links":{"self":[{"href":"https:\/\/shop.s-line.it\/de\/wp-json\/wp\/v2\/product\/2549","targetHints":{"allow":["GET"]}}],"collection":[{"href":"https:\/\/shop.s-line.it\/de\/wp-json\/wp\/v2\/product"}],"about":[{"href":"https:\/\/shop.s-line.it\/de\/wp-json\/wp\/v2\/types\/product"}],"wp:featuredmedia":[{"embeddable":true,"href":"https:\/\/shop.s-line.it\/de\/wp-json\/wp\/v2\/media\/1252"}],"wp:attachment":[{"href":"https:\/\/shop.s-line.it\/de\/wp-json\/wp\/v2\/media?parent=2549"}],"wp:term":[{"taxonomy":"product_brand","embeddable":true,"href":"https:\/\/shop.s-line.it\/de\/wp-json\/wp\/v2\/product_brand?post=2549"},{"taxonomy":"product_cat","embeddable":true,"href":"https:\/\/shop.s-line.it\/de\/wp-json\/wp\/v2\/product_cat?post=2549"},{"taxonomy":"product_tag","embeddable":true,"href":"https:\/\/shop.s-line.it\/de\/wp-json\/wp\/v2\/product_tag?post=2549"}],"curies":[{"name":"wp","href":"https:\/\/api.w.org\/{rel}","templated":true}]}}