{"id":2568,"date":"2021-04-27T17:49:34","date_gmt":"2021-05-31T12:29:23","guid":{"rendered":"https:\/\/shop.s-line.it\/prodotto\/atg-900-applikator-fuer-atg-transferfolien\/"},"modified":"2022-01-28T10:58:30","modified_gmt":"2022-01-28T09:58:30","slug":"atg-900","status":"publish","type":"product","link":"https:\/\/shop.s-line.it\/de\/prodotto\/atg-900\/","title":{"rendered":"ATG 900 Applikator f\u00fcr ATG-Transferfolien"},"content":{"rendered":"<p><strong>ATG900 APPLIKATOR F\u00dcR TRANSFERFOLIEN ATG<\/strong><\/p>\n<p>Praktischer Applikator, der dank seines Getriebemechanismus und zweier massiver, mit Silikongummi \u00fcberzogener Frontrollen f\u00fcr ein pr\u00e4zises, schnelles und sauberes Aufbringen des Bandes sorgt und gleichzeitig die R\u00fcckgewinnung des Papiers erm\u00f6glicht. Die zu verwendende Produktmenge kann durch den sensiblen Dosierausl\u00f6ser einfach dosiert werden.<\/p>\n<p>Im Paket enthaltener Adapter f\u00fcr 6-mm-Rollen mit perforiertem Doppelkammerkern (Pcore).<\/p>\n","protected":false},"excerpt":{"rendered":"<p>Praktischer Applikator, der dank seines Getriebemechanismus und zweier massiver, mit Silikongummi \u00fcberzogener Frontrollen f\u00fcr ein pr\u00e4zises, schnelles und sauberes Aufbringen des Bandes sorgt und gleichzeitig die R\u00fcckgewinnung des Papiers erm\u00f6glicht. Die zu verwendende Produktmenge kann durch den sensiblen Dosierausl\u00f6ser einfach dosiert werden. Im Paket enthaltener Adapter f\u00fcr 6-mm-Rollen mit perforiertem Doppelkammerkern (Pcore).<\/p>\n","protected":false},"featured_media":1302,"template":"","meta":[],"product_brand":[],"product_cat":[658,516,219],"product_tag":[478,483],"class_list":{"0":"post-2568","1":"product","2":"type-product","3":"status-publish","4":"has-post-thumbnail","6":"product_cat-atg-und-pcore","7":"product_cat-baender-uebertragen","8":"product_cat-nastri-biadesivi-de","9":"product_tag-einsetzbar-mit-atg900-dispenser","10":"product_tag-grafik","12":"first","13":"instock","14":"featured","15":"taxable","16":"shipping-taxable","17":"purchasable","18":"product-type-variable"},"_links":{"self":[{"href":"https:\/\/shop.s-line.it\/de\/wp-json\/wp\/v2\/product\/2568","targetHints":{"allow":["GET"]}}],"collection":[{"href":"https:\/\/shop.s-line.it\/de\/wp-json\/wp\/v2\/product"}],"about":[{"href":"https:\/\/shop.s-line.it\/de\/wp-json\/wp\/v2\/types\/product"}],"wp:featuredmedia":[{"embeddable":true,"href":"https:\/\/shop.s-line.it\/de\/wp-json\/wp\/v2\/media\/1302"}],"wp:attachment":[{"href":"https:\/\/shop.s-line.it\/de\/wp-json\/wp\/v2\/media?parent=2568"}],"wp:term":[{"taxonomy":"product_brand","embeddable":true,"href":"https:\/\/shop.s-line.it\/de\/wp-json\/wp\/v2\/product_brand?post=2568"},{"taxonomy":"product_cat","embeddable":true,"href":"https:\/\/shop.s-line.it\/de\/wp-json\/wp\/v2\/product_cat?post=2568"},{"taxonomy":"product_tag","embeddable":true,"href":"https:\/\/shop.s-line.it\/de\/wp-json\/wp\/v2\/product_tag?post=2568"}],"curies":[{"name":"wp","href":"https:\/\/api.w.org\/{rel}","templated":true}]}}