{"id":2570,"date":"2021-04-28T16:50:41","date_gmt":"2021-05-31T12:32:15","guid":{"rendered":"https:\/\/shop.s-line.it\/prodotto\/photolumineszierende-warnklebebaender\/"},"modified":"2022-01-28T10:58:35","modified_gmt":"2022-01-28T09:58:35","slug":"nastri-segnaletici-fotoluminescenti-2","status":"publish","type":"product","link":"https:\/\/shop.s-line.it\/de\/prodotto\/nastri-segnaletici-fotoluminescenti-2\/","title":{"rendered":"Photolumineszierende Warnklebeb\u00e4nder"},"content":{"rendered":"<p><b>LANGNACHLEUCHTENDE WARNB\u00c4NDER<\/b><\/p>\n<p>Einseitige langnachleuchtende Klebeb\u00e4nder mit einem Vinyltr\u00e4ger und modifiziertem L\u00f6sungsmittel-Acrylat-Klebstoff. Sichtbar in der Dunkelheit, nachdem sie dem Licht ausgesetzt wurde.<\/p>\n<p><i>Verf\u00fcgbare Formate:<\/i><\/p>\n<p>Fire Exit (Pfeil rechts) Rolle 50 mm x 5 m<br \/>\nBrandausstieg (Pfeil links) Rolle 50 mm x 5 m<br \/>\nGreen Arrow (gr\u00fcner Pfeil mit langnachleuchtendem Hintergrund) 40 mm x 10 m Rolle<br \/>\nGr\u00fcn Diagonal (langnachleuchtend\/gr\u00fcn) Rolle 40 mm x 10 m<br \/>\nRot Diagonal (langnachleuchtend\/rot) Rolle 40 mm x 10 m<\/p>\n<p>Marke: SL Adhesive &amp; Safety<\/p>\n<div class=\"related related-products-wrapper product-section\"><\/div>\n","protected":false},"excerpt":{"rendered":"<p>Einseitige langnachleuchtende Klebeb\u00e4nder mit einem Vinyltr\u00e4ger und modifiziertem L\u00f6sungsmittel-Acrylat-Klebstoff. Sichtbar in der Dunkelheit, nachdem sie dem Licht ausgesetzt wurde.<\/p>\n","protected":false},"featured_media":1377,"template":"","meta":[],"product_brand":[],"product_cat":[711,226,714],"product_tag":[502,698],"class_list":{"0":"post-2570","1":"product","2":"type-product","3":"status-publish","4":"has-post-thumbnail","6":"product_cat-beschilderungs-produkte","7":"product_cat-nastri-sicurezza-de","8":"product_cat-photolumineszierende-bander","9":"product_tag-abgrenzungsbereiche","10":"product_tag-interne-verwendung","12":"first","13":"instock","14":"featured","15":"taxable","16":"shipping-taxable","17":"purchasable","18":"product-type-variable"},"_links":{"self":[{"href":"https:\/\/shop.s-line.it\/de\/wp-json\/wp\/v2\/product\/2570","targetHints":{"allow":["GET"]}}],"collection":[{"href":"https:\/\/shop.s-line.it\/de\/wp-json\/wp\/v2\/product"}],"about":[{"href":"https:\/\/shop.s-line.it\/de\/wp-json\/wp\/v2\/types\/product"}],"wp:featuredmedia":[{"embeddable":true,"href":"https:\/\/shop.s-line.it\/de\/wp-json\/wp\/v2\/media\/1377"}],"wp:attachment":[{"href":"https:\/\/shop.s-line.it\/de\/wp-json\/wp\/v2\/media?parent=2570"}],"wp:term":[{"taxonomy":"product_brand","embeddable":true,"href":"https:\/\/shop.s-line.it\/de\/wp-json\/wp\/v2\/product_brand?post=2570"},{"taxonomy":"product_cat","embeddable":true,"href":"https:\/\/shop.s-line.it\/de\/wp-json\/wp\/v2\/product_cat?post=2570"},{"taxonomy":"product_tag","embeddable":true,"href":"https:\/\/shop.s-line.it\/de\/wp-json\/wp\/v2\/product_tag?post=2570"}],"curies":[{"name":"wp","href":"https:\/\/api.w.org\/{rel}","templated":true}]}}