{"id":2582,"date":"2021-04-28T17:24:59","date_gmt":"2021-05-31T12:35:16","guid":{"rendered":"https:\/\/shop.s-line.it\/prodotto\/nachleuchtendes-anti-rutsch-band\/"},"modified":"2022-01-28T10:58:44","modified_gmt":"2022-01-28T09:58:44","slug":"nastri-antiscivolo-fotoluminescenti","status":"publish","type":"product","link":"https:\/\/shop.s-line.it\/de\/prodotto\/nastri-antiscivolo-fotoluminescenti\/","title":{"rendered":"Nachleuchtendes Anti-Rutsch-Band"},"content":{"rendered":"<p><b>NACHLEUCHTENDES ANTI-RUTSCH-BAND <\/b><\/p>\n<section class=\"section-sm\">Spezielles Antirutschband mit einem feink\u00f6rnigen Korundtr\u00e4ger und modifiziertem L\u00f6sungsmittel-Acrylatkleber. Produkt besonders geeignet f\u00fcr die Verlegung auf B\u00f6den und Stufen zur Vermeidung von Sturzgefahren. Ausgezeichnete Best\u00e4ndigkeit gegen Trampeln, Witterungseinfl\u00fcsse, UV-Strahlen, \u00d6le, Reinigungs- und L\u00f6sungsmittel.<\/section>\n<section><\/section>\n<section>\n<div>\n<p><em><br \/>\nTechnische Merkmale:<\/em><\/p>\n<p>Dicke: K\u00f6rnung 60<br \/>\nSchutzfolie: wei\u00dfes Mono-Silikonpapier<br \/>\nUnterlage: lumineszierende Korund-Schleifpartikel<br \/>\nKlebstoff: modifiziertes L\u00f6sungsmittelacrylat<\/p>\n<p><em>Verf\u00fcgbare<\/em><i>Rollengr\u00f6\u00dfen:<\/i><\/p>\n<p>19 mm x 16,5 m<br \/>\n25 mm x 16,5 m<br \/>\n50 mm x 16,5 m<br \/>\n100 mm x 16,5 m<\/p>\n<p>Marke: SL Adhesive &amp; Safety<\/p>\n<\/div>\n<\/section>\n","protected":false},"excerpt":{"rendered":"<p>Spezielles Antirutschband mit einem feink\u00f6rnigen Korundtr\u00e4ger und modifiziertem L\u00f6sungsmittel-Acrylatkleber. Produkt besonders geeignet f\u00fcr die Verlegung auf B\u00f6den und Stufen zur Vermeidung von Sturzgefahren. Ausgezeichnete Best\u00e4ndigkeit gegen Trampeln, Witterungseinfl\u00fcsse, UV-Strahlen, \u00d6le, Reinigungs- und L\u00f6sungsmittel.<\/p>\n","protected":false},"featured_media":1387,"template":"","meta":[],"product_brand":[],"product_cat":[711,226],"product_tag":[502,469,698,699],"class_list":{"0":"post-2582","1":"product","2":"type-product","3":"status-publish","4":"has-post-thumbnail","6":"product_cat-beschilderungs-produkte","7":"product_cat-nastri-sicurezza-de","8":"product_tag-abgrenzungsbereiche","9":"product_tag-acrylat-kleber","10":"product_tag-interne-verwendung","11":"product_tag-verwendung-im-freien","13":"first","14":"instock","15":"featured","16":"taxable","17":"shipping-taxable","18":"purchasable","19":"product-type-variable"},"_links":{"self":[{"href":"https:\/\/shop.s-line.it\/de\/wp-json\/wp\/v2\/product\/2582","targetHints":{"allow":["GET"]}}],"collection":[{"href":"https:\/\/shop.s-line.it\/de\/wp-json\/wp\/v2\/product"}],"about":[{"href":"https:\/\/shop.s-line.it\/de\/wp-json\/wp\/v2\/types\/product"}],"wp:featuredmedia":[{"embeddable":true,"href":"https:\/\/shop.s-line.it\/de\/wp-json\/wp\/v2\/media\/1387"}],"wp:attachment":[{"href":"https:\/\/shop.s-line.it\/de\/wp-json\/wp\/v2\/media?parent=2582"}],"wp:term":[{"taxonomy":"product_brand","embeddable":true,"href":"https:\/\/shop.s-line.it\/de\/wp-json\/wp\/v2\/product_brand?post=2582"},{"taxonomy":"product_cat","embeddable":true,"href":"https:\/\/shop.s-line.it\/de\/wp-json\/wp\/v2\/product_cat?post=2582"},{"taxonomy":"product_tag","embeddable":true,"href":"https:\/\/shop.s-line.it\/de\/wp-json\/wp\/v2\/product_tag?post=2582"}],"curies":[{"name":"wp","href":"https:\/\/api.w.org\/{rel}","templated":true}]}}