{"id":2587,"date":"2021-04-28T17:48:46","date_gmt":"2021-05-31T12:39:03","guid":{"rendered":"https:\/\/shop.s-line.it\/prodotto\/elastisch-40-gummiert\/"},"modified":"2022-01-28T10:58:52","modified_gmt":"2022-01-28T09:58:52","slug":"resilient-40","status":"publish","type":"product","link":"https:\/\/shop.s-line.it\/de\/prodotto\/resilient-40\/","title":{"rendered":"Elastisch 40 gummiert"},"content":{"rendered":"<p><strong>RESILIENT 40 <\/strong><br \/>\n<strong>gummiert, rutschfest<\/strong><\/p>\n<p>Band, bestehend aus einer gepr\u00e4gten, rutschfesten Gummifolie der K\u00f6rnung 40, die auf einen Polyestertr\u00e4ger laminiert und mit einem modifizierten L\u00f6sungsmittel-Acrylatkleber versehen ist.<\/p>\n<p><em>Technische Merkmale:<\/em><\/p>\n<p>Dicke: K\u00f6rnung 40<br \/>\nSchutzfolie: wei\u00dfes Mono-Silikonpapier<br \/>\nUnterlage: gepr\u00e4gte Gummifolie<br \/>\nKlebstoff: modifiziertes L\u00f6sungsmittelacrylat<\/p>\n<p><em>Verf\u00fcgbare Farben: Schwarz, Grau<\/em><\/p>\n<p><em>Verf\u00fcgbare<\/em><i>Rollengr\u00f6\u00dfen:<\/i><\/p>\n<p>19 mm x 18 m<br \/>\n25 mm x 18 m<br \/>\n50 mm x 18 m<br \/>\n100 mm x 18 m<\/p>\n<p>Marke: SL Adhesive &amp; Safety<\/p>\n","protected":false},"excerpt":{"rendered":"<p>Band, bestehend aus einer gepr\u00e4gten, rutschfesten Gummifolie der K\u00f6rnung 40, die auf einen Polyestertr\u00e4ger laminiert und mit einem modifizierten L\u00f6sungsmittel-Acrylatkleber versehen ist.<\/p>\n","protected":false},"featured_media":1397,"template":"","meta":[],"product_brand":[],"product_cat":[705,226],"product_tag":[469,698,699],"class_list":{"0":"post-2587","1":"product","2":"type-product","3":"status-publish","4":"has-post-thumbnail","6":"product_cat-anti-rutsch-bander","7":"product_cat-nastri-sicurezza-de","8":"product_tag-acrylat-kleber","9":"product_tag-interne-verwendung","10":"product_tag-verwendung-im-freien","12":"first","13":"instock","14":"taxable","15":"shipping-taxable","16":"purchasable","17":"product-type-variable"},"_links":{"self":[{"href":"https:\/\/shop.s-line.it\/de\/wp-json\/wp\/v2\/product\/2587","targetHints":{"allow":["GET"]}}],"collection":[{"href":"https:\/\/shop.s-line.it\/de\/wp-json\/wp\/v2\/product"}],"about":[{"href":"https:\/\/shop.s-line.it\/de\/wp-json\/wp\/v2\/types\/product"}],"wp:featuredmedia":[{"embeddable":true,"href":"https:\/\/shop.s-line.it\/de\/wp-json\/wp\/v2\/media\/1397"}],"wp:attachment":[{"href":"https:\/\/shop.s-line.it\/de\/wp-json\/wp\/v2\/media?parent=2587"}],"wp:term":[{"taxonomy":"product_brand","embeddable":true,"href":"https:\/\/shop.s-line.it\/de\/wp-json\/wp\/v2\/product_brand?post=2587"},{"taxonomy":"product_cat","embeddable":true,"href":"https:\/\/shop.s-line.it\/de\/wp-json\/wp\/v2\/product_cat?post=2587"},{"taxonomy":"product_tag","embeddable":true,"href":"https:\/\/shop.s-line.it\/de\/wp-json\/wp\/v2\/product_tag?post=2587"}],"curies":[{"name":"wp","href":"https:\/\/api.w.org\/{rel}","templated":true}]}}