{"id":2596,"date":"2021-04-28T17:58:10","date_gmt":"2021-05-31T12:39:06","guid":{"rendered":"https:\/\/shop.s-line.it\/prodotto\/anpassungsfaehige-60er-koernung-mit-aluminiumtraeger\/"},"modified":"2022-01-28T10:58:57","modified_gmt":"2022-01-28T09:58:57","slug":"conformable-2","status":"publish","type":"product","link":"https:\/\/shop.s-line.it\/de\/prodotto\/conformable-2\/","title":{"rendered":"Anpassungsf\u00e4hige 60er K\u00f6rnung mit Aluminiumtr\u00e4ger"},"content":{"rendered":"<p><strong>ANPASSUNGSF\u00c4HIG 60ER K\u00d6RNUNG <\/strong><br \/>\n<strong>mit Aluminiumtr\u00e4ger<\/strong><\/p>\n<p>Antirutschband mit Aluminiumtr\u00e4ger, beschichtet mit Korund (K\u00f6rnung 60), ausgestattet mit modifiziertem L\u00f6sungsmittel-Acrylatkleber. Dank des Aluminiums passt sich dieses Produkt hervorragend an unregelm\u00e4\u00dfige und gekr\u00fcmmte Oberfl\u00e4chen an, wie z.B. ger\u00e4ndelte Aluminiumtreppen, Rampen, Gitterroste, etc. Es besitzt eine ausgezeichnete Best\u00e4ndigkeit gegen Trittsch\u00e4den, Witterungseinfl\u00fcsse, UV-Strahlen, \u00d6le, Reinigungs- und L\u00f6sungsmittel.<\/p>\n<p><em>Technische Merkmale:<\/em><\/p>\n<p>Dicke: K\u00f6rnung 60<br \/>\nSchutzfolie: transparente Polyesterfolie<br \/>\nUnterlage: Aluminium beschichtet mit Korund-Schleifpartikeln<br \/>\nKlebstoff: modifiziertes L\u00f6sungsmittelacrylat<\/p>\n<p><em>Verf\u00fcgbare Farben: Schwarz, Gelb<\/em><\/p>\n<p><em>Verf\u00fcgbare<\/em><i>Rollengr\u00f6\u00dfen:<\/i><\/p>\n<p>19 mm x 16,5 m<br \/>\n25 mm x 16,5 m<br \/>\n50 mm x 16,5 m<br \/>\n100 mm x 16,5 m<\/p>\n<p>Marke: SL Adhesive &amp; Safety<\/p>\n","protected":false},"excerpt":{"rendered":"<p>Antirutschband mit Aluminiumtr\u00e4ger, beschichtet mit Korund (K\u00f6rnung 60), ausgestattet mit modifiziertem L\u00f6sungsmittel-Acrylatkleber. Dank des Aluminiums passt sich dieses Produkt hervorragend an unregelm\u00e4\u00dfige und gekr\u00fcmmte Oberfl\u00e4chen an, wie z.B. ger\u00e4ndelte Aluminiumtreppen, Rampen, Gitterroste, etc. Es besitzt eine ausgezeichnete Best\u00e4ndigkeit gegen Trittsch\u00e4den, Witterungseinfl\u00fcsse, UV-Strahlen, \u00d6le, Reinigungs- und L\u00f6sungsmittel.<\/p>\n","protected":false},"featured_media":1407,"template":"","meta":[],"product_brand":[],"product_cat":[705,226],"product_tag":[469],"class_list":{"0":"post-2596","1":"product","2":"type-product","3":"status-publish","4":"has-post-thumbnail","6":"product_cat-anti-rutsch-bander","7":"product_cat-nastri-sicurezza-de","8":"product_tag-acrylat-kleber","10":"first","11":"instock","12":"taxable","13":"shipping-taxable","14":"purchasable","15":"product-type-variable"},"_links":{"self":[{"href":"https:\/\/shop.s-line.it\/de\/wp-json\/wp\/v2\/product\/2596","targetHints":{"allow":["GET"]}}],"collection":[{"href":"https:\/\/shop.s-line.it\/de\/wp-json\/wp\/v2\/product"}],"about":[{"href":"https:\/\/shop.s-line.it\/de\/wp-json\/wp\/v2\/types\/product"}],"wp:featuredmedia":[{"embeddable":true,"href":"https:\/\/shop.s-line.it\/de\/wp-json\/wp\/v2\/media\/1407"}],"wp:attachment":[{"href":"https:\/\/shop.s-line.it\/de\/wp-json\/wp\/v2\/media?parent=2596"}],"wp:term":[{"taxonomy":"product_brand","embeddable":true,"href":"https:\/\/shop.s-line.it\/de\/wp-json\/wp\/v2\/product_brand?post=2596"},{"taxonomy":"product_cat","embeddable":true,"href":"https:\/\/shop.s-line.it\/de\/wp-json\/wp\/v2\/product_cat?post=2596"},{"taxonomy":"product_tag","embeddable":true,"href":"https:\/\/shop.s-line.it\/de\/wp-json\/wp\/v2\/product_tag?post=2596"}],"curies":[{"name":"wp","href":"https:\/\/api.w.org\/{rel}","templated":true}]}}