{"id":2605,"date":"2021-04-28T18:08:58","date_gmt":"2021-05-31T12:46:58","guid":{"rendered":"https:\/\/shop.s-line.it\/prodotto\/grob-24er-koernung\/"},"modified":"2024-03-04T10:14:23","modified_gmt":"2024-03-04T09:14:23","slug":"coarse","status":"publish","type":"product","link":"https:\/\/shop.s-line.it\/de\/prodotto\/coarse\/","title":{"rendered":"Grob 36 K\u00f6rnung"},"content":{"rendered":"<p><strong>GROB 24 KORN<\/strong><\/p>\n<p>Grobk\u00f6rniges (36 K\u00f6rnung) Korund-Antirutschband mit modifiziertem L\u00f6sungsmittel-Acrylatkleber. Aufgrund der Dicke des Korns ist es f\u00fcr extreme Anwendungen erforderlich, bei denen ein normales Antirutschband aufgrund der Ansammlung von Schmutz, Schlamm und Ablagerungen nicht funktionieren w\u00fcrde.<br \/>\nR13 zertifiziert nach den Kriterien der Rutschfestigkeit der neuen Normen UNI EN 16165:2021 und DIN EN 16165:2023-02 (d.h. das h\u00f6chstm\u00f6gliche Ma\u00df an Sicherheit und Rutschfestigkeit).<br \/>\nAusgezeichnete Best\u00e4ndigkeit gegen Trampeln, Witterung und UV, \u00d6le, Reinigungs- und L\u00f6sungsmittel. <\/p>\n<p><em>Technische Merkmale:<\/em><\/p>\n<p>Dicke: 36 K\u00f6rnung<br \/>\nSchutzfolie: wei\u00dfes Mono-Silikonpapier<br \/>\nUnterlage: Korund-Schleifpartikel<br \/>\nKlebstoff: modifiziertes L\u00f6sungsmittelacrylat<\/p>\n<p><em>Verf\u00fcgbare Farben: Schwarz<\/em><\/p>\n<p><em>Verf\u00fcgbare<\/em><i>Rollengr\u00f6\u00dfen:<\/i><\/p>\n<p>19 mm x 18 m<br \/>\n25 mm x 18 m<br \/>\n50 mm x 18 m<br \/>\n100 mm x 18 m<\/p>\n<p>Marke: SL Adhesive &amp; Safety<\/p>\n","protected":false},"excerpt":{"rendered":"<p>Grobk\u00f6rniges (36 K\u00f6rnung) Korund-Antirutschband mit modifiziertem L\u00f6sungsmittel-Acrylatkleber. <\/p>\n<p>R13 zertifiziert nach den Kriterien der Rutschfestigkeit der neuen Normen UNI EN 16165:2021 und DIN EN 16165:2023-02 (d.h. das h\u00f6chstm\u00f6gliche Ma\u00df an Sicherheit und Rutschfestigkeit).<\/p>\n<p>Aufgrund der Dicke des Korns ist es f\u00fcr extreme Anwendungen erforderlich, bei denen ein normales Antirutschband aufgrund der Ansammlung von Schmutz, Schlamm und Ablagerungen nicht funktionieren w\u00fcrde. <\/p>\n<p>Hervorragende Best\u00e4ndigkeit gegen Trampeln, Witterung und UV-Strahlen, \u00d6le, Reinigungs- und L\u00f6sungsmittel.<\/p>\n","protected":false},"featured_media":1412,"template":"","meta":[],"product_brand":[],"product_cat":[705,226],"product_tag":[469,699],"class_list":{"0":"post-2605","1":"product","2":"type-product","3":"status-publish","4":"has-post-thumbnail","6":"product_cat-anti-rutsch-bander","7":"product_cat-nastri-sicurezza-de","8":"product_tag-acrylat-kleber","9":"product_tag-verwendung-im-freien","11":"first","12":"instock","13":"taxable","14":"shipping-taxable","15":"purchasable","16":"product-type-variable"},"_links":{"self":[{"href":"https:\/\/shop.s-line.it\/de\/wp-json\/wp\/v2\/product\/2605","targetHints":{"allow":["GET"]}}],"collection":[{"href":"https:\/\/shop.s-line.it\/de\/wp-json\/wp\/v2\/product"}],"about":[{"href":"https:\/\/shop.s-line.it\/de\/wp-json\/wp\/v2\/types\/product"}],"wp:featuredmedia":[{"embeddable":true,"href":"https:\/\/shop.s-line.it\/de\/wp-json\/wp\/v2\/media\/1412"}],"wp:attachment":[{"href":"https:\/\/shop.s-line.it\/de\/wp-json\/wp\/v2\/media?parent=2605"}],"wp:term":[{"taxonomy":"product_brand","embeddable":true,"href":"https:\/\/shop.s-line.it\/de\/wp-json\/wp\/v2\/product_brand?post=2605"},{"taxonomy":"product_cat","embeddable":true,"href":"https:\/\/shop.s-line.it\/de\/wp-json\/wp\/v2\/product_cat?post=2605"},{"taxonomy":"product_tag","embeddable":true,"href":"https:\/\/shop.s-line.it\/de\/wp-json\/wp\/v2\/product_tag?post=2605"}],"curies":[{"name":"wp","href":"https:\/\/api.w.org\/{rel}","templated":true}]}}