{"id":2651,"date":"2021-04-28T18:33:32","date_gmt":"2021-05-31T12:50:01","guid":{"rendered":"https:\/\/shop.s-line.it\/prodotto\/s725-doppelseitiges-weisses-gazeband\/"},"modified":"2022-01-28T10:59:34","modified_gmt":"2022-01-28T09:59:34","slug":"s725-2","status":"publish","type":"product","link":"https:\/\/shop.s-line.it\/de\/prodotto\/s725-2\/","title":{"rendered":"S725 Doppelseitiges wei\u00dfes Gazeband"},"content":{"rendered":"<p><strong>S725 Doppelseitiges wei\u00dfes Gazeband<\/strong><\/p>\n<p>Doppelseitiges Klebeband mit wei\u00dfem Gaze-Tr\u00e4ger, 0,25 mm dick, Klebstoff auf Basis von synthetischem Kautschuk, brauner Bisilikonpapier-Abdeckung.<\/p>\n<p><em>Technische Merkmale:<\/em><\/p>\n<p>Dicke: 250 \u00b5 (0,25 mm)<br \/>\nSchutzfolie: havannafarbenes, bisilikoniertes Papier 110 gr\/m2<br \/>\nUnterlage: wei\u00dfe Gaze<br \/>\nKlebstoff: synthetische Gummibasis<\/p>\n<p><em>Verf\u00fcgbare Rollengr\u00f6\u00dfen:<\/em><\/p>\n<p>50 mm x 5 m<br \/>\n50 mm x 25 m<\/p>\n<p>Marke: SL Adhesive &amp; Safety<\/p>\n","protected":false},"excerpt":{"rendered":"<p>Doppelseitiges Klebeband mit wei\u00dfem Gaze-Tr\u00e4ger, 0,25 mm dick, Klebstoff auf Basis von synthetischem Kautschuk, brauner Bisilikonpapier-Abdeckung.<\/p>\n","protected":false},"featured_media":1512,"template":"","meta":[],"product_brand":[],"product_cat":[219,546],"product_tag":[488,698],"class_list":{"0":"post-2651","1":"product","2":"type-product","3":"status-publish","4":"has-post-thumbnail","6":"product_cat-nastri-biadesivi-de","7":"product_cat-doppelseitiges-klebeband-andere-materialien","8":"product_tag-doppelseitiges-klebeband-fuer-die-montage","9":"product_tag-interne-verwendung","11":"first","12":"instock","13":"taxable","14":"shipping-taxable","15":"purchasable","16":"product-type-variable"},"_links":{"self":[{"href":"https:\/\/shop.s-line.it\/de\/wp-json\/wp\/v2\/product\/2651","targetHints":{"allow":["GET"]}}],"collection":[{"href":"https:\/\/shop.s-line.it\/de\/wp-json\/wp\/v2\/product"}],"about":[{"href":"https:\/\/shop.s-line.it\/de\/wp-json\/wp\/v2\/types\/product"}],"wp:featuredmedia":[{"embeddable":true,"href":"https:\/\/shop.s-line.it\/de\/wp-json\/wp\/v2\/media\/1512"}],"wp:attachment":[{"href":"https:\/\/shop.s-line.it\/de\/wp-json\/wp\/v2\/media?parent=2651"}],"wp:term":[{"taxonomy":"product_brand","embeddable":true,"href":"https:\/\/shop.s-line.it\/de\/wp-json\/wp\/v2\/product_brand?post=2651"},{"taxonomy":"product_cat","embeddable":true,"href":"https:\/\/shop.s-line.it\/de\/wp-json\/wp\/v2\/product_cat?post=2651"},{"taxonomy":"product_tag","embeddable":true,"href":"https:\/\/shop.s-line.it\/de\/wp-json\/wp\/v2\/product_tag?post=2651"}],"curies":[{"name":"wp","href":"https:\/\/api.w.org\/{rel}","templated":true}]}}