{"id":2656,"date":"2021-05-11T16:40:00","date_gmt":"2021-05-31T12:52:39","guid":{"rendered":"https:\/\/shop.s-line.it\/prodotto\/tack-it-note\/"},"modified":"2022-01-28T10:59:43","modified_gmt":"2022-01-28T09:59:43","slug":"tack-it-note-ciapa","status":"publish","type":"product","link":"https:\/\/shop.s-line.it\/de\/prodotto\/tack-it-note-ciapa\/","title":{"rendered":"Tack-it Note"},"content":{"rendered":"<p><strong>TACK-IT NOTE<br \/>\nAUFSTECKBAR UND ABNEHMBAR<\/strong><br \/>\n<strong>Spender mit Rolle<\/strong><\/p>\n<p>Besonderer Spender, der dank seiner zwei Rollen das bequeme Abwickeln der Kleberolle auf einer soliden Schreibunterlage erm\u00f6glicht, mit der er ausgestattet ist. Dank des beiliegenden doppelseitigen Klebebands kann der Applikator auf jeder Oberfl\u00e4che sowohl vertikal als auch horizontal befestigt werden. Au\u00dferdem verf\u00fcgt er \u00fcber einen praktischen Stifthalter an der Seite. Dieser Abroller mit dem formidablen beschreibbaren, abl\u00f6sbaren und repositionierbaren Papierklebeband erm\u00f6glicht es Ihnen, vollfl\u00e4chig klebende Notizen auf die gew\u00fcnschte L\u00e4nge zuzuschneiden und dabei Abfall zu vermeiden, ohne die Oberfl\u00e4chen zu besch\u00e4digen und R\u00fcckst\u00e4nde zu hinterlassen, auf denen es angebracht wird.<\/p>\n<p><em>Technische Merkmale Papierband:<\/em><\/p>\n<p>Dicke: 100 \u00b5 (0,10 mm)<br \/>\nRollengr\u00f6\u00dfe: 60 mm x 10 m<br \/>\nKlebstoff: abl\u00f6sbares Acryl auf Wasserbasis<\/p>\n<p><em>Verf\u00fcgbare Rollenfarben: pastellgelb, pastellblau, pastellgr\u00fcn, pastellrosa, neongelb, neonorange, neongr\u00fcn, neonfuchsia<\/em><\/p>\n<p><strong><em>Im Paket enthalten sind zwei Streifen wei\u00dfer doppelseitiger Schaumstoff und ein roter Stifthalter<\/em><\/strong><\/p>\n<p>Marke: SL Adhesive &amp; Safety<\/p>\n","protected":false},"excerpt":{"rendered":"<p>Besonderer Spender, der dank seiner zwei Rollen das bequeme Abwickeln der Kleberolle auf einer soliden Schreibunterlage erm\u00f6glicht, mit der er ausgestattet ist. Dank des beiliegenden doppelseitigen Klebebands kann der Applikator auf jeder Oberfl\u00e4che sowohl vertikal als auch horizontal befestigt werden. Au\u00dferdem verf\u00fcgt er \u00fcber einen praktischen Stifthalter an der Seite. Dieser Abroller mit dem formidablen beschreibbaren, abl\u00f6sbaren und repositionierbaren Papierklebeband erm\u00f6glicht es Ihnen, vollfl\u00e4chig klebende Notizen auf die gew\u00fcnschte L\u00e4nge zuzuschneiden und dabei Abfall zu vermeiden, ohne die Oberfl\u00e4chen zu besch\u00e4digen und R\u00fcckst\u00e4nde zu hinterlassen, auf denen es angebracht wird.<\/p>\n","protected":false},"featured_media":11027,"template":"","meta":[],"product_brand":[],"product_cat":[229],"product_tag":[473,668,670,669,497],"class_list":{"0":"post-2656","1":"product","2":"type-product","3":"status-publish","4":"has-post-thumbnail","6":"product_cat-nastri-ufficio-de","7":"product_tag-abloesbarer-klebstoff","8":"product_tag-beschreibbares-klebeband","9":"product_tag-buro","10":"product_tag-schule","11":"product_tag-startseite","13":"first","14":"instock","15":"featured","16":"taxable","17":"shipping-taxable","18":"purchasable","19":"product-type-variable"},"_links":{"self":[{"href":"https:\/\/shop.s-line.it\/de\/wp-json\/wp\/v2\/product\/2656","targetHints":{"allow":["GET"]}}],"collection":[{"href":"https:\/\/shop.s-line.it\/de\/wp-json\/wp\/v2\/product"}],"about":[{"href":"https:\/\/shop.s-line.it\/de\/wp-json\/wp\/v2\/types\/product"}],"wp:featuredmedia":[{"embeddable":true,"href":"https:\/\/shop.s-line.it\/de\/wp-json\/wp\/v2\/media\/11027"}],"wp:attachment":[{"href":"https:\/\/shop.s-line.it\/de\/wp-json\/wp\/v2\/media?parent=2656"}],"wp:term":[{"taxonomy":"product_brand","embeddable":true,"href":"https:\/\/shop.s-line.it\/de\/wp-json\/wp\/v2\/product_brand?post=2656"},{"taxonomy":"product_cat","embeddable":true,"href":"https:\/\/shop.s-line.it\/de\/wp-json\/wp\/v2\/product_cat?post=2656"},{"taxonomy":"product_tag","embeddable":true,"href":"https:\/\/shop.s-line.it\/de\/wp-json\/wp\/v2\/product_tag?post=2656"}],"curies":[{"name":"wp","href":"https:\/\/api.w.org\/{rel}","templated":true}]}}