{"id":2666,"date":"2021-05-11T15:21:13","date_gmt":"2021-05-31T12:53:45","guid":{"rendered":"https:\/\/shop.s-line.it\/prodotto\/tack-it\/"},"modified":"2022-01-28T10:59:51","modified_gmt":"2022-01-28T09:59:51","slug":"tack-it-2","status":"publish","type":"product","link":"https:\/\/shop.s-line.it\/de\/prodotto\/tack-it-2\/","title":{"rendered":"Tack-it"},"content":{"rendered":"<div><strong>TACK-IT<\/strong><br \/>\n<strong><strong>AUFSTECKBAR UND ABNEHMBAR<br \/>\n<strong><strong>Spender mit Rolle<\/strong><\/strong><\/strong><\/strong><\/div>\n<p>Praktischer Applikator aus einer speziellen Mischung verschiedener Komponenten, darunter ABS und Polystyrol, die ihn leicht, elastisch und superbest\u00e4ndig macht. Dieser Abroller mit dem formidablen beschreibbaren, abl\u00f6sbaren und repositionierbaren Papierklebeband erm\u00f6glicht es Ihnen, vollfl\u00e4chig klebende Notizen auf die gew\u00fcnschte L\u00e4nge zuzuschneiden und dabei Abfall zu vermeiden, ohne die Oberfl\u00e4chen zu besch\u00e4digen und R\u00fcckst\u00e4nde zu hinterlassen, auf denen es angebracht wird.<br \/>\n<em><br \/>\nTechnische Merkmale Papierband:<\/em><\/p>\n<p>Dicke: 100 \u00b5 (0,10 mm)<br \/>\nRollengr\u00f6\u00dfe: 60 mm x 10 m<br \/>\nKlebstoff: abl\u00f6sbares Acryl auf Wasserbasis<\/p>\n<p>Marke: SL Adhesive &amp; Safety<\/p>\n","protected":false},"excerpt":{"rendered":"<p>Praktischer Applikator aus einer speziellen Mischung verschiedener Komponenten, darunter ABS und Polystyrol, die ihn leicht, elastisch und superbest\u00e4ndig macht. Dieser Abroller mit dem formidablen beschreibbaren, abl\u00f6sbaren und repositionierbaren Papierklebeband erm\u00f6glicht es Ihnen, vollfl\u00e4chig klebende Notizen auf die gew\u00fcnschte L\u00e4nge zuzuschneiden und dabei Abfall zu vermeiden, ohne die Oberfl\u00e4chen zu besch\u00e4digen und R\u00fcckst\u00e4nde zu hinterlassen, auf denen es angebracht wird.<\/p>\n","protected":false},"featured_media":10643,"template":"","meta":[],"product_brand":[],"product_cat":[229],"product_tag":[473,668,670,669,497],"class_list":{"0":"post-2666","1":"product","2":"type-product","3":"status-publish","4":"has-post-thumbnail","6":"product_cat-nastri-ufficio-de","7":"product_tag-abloesbarer-klebstoff","8":"product_tag-beschreibbares-klebeband","9":"product_tag-buro","10":"product_tag-schule","11":"product_tag-startseite","13":"first","14":"instock","15":"featured","16":"taxable","17":"shipping-taxable","18":"purchasable","19":"product-type-variable"},"_links":{"self":[{"href":"https:\/\/shop.s-line.it\/de\/wp-json\/wp\/v2\/product\/2666","targetHints":{"allow":["GET"]}}],"collection":[{"href":"https:\/\/shop.s-line.it\/de\/wp-json\/wp\/v2\/product"}],"about":[{"href":"https:\/\/shop.s-line.it\/de\/wp-json\/wp\/v2\/types\/product"}],"wp:featuredmedia":[{"embeddable":true,"href":"https:\/\/shop.s-line.it\/de\/wp-json\/wp\/v2\/media\/10643"}],"wp:attachment":[{"href":"https:\/\/shop.s-line.it\/de\/wp-json\/wp\/v2\/media?parent=2666"}],"wp:term":[{"taxonomy":"product_brand","embeddable":true,"href":"https:\/\/shop.s-line.it\/de\/wp-json\/wp\/v2\/product_brand?post=2666"},{"taxonomy":"product_cat","embeddable":true,"href":"https:\/\/shop.s-line.it\/de\/wp-json\/wp\/v2\/product_cat?post=2666"},{"taxonomy":"product_tag","embeddable":true,"href":"https:\/\/shop.s-line.it\/de\/wp-json\/wp\/v2\/product_tag?post=2666"}],"curies":[{"name":"wp","href":"https:\/\/api.w.org\/{rel}","templated":true}]}}