{"id":2676,"date":"2021-04-29T13:02:03","date_gmt":"2021-05-31T12:54:50","guid":{"rendered":"https:\/\/shop.s-line.it\/prodotto\/s961-doppelseitiges-abloesbares-polyesterband\/"},"modified":"2022-06-22T16:40:06","modified_gmt":"2022-06-22T14:40:06","slug":"s961-2","status":"publish","type":"product","link":"https:\/\/shop.s-line.it\/de\/prodotto\/s961-2\/","title":{"rendered":"S961 Doppelseitiges abl\u00f6sbares Polyesterband"},"content":{"rendered":"<p><strong>S961 Doppelseitiges abl\u00f6sbares Polyesterband<\/strong><\/p>\n<p>Wiederabl\u00f6sbares, transparentes, doppelseitiges Polyester-Klebeband, Dicke 0,08 mm, L\u00f6sungsmittel-Acrylat-Klebstoff, braune, bisilikonisierte Papierabdeckung.<\/p>\n<p><em>Technische Merkmale:<\/em><\/p>\n<p>Dicke: 80 \u00b5 (0,08 mm)<br \/>\nSchutzfolie: havannafarbenes, bisilikoniertes Papier 110 gr\/m2<br \/>\nUnterlage: Polyester<br \/>\nKlebstoff: L\u00f6sungsmittelacrylat mit abl\u00f6sbarer Seite<\/p>\n<p><em>Verf\u00fcgbare Rollengr\u00f6\u00dfen:<\/em><\/p>\n<p>19 mm x 10 m<br \/>\n19 mm x 50 m<br \/>\n25 mm x 10 m<br \/>\n25 mm x 50 m<\/p>\n<p>Marke: SL Adhesive &amp; Safety<\/p>\n","protected":false},"excerpt":{"rendered":"<p>Wiederabl\u00f6sbares, transparentes, doppelseitiges Polyester-Klebeband, 0,08 mm dick, Solvent-Acrylat-Klebstoff, brauner, bisilikonierter Papierliner.<\/p>\n","protected":false},"featured_media":1502,"template":"","meta":[],"product_brand":[],"product_cat":[219,541],"product_tag":[473,488,698],"class_list":{"0":"post-2676","1":"product","2":"type-product","3":"status-publish","4":"has-post-thumbnail","6":"product_cat-nastri-biadesivi-de","7":"product_cat-doppelseitiges-tnt-band","8":"product_tag-abloesbarer-klebstoff","9":"product_tag-doppelseitiges-klebeband-fuer-die-montage","10":"product_tag-interne-verwendung","12":"first","13":"instock","14":"taxable","15":"shipping-taxable","16":"purchasable","17":"product-type-variable"},"_links":{"self":[{"href":"https:\/\/shop.s-line.it\/de\/wp-json\/wp\/v2\/product\/2676","targetHints":{"allow":["GET"]}}],"collection":[{"href":"https:\/\/shop.s-line.it\/de\/wp-json\/wp\/v2\/product"}],"about":[{"href":"https:\/\/shop.s-line.it\/de\/wp-json\/wp\/v2\/types\/product"}],"wp:featuredmedia":[{"embeddable":true,"href":"https:\/\/shop.s-line.it\/de\/wp-json\/wp\/v2\/media\/1502"}],"wp:attachment":[{"href":"https:\/\/shop.s-line.it\/de\/wp-json\/wp\/v2\/media?parent=2676"}],"wp:term":[{"taxonomy":"product_brand","embeddable":true,"href":"https:\/\/shop.s-line.it\/de\/wp-json\/wp\/v2\/product_brand?post=2676"},{"taxonomy":"product_cat","embeddable":true,"href":"https:\/\/shop.s-line.it\/de\/wp-json\/wp\/v2\/product_cat?post=2676"},{"taxonomy":"product_tag","embeddable":true,"href":"https:\/\/shop.s-line.it\/de\/wp-json\/wp\/v2\/product_tag?post=2676"}],"curies":[{"name":"wp","href":"https:\/\/api.w.org\/{rel}","templated":true}]}}