{"id":2679,"date":"2021-04-29T13:30:48","date_gmt":"2021-05-31T12:56:25","guid":{"rendered":"https:\/\/shop.s-line.it\/prodotto\/afg100-acrylschaum-grau\/"},"modified":"2022-01-28T10:59:55","modified_gmt":"2022-01-28T09:59:55","slug":"afg","status":"publish","type":"product","link":"https:\/\/shop.s-line.it\/de\/prodotto\/afg\/","title":{"rendered":"AFG100 Acrylschaum grau"},"content":{"rendered":"<p><strong>AFG100 Acrylschaum grau<\/strong><\/p>\n<p>Grauer Acrylschaum, l\u00f6sungsmittelhaltiger Acrylklebstoff, roter Kunststoff-Liner. Dieses Produkt hat eine sehr hohe Klebekraft und ist sehr best\u00e4ndig gegen Weichmacher, \u00d6le, L\u00f6sungsmittel, Reinigungsmittel, Feuchtigkeit und UV-Strahlen. Graue viskoelastische Hochleistungs-Acrylat-Klebemasse, die f\u00fcr hohe Belastungen ausgelegt ist und Schrauben und Nieten in vielen industriellen Prozessen ersetzen kann. Ausgezeichnete Best\u00e4ndigkeit gegen Temperatur und Weichmacher, \u00d6le, L\u00f6sungsmittel, Reinigungsmittel, Feuchtigkeit und UV-Strahlen.<\/p>\n<p><em>Technische Merkmale AFG100:<\/em><\/p>\n<p>Dicke: 1,00 mm<br \/>\nSchutzfolie: rote PE-Folie<br \/>\nR\u00fcckseite: graue viskoelastische Acrylat-Klebemasse<br \/>\nKlebstoff: hochleistungsf\u00e4higes L\u00f6sungsmittelacrylat<\/p>\n<p><em>Verf\u00fcgbare Rollengr\u00f6\u00dfen:<\/em><\/p>\n<p>19 mm x 5 m<br \/>\n25 mm x 5 m<\/p>\n<p>Marke: SL Adhesive &amp; Safety<\/p>\n","protected":false},"excerpt":{"rendered":"<p>Grauer Acrylschaum, l\u00f6sungsmittelhaltiger Acrylklebstoff, roter Kunststoff-Liner. Dieses Produkt hat eine sehr hohe Klebekraft und ist sehr best\u00e4ndig gegen Weichmacher, \u00d6le, L\u00f6sungsmittel, Reinigungsmittel, Feuchtigkeit und UV-Strahlen. Graue viskoelastische Hochleistungs-Acrylat-Klebemasse, die f\u00fcr hohe Belastungen ausgelegt ist und Schrauben und Nieten in vielen industriellen Prozessen ersetzen kann. Ausgezeichnete Best\u00e4ndigkeit gegen Temperatur und Weichmacher, \u00d6le, L\u00f6sungsmittel, Reinigungsmittel, Feuchtigkeit und UV-Strahlen.<\/p>\n","protected":false},"featured_media":1487,"template":"","meta":[],"product_brand":[],"product_cat":[531,219],"product_tag":[469,488,698,493,511,699],"class_list":{"0":"post-2679","1":"product","2":"type-product","3":"status-publish","4":"has-post-thumbnail","6":"product_cat-acryl-schaumstoffe","7":"product_cat-nastri-biadesivi-de","8":"product_tag-acrylat-kleber","9":"product_tag-doppelseitiges-klebeband-fuer-die-montage","10":"product_tag-interne-verwendung","11":"product_tag-schwere-lasten","12":"product_tag-starker-griff","13":"product_tag-verwendung-im-freien","15":"first","16":"instock","17":"featured","18":"taxable","19":"shipping-taxable","20":"purchasable","21":"product-type-variable"},"_links":{"self":[{"href":"https:\/\/shop.s-line.it\/de\/wp-json\/wp\/v2\/product\/2679","targetHints":{"allow":["GET"]}}],"collection":[{"href":"https:\/\/shop.s-line.it\/de\/wp-json\/wp\/v2\/product"}],"about":[{"href":"https:\/\/shop.s-line.it\/de\/wp-json\/wp\/v2\/types\/product"}],"wp:featuredmedia":[{"embeddable":true,"href":"https:\/\/shop.s-line.it\/de\/wp-json\/wp\/v2\/media\/1487"}],"wp:attachment":[{"href":"https:\/\/shop.s-line.it\/de\/wp-json\/wp\/v2\/media?parent=2679"}],"wp:term":[{"taxonomy":"product_brand","embeddable":true,"href":"https:\/\/shop.s-line.it\/de\/wp-json\/wp\/v2\/product_brand?post=2679"},{"taxonomy":"product_cat","embeddable":true,"href":"https:\/\/shop.s-line.it\/de\/wp-json\/wp\/v2\/product_cat?post=2679"},{"taxonomy":"product_tag","embeddable":true,"href":"https:\/\/shop.s-line.it\/de\/wp-json\/wp\/v2\/product_tag?post=2679"}],"curies":[{"name":"wp","href":"https:\/\/api.w.org\/{rel}","templated":true}]}}