{"id":2682,"date":"2021-04-29T13:34:49","date_gmt":"2021-05-31T12:57:45","guid":{"rendered":"https:\/\/shop.s-line.it\/prodotto\/afw100-acrylschaum-weiss\/"},"modified":"2022-01-28T10:59:57","modified_gmt":"2022-01-28T09:59:57","slug":"afw","status":"publish","type":"product","link":"https:\/\/shop.s-line.it\/de\/prodotto\/afw\/","title":{"rendered":"AFW100 Acrylschaum wei\u00df"},"content":{"rendered":"<p><strong>AFW100 Acrylschaum wei\u00df<\/strong><\/p>\n<p>Wei\u00dfer Acrylschaum, l\u00f6sungsmittelhaltiger Acrylklebstoff, roter Kunststoff-Liner. Dieses Produkt hat eine sehr hohe Klebekraft und ist sehr best\u00e4ndig gegen Weichmacher, \u00d6le, L\u00f6sungsmittel, Reinigungsmittel, Feuchtigkeit und UV-Strahlen. Wei\u00dfe viskoelastische Hochleistungs-Acrylat-Klebemasse mit sehr hoher Klebekraft, die f\u00fcr hohe Belastungen ausgelegt ist und Schrauben und Nieten in vielen industriellen Prozessen ersetzen kann.<\/p>\n<p><em>Technische Merkmale AFW100:<\/em><\/p>\n<p>Dicke: 1,00 mm<br \/>\nSchutzfolie: rote PE-Folie<br \/>\nTr\u00e4germaterial: viskoelastische wei\u00dfe Acrylat-Klebemasse<br \/>\nKlebstoff: hochleistungsf\u00e4higes L\u00f6sungsmittelacrylat<\/p>\n<p><em>Verf\u00fcgbare Rollengr\u00f6\u00dfen:<\/em><\/p>\n<p>19 mm x 5 m<br \/>\n25 mm x 5 m<\/p>\n<p>Marke: SL Adhesive &amp; Safety<\/p>\n","protected":false},"excerpt":{"rendered":"<p>Wei\u00dfer Acrylschaum, l\u00f6sungsmittelhaltiger Acrylklebstoff, roter Kunststoff-Liner. Dieses Produkt hat eine sehr hohe Klebekraft und ist sehr best\u00e4ndig gegen Weichmacher, \u00d6le, L\u00f6sungsmittel, Reinigungsmittel, Feuchtigkeit und UV-Strahlen. Wei\u00dfe viskoelastische Hochleistungs-Acrylat-Klebemasse mit sehr hoher Klebekraft, die f\u00fcr hohe Belastungen ausgelegt ist und Schrauben und Nieten in vielen industriellen Prozessen ersetzen kann.<\/p>\n","protected":false},"featured_media":1497,"template":"","meta":[],"product_brand":[],"product_cat":[531,219],"product_tag":[469,488,698,493,511,699],"class_list":{"0":"post-2682","1":"product","2":"type-product","3":"status-publish","4":"has-post-thumbnail","6":"product_cat-acryl-schaumstoffe","7":"product_cat-nastri-biadesivi-de","8":"product_tag-acrylat-kleber","9":"product_tag-doppelseitiges-klebeband-fuer-die-montage","10":"product_tag-interne-verwendung","11":"product_tag-schwere-lasten","12":"product_tag-starker-griff","13":"product_tag-verwendung-im-freien","15":"first","16":"instock","17":"featured","18":"taxable","19":"shipping-taxable","20":"purchasable","21":"product-type-variable"},"_links":{"self":[{"href":"https:\/\/shop.s-line.it\/de\/wp-json\/wp\/v2\/product\/2682","targetHints":{"allow":["GET"]}}],"collection":[{"href":"https:\/\/shop.s-line.it\/de\/wp-json\/wp\/v2\/product"}],"about":[{"href":"https:\/\/shop.s-line.it\/de\/wp-json\/wp\/v2\/types\/product"}],"wp:featuredmedia":[{"embeddable":true,"href":"https:\/\/shop.s-line.it\/de\/wp-json\/wp\/v2\/media\/1497"}],"wp:attachment":[{"href":"https:\/\/shop.s-line.it\/de\/wp-json\/wp\/v2\/media?parent=2682"}],"wp:term":[{"taxonomy":"product_brand","embeddable":true,"href":"https:\/\/shop.s-line.it\/de\/wp-json\/wp\/v2\/product_brand?post=2682"},{"taxonomy":"product_cat","embeddable":true,"href":"https:\/\/shop.s-line.it\/de\/wp-json\/wp\/v2\/product_cat?post=2682"},{"taxonomy":"product_tag","embeddable":true,"href":"https:\/\/shop.s-line.it\/de\/wp-json\/wp\/v2\/product_tag?post=2682"}],"curies":[{"name":"wp","href":"https:\/\/api.w.org\/{rel}","templated":true}]}}