{"id":2685,"date":"2021-04-29T13:36:56","date_gmt":"2021-05-31T13:00:20","guid":{"rendered":"https:\/\/shop.s-line.it\/prodotto\/afb100-schwarzer-acrylschaum\/"},"modified":"2022-01-28T10:59:59","modified_gmt":"2022-01-28T09:59:59","slug":"afb","status":"publish","type":"product","link":"https:\/\/shop.s-line.it\/de\/prodotto\/afb\/","title":{"rendered":"AFB100 Schwarzer Acrylschaum"},"content":{"rendered":"<p><strong>AFB100 Schwarzer Acrylschaum<\/strong><\/p>\n<p>Schwarzer Acrylschaum, l\u00f6sungsmittelhaltiger Acrylklebstoff, roter Kunststoff-Liner. Produkt mit sehr hohem Haftverm\u00f6gen, hervorragend best\u00e4ndig gegen Weichmacher, \u00d6le, L\u00f6sungsmittel, pulverbeschichtete Oberfl\u00e4chen, Feuchtigkeit und UV-Strahlen. Hochleistungsf\u00e4hige viskoelastische schwarze Acrylat-Klebemasse mit sehr hoher Klebkraft, die f\u00fcr hohe Belastungen ausgelegt ist und Schrauben und Nieten in vielen industriellen Prozessen ersetzen kann.<\/p>\n<p><em>Technische Merkmale AFB100:<\/em><\/p>\n<p>Dicke: 1,00 mm<br \/>\nSchutzfolie: rote PE-Folie<br \/>\nHinterlegung: viskoelastische Klebemasse aus Acryl schwarz<br \/>\nKlebstoff: hochleistungsf\u00e4higes L\u00f6sungsmittelacrylat<\/p>\n<p><em>Verf\u00fcgbare Rollengr\u00f6\u00dfen:<\/em><\/p>\n<p>19 mm x 5 m<br \/>\n25 mm x 5 m<\/p>\n<p>Marke: SL Adhesive &amp; Safety<\/p>\n","protected":false},"excerpt":{"rendered":"<p>Schwarzer Acrylschaum, l\u00f6sungsmittelhaltiger Acrylklebstoff, roter Kunststoff-Liner. Produkt mit sehr hohem Haftverm\u00f6gen, hervorragend best\u00e4ndig gegen Weichmacher, \u00d6le, L\u00f6sungsmittel, pulverbeschichtete Oberfl\u00e4chen, Feuchtigkeit und UV-Strahlen. Hochleistungsf\u00e4hige viskoelastische schwarze Acrylat-Klebemasse mit sehr hoher Klebkraft, die f\u00fcr hohe Belastungen ausgelegt ist und Schrauben und Nieten in vielen industriellen Prozessen ersetzen kann.<\/p>\n","protected":false},"featured_media":1492,"template":"","meta":[],"product_brand":[],"product_cat":[531,219],"product_tag":[469,488,698,493,511,699],"class_list":{"0":"post-2685","1":"product","2":"type-product","3":"status-publish","4":"has-post-thumbnail","6":"product_cat-acryl-schaumstoffe","7":"product_cat-nastri-biadesivi-de","8":"product_tag-acrylat-kleber","9":"product_tag-doppelseitiges-klebeband-fuer-die-montage","10":"product_tag-interne-verwendung","11":"product_tag-schwere-lasten","12":"product_tag-starker-griff","13":"product_tag-verwendung-im-freien","15":"first","16":"instock","17":"featured","18":"taxable","19":"shipping-taxable","20":"purchasable","21":"product-type-variable","22":"has-default-attributes"},"_links":{"self":[{"href":"https:\/\/shop.s-line.it\/de\/wp-json\/wp\/v2\/product\/2685","targetHints":{"allow":["GET"]}}],"collection":[{"href":"https:\/\/shop.s-line.it\/de\/wp-json\/wp\/v2\/product"}],"about":[{"href":"https:\/\/shop.s-line.it\/de\/wp-json\/wp\/v2\/types\/product"}],"wp:featuredmedia":[{"embeddable":true,"href":"https:\/\/shop.s-line.it\/de\/wp-json\/wp\/v2\/media\/1492"}],"wp:attachment":[{"href":"https:\/\/shop.s-line.it\/de\/wp-json\/wp\/v2\/media?parent=2685"}],"wp:term":[{"taxonomy":"product_brand","embeddable":true,"href":"https:\/\/shop.s-line.it\/de\/wp-json\/wp\/v2\/product_brand?post=2685"},{"taxonomy":"product_cat","embeddable":true,"href":"https:\/\/shop.s-line.it\/de\/wp-json\/wp\/v2\/product_cat?post=2685"},{"taxonomy":"product_tag","embeddable":true,"href":"https:\/\/shop.s-line.it\/de\/wp-json\/wp\/v2\/product_tag?post=2685"}],"curies":[{"name":"wp","href":"https:\/\/api.w.org\/{rel}","templated":true}]}}