{"id":2691,"date":"2021-05-07T15:37:09","date_gmt":"2021-05-31T13:05:18","guid":{"rendered":"https:\/\/shop.s-line.it\/prodotto\/t950-doppelseitiges-transferband-mit-hoher-dicke\/"},"modified":"2022-01-28T11:00:11","modified_gmt":"2022-01-28T10:00:11","slug":"t950","status":"publish","type":"product","link":"https:\/\/shop.s-line.it\/de\/prodotto\/t950\/","title":{"rendered":"T950 Doppelseitiges Transferband mit hoher Dicke"},"content":{"rendered":"<p><strong>T950 R\u00dcCKW\u00c4RTS GEWICKELT<br \/>\nDoppelseitiges \u00dcbertragungsband mit hoher Dicke<\/strong><\/p>\n<p>Transferband mit hoher Dicke (0,13 mm), bestehend aus einem modifizierten Acrylklebstoff, verst\u00e4rkt mit Fasern und Glaspulvern, hohe Leistung. Spezielles tr\u00e4gerloses Klebeband mit hervorragender Alterungs- und UV-Best\u00e4ndigkeit.<\/p>\n<p>Der T950 wird in der Reverse-Roll-Version (T950\/r) mit einem 1\u2033-Doppelkammer-Kunststoffkern hergestellt, der sowohl mit ATG-Universalspendern als auch mit dem exklusiven ATG900-Applikator von SL verwendet werden kann, der eine schnelle und saubere Applikation gew\u00e4hrleistet.<\/p>\n<p>Zus\u00e4tzlich zum Standardkern ist ein innovatives und alternatives Lochkammersystem (Pcore) f\u00fcr 6 mm dicke Rollen erh\u00e4ltlich, das mit einfachen Adaptern, die mit dem ATG900-Spender geliefert werden, angebracht werden kann. Das 6-mm-Farbband mit perforiertem Kern (T950P\/r) sitzt auf dem Adapter, der bequem im Getriebe des ATG900-Applikators untergebracht ist.<\/p>\n<p><em>Technische Merkmale:<\/em><\/p>\n<p>Dicke: 130 \u00b5 (0,13 mm)<br \/>\nSchutzfolie: braunes bisilikonbeschichtetes Papier 120 gr\/m2<br \/>\nTr\u00e4ger: Glasfasern und Pulver<br \/>\nKlebstoff: modifiziertes L\u00f6sungsmittelacrylat<\/p>\n<p><em>Lieferbar in den Gr\u00f6\u00dfen:<\/em><\/p>\n<p>Walzen mit Standard-Doppelkammerkern<\/p>\n<p>6 mm x 16,5 m<br \/>\n9 mm x 16,5 m<br \/>\n12 mm x 16,5 m<br \/>\n19 mm x 16,5 m<\/p>\n<p>6 mm x 33 m<br \/>\n9 mm x 33 m<br \/>\n12 mm x 33 m<br \/>\n19 mm x 33 m<\/p>\n<p>Rollen mit perforiertem Kern Pcore<\/p>\n<p>6 mm x 16,5 m<br \/>\n6 mm x 33 m<\/p>\n<p>Marke: SL Adhesive &amp; Safety<\/p>\n","protected":false},"excerpt":{"rendered":"<p>Transferband mit hoher Dicke (0,13 mm), bestehend aus einem modifizierten Acrylklebstoff, verst\u00e4rkt mit Fasern und Glaspulvern, hohe Leistung. Spezielles tr\u00e4gerloses Klebeband mit hervorragender Alterungs- und UV-Best\u00e4ndigkeit.<\/p>\n","protected":false},"featured_media":1447,"template":"","meta":[],"product_brand":[],"product_cat":[658,516,219],"product_tag":[469,488,478,483,511],"class_list":{"0":"post-2691","1":"product","2":"type-product","3":"status-publish","4":"has-post-thumbnail","6":"product_cat-atg-und-pcore","7":"product_cat-baender-uebertragen","8":"product_cat-nastri-biadesivi-de","9":"product_tag-acrylat-kleber","10":"product_tag-doppelseitiges-klebeband-fuer-die-montage","11":"product_tag-einsetzbar-mit-atg900-dispenser","12":"product_tag-grafik","13":"product_tag-starker-griff","15":"first","16":"instock","17":"featured","18":"taxable","19":"shipping-taxable","20":"purchasable","21":"product-type-variable"},"_links":{"self":[{"href":"https:\/\/shop.s-line.it\/de\/wp-json\/wp\/v2\/product\/2691","targetHints":{"allow":["GET"]}}],"collection":[{"href":"https:\/\/shop.s-line.it\/de\/wp-json\/wp\/v2\/product"}],"about":[{"href":"https:\/\/shop.s-line.it\/de\/wp-json\/wp\/v2\/types\/product"}],"wp:featuredmedia":[{"embeddable":true,"href":"https:\/\/shop.s-line.it\/de\/wp-json\/wp\/v2\/media\/1447"}],"wp:attachment":[{"href":"https:\/\/shop.s-line.it\/de\/wp-json\/wp\/v2\/media?parent=2691"}],"wp:term":[{"taxonomy":"product_brand","embeddable":true,"href":"https:\/\/shop.s-line.it\/de\/wp-json\/wp\/v2\/product_brand?post=2691"},{"taxonomy":"product_cat","embeddable":true,"href":"https:\/\/shop.s-line.it\/de\/wp-json\/wp\/v2\/product_cat?post=2691"},{"taxonomy":"product_tag","embeddable":true,"href":"https:\/\/shop.s-line.it\/de\/wp-json\/wp\/v2\/product_tag?post=2691"}],"curies":[{"name":"wp","href":"https:\/\/api.w.org\/{rel}","templated":true}]}}