{"id":2702,"date":"2021-05-07T15:34:19","date_gmt":"2021-05-31T13:07:34","guid":{"rendered":"https:\/\/shop.s-line.it\/prodotto\/t927-doppelseitiges-hochleistungstransferband\/"},"modified":"2022-01-28T11:00:17","modified_gmt":"2022-01-28T10:00:17","slug":"t927","status":"publish","type":"product","link":"https:\/\/shop.s-line.it\/de\/prodotto\/t927\/","title":{"rendered":"T927 Doppelseitiges Hochleistungstransferband"},"content":{"rendered":"<p><strong>T927 UMGEKEHRT GEWICKELT<br \/>\nDoppelseitiges Hochleistungs-Transferband <\/strong><\/p>\n<p>\u00c4hnliches Produkt wie T923, jedoch mit einem modifizierten Hochleistungs-Acrylatkleber von 0,05 mm. Schutzfolie aus braunem Bisilikonpapier. Ausgezeichnete Alterungsbest\u00e4ndigkeit.<\/p>\n<div>\n<p>Das Band wird in der umgekehrten Version als Rolle (T927\/r) mit einem 1\u2033-Doppelkammer-Kunststoffkern hergestellt, der sowohl mit ATG-Universalabrollern als auch mit dem exklusiven, von SL gelieferten ATG900-Applikator verwendet werden kann, der eine schnelle und saubere Anwendung gew\u00e4hrleistet.<\/p>\n<p>Zus\u00e4tzlich zum Standardkern ist ein innovatives und alternatives Lochkammersystem (Pcore) f\u00fcr 6 mm dicke Rollen erh\u00e4ltlich, das mit einfachen Adaptern, die mit dem ATG900-Spender geliefert werden, angebracht werden kann. Das 6-mm-Farbband mit perforiertem Kern (T927P\/r) sitzt auf dem Adapter, der bequem im Getriebe des ATG900-Applikators untergebracht ist.<\/p>\n<p><em>Technische Merkmale:<\/em><\/p>\n<p>Dicke: 50 \u00b5 (0,50 mm)<br \/>\nSchutzfolie: havannafarbenes, bisilikoniertes Papier 90 gr\/m2<br \/>\nTr\u00e4ger: Glasfasern und Pulver<br \/>\nKlebstoff: modifiziertes L\u00f6sungsmittelacrylat<\/p>\n<p><em>Lieferbar in den Gr\u00f6\u00dfen:<\/em><\/p>\n<p>Walzen mit Standard-Doppelkammerkern<\/p>\n<p>6 mm x 33 m<br \/>\n9 mm x 33 m<br \/>\n12 mm x 33 m<br \/>\n19 mm x 33 m<\/p>\n<p>6 mm x 55 m<br \/>\n9 mm x 55 m<br \/>\n12 mm x 55 m<br \/>\n19 mm x 55 m<\/p>\n<p>Rollen mit perforiertem Kern Pcore<\/p>\n<p>6 mm x 33 m<br \/>\n6 mm x 55 m<\/p>\n<p>Marke: SL Adhesive &amp; Safety<\/p>\n<\/div>\n","protected":false},"excerpt":{"rendered":"<p>Geringe \u00dcbertragungsdicke (0,05 mm), mit permanentem Klebstoff auf Acrylbasis, verst\u00e4rkt mit Glasfasern und Pulvern. \u00c4hnliches Produkt wie T923, jedoch mit einem modifizierten Acrylatkleber. Spezialklebeband ohne Tr\u00e4germaterial, bestehend aus einer sehr leistungsf\u00e4higen Acrylat-Klebemasse. Ausgezeichnete Alterungsbest\u00e4ndigkeit<\/p>\n","protected":false},"featured_media":1442,"template":"","meta":[],"product_brand":[],"product_cat":[658,516,219],"product_tag":[469,478,483,511],"class_list":{"0":"post-2702","1":"product","2":"type-product","3":"status-publish","4":"has-post-thumbnail","6":"product_cat-atg-und-pcore","7":"product_cat-baender-uebertragen","8":"product_cat-nastri-biadesivi-de","9":"product_tag-acrylat-kleber","10":"product_tag-einsetzbar-mit-atg900-dispenser","11":"product_tag-grafik","12":"product_tag-starker-griff","14":"first","15":"instock","16":"featured","17":"taxable","18":"shipping-taxable","19":"purchasable","20":"product-type-variable"},"_links":{"self":[{"href":"https:\/\/shop.s-line.it\/de\/wp-json\/wp\/v2\/product\/2702","targetHints":{"allow":["GET"]}}],"collection":[{"href":"https:\/\/shop.s-line.it\/de\/wp-json\/wp\/v2\/product"}],"about":[{"href":"https:\/\/shop.s-line.it\/de\/wp-json\/wp\/v2\/types\/product"}],"wp:featuredmedia":[{"embeddable":true,"href":"https:\/\/shop.s-line.it\/de\/wp-json\/wp\/v2\/media\/1442"}],"wp:attachment":[{"href":"https:\/\/shop.s-line.it\/de\/wp-json\/wp\/v2\/media?parent=2702"}],"wp:term":[{"taxonomy":"product_brand","embeddable":true,"href":"https:\/\/shop.s-line.it\/de\/wp-json\/wp\/v2\/product_brand?post=2702"},{"taxonomy":"product_cat","embeddable":true,"href":"https:\/\/shop.s-line.it\/de\/wp-json\/wp\/v2\/product_cat?post=2702"},{"taxonomy":"product_tag","embeddable":true,"href":"https:\/\/shop.s-line.it\/de\/wp-json\/wp\/v2\/product_tag?post=2702"}],"curies":[{"name":"wp","href":"https:\/\/api.w.org\/{rel}","templated":true}]}}