{"id":2713,"date":"2021-04-29T13:40:36","date_gmt":"2021-05-31T13:17:17","guid":{"rendered":"https:\/\/shop.s-line.it\/prodotto\/f205-schwarzer-doppelseitig-klebender-schaumstoff\/"},"modified":"2022-06-22T19:00:50","modified_gmt":"2022-06-22T17:00:50","slug":"f205","status":"publish","type":"product","link":"https:\/\/shop.s-line.it\/de\/prodotto\/f205\/","title":{"rendered":"F205 Schwarzer doppelseitig klebender Schaumstoff"},"content":{"rendered":"<p><strong>F205 Schwarzer doppelseitig klebender Schaumstoff<\/strong><\/p>\n<p>Doppelseitiger, schwarzer PU-Schaum mit offenen Zellen, 0,50 mm dick, Dichte 380 kg\/m\u00b3, modifizierter Solventacrylat-Klebstoff, roter Kunststoffliner. Gute Best\u00e4ndigkeit gegen Weichmacher, \u00d6le, L\u00f6sungsmittel und UV-Strahlen.<\/p>\n<p><em>Technische Merkmale:<\/em><\/p>\n<p>Dicke: 0,50 mm<br \/>\nSchutzfolie: rote Kunststofffolie<br \/>\nHinterlegung: schwarzer Polyurethanschaum<br \/>\nDichte: 380 kg\/m3<br \/>\nKlebstoff: modifiziertes L\u00f6sungsmittelacrylat<\/p>\n<p><em>Verf\u00fcgbare Rollengr\u00f6\u00dfen:<\/em><\/p>\n<p>19 mm x 10 m<br \/>\n19 mm x 50 m<br \/>\n25 mm x 10 m<br \/>\n25 mm x 50 m<\/p>\n<p>Marke: SL Adhesive &amp; Safety<\/p>\n","protected":false},"excerpt":{"rendered":"<p>Doppelseitiger, schwarzer PU-Schaum mit offenen Zellen, 0,50 mm dick, Dichte 380 kg\/m\u00b3, modifizierter Solventacrylat-Klebstoff, roter Kunststoffliner. Gute Best\u00e4ndigkeit gegen Weichmacher, \u00d6le, L\u00f6sungsmittel und UV-Strahlen.<\/p>\n","protected":false},"featured_media":1477,"template":"","meta":[],"product_brand":[],"product_cat":[521,219],"product_tag":[469,488,698],"class_list":{"0":"post-2713","1":"product","2":"type-product","3":"status-publish","4":"has-post-thumbnail","6":"product_cat-doppelseitige-pu-schaeume","7":"product_cat-nastri-biadesivi-de","8":"product_tag-acrylat-kleber","9":"product_tag-doppelseitiges-klebeband-fuer-die-montage","10":"product_tag-interne-verwendung","12":"first","13":"instock","14":"featured","15":"taxable","16":"shipping-taxable","17":"purchasable","18":"product-type-variable"},"_links":{"self":[{"href":"https:\/\/shop.s-line.it\/de\/wp-json\/wp\/v2\/product\/2713","targetHints":{"allow":["GET"]}}],"collection":[{"href":"https:\/\/shop.s-line.it\/de\/wp-json\/wp\/v2\/product"}],"about":[{"href":"https:\/\/shop.s-line.it\/de\/wp-json\/wp\/v2\/types\/product"}],"wp:featuredmedia":[{"embeddable":true,"href":"https:\/\/shop.s-line.it\/de\/wp-json\/wp\/v2\/media\/1477"}],"wp:attachment":[{"href":"https:\/\/shop.s-line.it\/de\/wp-json\/wp\/v2\/media?parent=2713"}],"wp:term":[{"taxonomy":"product_brand","embeddable":true,"href":"https:\/\/shop.s-line.it\/de\/wp-json\/wp\/v2\/product_brand?post=2713"},{"taxonomy":"product_cat","embeddable":true,"href":"https:\/\/shop.s-line.it\/de\/wp-json\/wp\/v2\/product_cat?post=2713"},{"taxonomy":"product_tag","embeddable":true,"href":"https:\/\/shop.s-line.it\/de\/wp-json\/wp\/v2\/product_tag?post=2713"}],"curies":[{"name":"wp","href":"https:\/\/api.w.org\/{rel}","templated":true}]}}