{"id":2716,"date":"2021-04-29T13:42:21","date_gmt":"2021-05-31T13:18:50","guid":{"rendered":"https:\/\/shop.s-line.it\/prodotto\/f831-doppelseitig-klebender-schaumstoff-weiss\/"},"modified":"2022-06-22T19:19:52","modified_gmt":"2022-06-22T17:19:52","slug":"f831-2","status":"publish","type":"product","link":"https:\/\/shop.s-line.it\/de\/prodotto\/f831-2\/","title":{"rendered":"F831 Doppelseitig klebender Schaumstoff wei\u00df"},"content":{"rendered":"<p><strong>F831 Doppelseitig klebender Schaumstoff wei\u00df<\/strong><\/p>\n<p>Wei\u00dfer, doppelseitiger, geschlossenzelliger PE-Schaumstoff, Dicke 1,00 mm und Dichte 67 kg\/m\u00b3, modifizierter Solvent-Acrylat-Klebstoff und hellblaue Kunststoffabdeckung. Ausgezeichnete Best\u00e4ndigkeit gegen Weichmacher, \u00d6le, L\u00f6sungsmittel und UV-Strahlen.<\/p>\n<p><em>Technische Merkmale:<\/em><\/p>\n<p>Dicke: 1,00 mm<br \/>\nSchutzfolie: 80 Mikron blaue Kunststofffolie<br \/>\nUnterlage: wei\u00dfer Polyethylenschaum<br \/>\nDichte: 67 kg\/m3<br \/>\nKlebstoff: modifiziertes L\u00f6sungsmittelacrylat<\/p>\n<p><em>Verf\u00fcgbare Rollengr\u00f6\u00dfen:<\/em><\/p>\n<p>19 mm x 10 m<br \/>\n19 mm x 50 m<br \/>\n25 mm x 10 m<br \/>\n25 mm x 50 m<\/p>\n<p>Marke: SL Adhesive &amp; Safety<\/p>\n","protected":false},"excerpt":{"rendered":"<p>Wei\u00dfer, doppelseitiger, geschlossenzelliger PE-Schaumstoff, Dicke 1,00 mm und Dichte 67 kg\/m\u00b3, modifizierter Solvent-Acrylat-Klebstoff und hellblaue Kunststoffabdeckung. Ausgezeichnete Best\u00e4ndigkeit gegen Weichmacher, \u00d6le, L\u00f6sungsmittel und UV-Strahlen.<\/p>\n","protected":false},"featured_media":1472,"template":"","meta":[],"product_brand":[],"product_cat":[526,219],"product_tag":[469,488,511],"class_list":{"0":"post-2716","1":"product","2":"type-product","3":"status-publish","4":"has-post-thumbnail","6":"product_cat-doppelseitige-pe-schaeume","7":"product_cat-nastri-biadesivi-de","8":"product_tag-acrylat-kleber","9":"product_tag-doppelseitiges-klebeband-fuer-die-montage","10":"product_tag-starker-griff","12":"first","13":"instock","14":"featured","15":"taxable","16":"shipping-taxable","17":"purchasable","18":"product-type-variable"},"_links":{"self":[{"href":"https:\/\/shop.s-line.it\/de\/wp-json\/wp\/v2\/product\/2716","targetHints":{"allow":["GET"]}}],"collection":[{"href":"https:\/\/shop.s-line.it\/de\/wp-json\/wp\/v2\/product"}],"about":[{"href":"https:\/\/shop.s-line.it\/de\/wp-json\/wp\/v2\/types\/product"}],"wp:featuredmedia":[{"embeddable":true,"href":"https:\/\/shop.s-line.it\/de\/wp-json\/wp\/v2\/media\/1472"}],"wp:attachment":[{"href":"https:\/\/shop.s-line.it\/de\/wp-json\/wp\/v2\/media?parent=2716"}],"wp:term":[{"taxonomy":"product_brand","embeddable":true,"href":"https:\/\/shop.s-line.it\/de\/wp-json\/wp\/v2\/product_brand?post=2716"},{"taxonomy":"product_cat","embeddable":true,"href":"https:\/\/shop.s-line.it\/de\/wp-json\/wp\/v2\/product_cat?post=2716"},{"taxonomy":"product_tag","embeddable":true,"href":"https:\/\/shop.s-line.it\/de\/wp-json\/wp\/v2\/product_tag?post=2716"}],"curies":[{"name":"wp","href":"https:\/\/api.w.org\/{rel}","templated":true}]}}