{"id":2719,"date":"2021-04-29T13:44:55","date_gmt":"2021-05-31T13:19:49","guid":{"rendered":"https:\/\/shop.s-line.it\/prodotto\/f231-schwarzer-doppelseitig-klebender-schaumstoff\/"},"modified":"2022-06-22T19:11:14","modified_gmt":"2022-06-22T17:11:14","slug":"f231-2","status":"publish","type":"product","link":"https:\/\/shop.s-line.it\/de\/prodotto\/f231-2\/","title":{"rendered":"F231 Schwarzer doppelseitig klebender Schaumstoff"},"content":{"rendered":"<p><strong>F231 Schwarzer doppelseitig klebender Schaumstoff<\/strong><\/p>\n<p>Schwarzer doppelseitiger geschlossenzelliger PE-Schaumstoff, Dicke 0,80 mm, Dichte 100 kg\/m\u00b3, L\u00f6sungsmittel-Acrylatkleber, gr\u00fcner Kunststoffliner. Dank seiner hervorragenden UV- und Witterungsbest\u00e4ndigkeit eignet es sich besonders f\u00fcr Au\u00dfenanwendungen, Profilmontage im Automobilbereich, Paneele und Glas. Doppelseitiges Klebeband, bestehend aus einem beidseitig verklebten Schaumstofftr\u00e4ger (Polyethylen).<\/p>\n<p><em>Technische Merkmale:<\/em><\/p>\n<p>Dicke: 0,80 mm<br \/>\nSchutzfolie: 80 Mikron gr\u00fcne Kunststofffolie<br \/>\nHinterlegung: schwarzer Polyethylenschaum<br \/>\nDichte: 100 kg\/m3<br \/>\nKlebstoff: L\u00f6sungsmittel-Acrylat<\/p>\n<p><em>Verf\u00fcgbare Rollengr\u00f6\u00dfen:<\/em><\/p>\n<p>19 mm x 10 m<br \/>\n19 mm x 50 m<br \/>\n25 mm x 10 m<br \/>\n25 mm x 50 m<\/p>\n<p>Marke: SL Adhesive &amp; Safety<\/p>\n","protected":false},"excerpt":{"rendered":"<p>Schwarzer doppelseitiger geschlossenzelliger PE-Schaumstoff, Dicke 0,80 mm, Dichte 100 kg\/m\u00b3, L\u00f6sungsmittel-Acrylatkleber, gr\u00fcner Kunststoffliner. Dank seiner hervorragenden UV- und Witterungsbest\u00e4ndigkeit eignet es sich besonders f\u00fcr Au\u00dfenanwendungen, Profilmontage im Automobilbereich, Paneele und Glas. Doppelseitiges Klebeband, bestehend aus einem beidseitig verklebten Schaumstofftr\u00e4ger (Polyethylen).<\/p>\n","protected":false},"featured_media":1467,"template":"","meta":[],"product_brand":[],"product_cat":[526,219],"product_tag":[469,488,511,699],"class_list":{"0":"post-2719","1":"product","2":"type-product","3":"status-publish","4":"has-post-thumbnail","6":"product_cat-doppelseitige-pe-schaeume","7":"product_cat-nastri-biadesivi-de","8":"product_tag-acrylat-kleber","9":"product_tag-doppelseitiges-klebeband-fuer-die-montage","10":"product_tag-starker-griff","11":"product_tag-verwendung-im-freien","13":"first","14":"instock","15":"featured","16":"taxable","17":"shipping-taxable","18":"purchasable","19":"product-type-variable"},"_links":{"self":[{"href":"https:\/\/shop.s-line.it\/de\/wp-json\/wp\/v2\/product\/2719","targetHints":{"allow":["GET"]}}],"collection":[{"href":"https:\/\/shop.s-line.it\/de\/wp-json\/wp\/v2\/product"}],"about":[{"href":"https:\/\/shop.s-line.it\/de\/wp-json\/wp\/v2\/types\/product"}],"wp:featuredmedia":[{"embeddable":true,"href":"https:\/\/shop.s-line.it\/de\/wp-json\/wp\/v2\/media\/1467"}],"wp:attachment":[{"href":"https:\/\/shop.s-line.it\/de\/wp-json\/wp\/v2\/media?parent=2719"}],"wp:term":[{"taxonomy":"product_brand","embeddable":true,"href":"https:\/\/shop.s-line.it\/de\/wp-json\/wp\/v2\/product_brand?post=2719"},{"taxonomy":"product_cat","embeddable":true,"href":"https:\/\/shop.s-line.it\/de\/wp-json\/wp\/v2\/product_cat?post=2719"},{"taxonomy":"product_tag","embeddable":true,"href":"https:\/\/shop.s-line.it\/de\/wp-json\/wp\/v2\/product_tag?post=2719"}],"curies":[{"name":"wp","href":"https:\/\/api.w.org\/{rel}","templated":true}]}}