{"id":2722,"date":"2021-05-07T15:30:12","date_gmt":"2021-05-31T13:22:10","guid":{"rendered":"https:\/\/shop.s-line.it\/prodotto\/t923-natro-doppelseitiges-transferband\/"},"modified":"2022-01-28T11:00:31","modified_gmt":"2022-01-28T10:00:31","slug":"t923-2-2","status":"publish","type":"product","link":"https:\/\/shop.s-line.it\/de\/prodotto\/t923-2-2\/","title":{"rendered":"T923 Natro doppelseitiges Transferband"},"content":{"rendered":"<p><strong>T923 UMGEKEHRT GEWICKELT<br \/>\nPermanentes doppelseitiges \u00dcbertragungsband <\/strong><\/p>\n<p>Das T923-Band ist ein Transferband mit geringer Dicke (0,05 mm) mit permanentem Klebstoff auf Acrylbasis, verst\u00e4rkt mit Glasfasern und Pulvern. Spezialklebeband ohne Tr\u00e4ger, bestehend aus einer Hochleistungs-Acrylat-Klebemasse. Schutzh\u00fclle aus braunem Bisilikonpapier. Ausgezeichnete Alterungsbest\u00e4ndigkeit.<\/p>\n<div>\n<p>Das Transferband wird in der umgekehrten Version als Rolle (T923\/r) mit einem 1\u2033-Doppelkammer-Kunststoffkern hergestellt, der sowohl mit ATG-Universalspendern als auch mit dem exklusiven, von SL gelieferten ATG900-Applikator verwendet werden kann, der eine schnelle und saubere Applikation gew\u00e4hrleistet.<\/p>\n<p>Zus\u00e4tzlich zum Standardkern ist ein innovatives und alternatives Lochkammersystem (Pcore) f\u00fcr 6 mm dicke Rollen erh\u00e4ltlich, das mit einfachen Adaptern, die mit dem ATG900-Spender geliefert werden, angebracht werden kann. Das 6-mm-Farbband mit perforiertem Kern (T923P\/r) sitzt auf dem Adapter, der bequem im Getriebe des ATG900-Applikators untergebracht ist.<\/p>\n<p><em>Technische Merkmale:<\/em><\/p>\n<p>Dicke: 50 \u00b5 (0,05 mm)<br \/>\nSchutzfolie: havannafarbenes, bisilikoniertes Papier 90 gr\/m2<br \/>\nTr\u00e4ger: Glasfasern und Pulver<br \/>\nKlebstoff: L\u00f6sungsmittel-Acrylat<\/p>\n<p><em>Lieferbar in den Gr\u00f6\u00dfen:<\/em><\/p>\n<p>Walzen mit Standard-Doppelkammerkern<\/p>\n<p>6 mm x 33 m<br \/>\n9 mm x 33 m<br \/>\n12 mm x 33 m<br \/>\n19 mm x 33 m<\/p>\n<p>6 mm x 55 m<br \/>\n9 mm x 55 m<br \/>\n12 mm x 55 m<br \/>\n19 mm x 55 m<\/p>\n<p>Rollen mit perforiertem Kern Pcore<\/p>\n<p>6 mm x 33 m<br \/>\n6 mm x 55 m<\/p>\n<p>Marke: SL Adhesive &amp; Safety<\/p>\n<\/div>\n","protected":false},"excerpt":{"rendered":"<p>Das T923-Band ist ein Transferband mit geringer Dicke (0,05 mm) mit permanentem Klebstoff auf Acrylbasis, verst\u00e4rkt mit Glasfasern und Pulvern. Spezialklebeband ohne Tr\u00e4ger, bestehend aus einer Hochleistungs-Acrylat-Klebemasse. Schutzh\u00fclle aus braunem Bisilikonpapier. Ausgezeichnete Alterungsbest\u00e4ndigkeit.<\/p>\n","protected":false},"featured_media":1267,"template":"","meta":[],"product_brand":[],"product_cat":[658,516,219],"product_tag":[469,478,483],"class_list":{"0":"post-2722","1":"product","2":"type-product","3":"status-publish","4":"has-post-thumbnail","6":"product_cat-atg-und-pcore","7":"product_cat-baender-uebertragen","8":"product_cat-nastri-biadesivi-de","9":"product_tag-acrylat-kleber","10":"product_tag-einsetzbar-mit-atg900-dispenser","11":"product_tag-grafik","13":"first","14":"instock","15":"featured","16":"taxable","17":"shipping-taxable","18":"purchasable","19":"product-type-variable"},"_links":{"self":[{"href":"https:\/\/shop.s-line.it\/de\/wp-json\/wp\/v2\/product\/2722","targetHints":{"allow":["GET"]}}],"collection":[{"href":"https:\/\/shop.s-line.it\/de\/wp-json\/wp\/v2\/product"}],"about":[{"href":"https:\/\/shop.s-line.it\/de\/wp-json\/wp\/v2\/types\/product"}],"wp:featuredmedia":[{"embeddable":true,"href":"https:\/\/shop.s-line.it\/de\/wp-json\/wp\/v2\/media\/1267"}],"wp:attachment":[{"href":"https:\/\/shop.s-line.it\/de\/wp-json\/wp\/v2\/media?parent=2722"}],"wp:term":[{"taxonomy":"product_brand","embeddable":true,"href":"https:\/\/shop.s-line.it\/de\/wp-json\/wp\/v2\/product_brand?post=2722"},{"taxonomy":"product_cat","embeddable":true,"href":"https:\/\/shop.s-line.it\/de\/wp-json\/wp\/v2\/product_cat?post=2722"},{"taxonomy":"product_tag","embeddable":true,"href":"https:\/\/shop.s-line.it\/de\/wp-json\/wp\/v2\/product_tag?post=2722"}],"curies":[{"name":"wp","href":"https:\/\/api.w.org\/{rel}","templated":true}]}}