{"id":2733,"date":"2021-04-29T13:46:47","date_gmt":"2021-05-31T13:23:09","guid":{"rendered":"https:\/\/shop.s-line.it\/prodotto\/f235-schwarzer-doppelseitig-klebender-schaumstoff\/"},"modified":"2022-06-22T19:15:40","modified_gmt":"2022-06-22T17:15:40","slug":"f235-2","status":"publish","type":"product","link":"https:\/\/shop.s-line.it\/de\/prodotto\/f235-2\/","title":{"rendered":"F235 Schwarzer doppelseitig klebender Schaumstoff"},"content":{"rendered":"<p><strong>F235 Schwarzer doppelseitig klebender Schaumstoff<\/strong><\/p>\n<p>Schwarzer, doppelseitiger, geschlossenzelliger PE-Schaumstoff, Dicke 0,50 mm, Dichte 125 kg\/m\u00b3, modifizierter Solvent-Acrylat-Klebstoff, roter Kunststoff-Liner. Schwarzer doppelseitiger, geschlossenzelliger PE-Schaumstoff, Dicke 0,50 mm, Dichte 125 kag\/m\u00b3, modifizierter Solvent-Acrylat-Klebstoff, roter Kunststoff-Liner.<\/p>\n<p><em>Technische Merkmale:<\/em><\/p>\n<p>Dicke: 0,50 mm<br \/>\nSchutzfolie: rote Kunststofffolie<br \/>\nHinterlegung: schwarzer Polyethylenschaum<br \/>\nDichte: 125 kg\/m3<br \/>\nKlebstoff: modifiziertes L\u00f6sungsmittelacrylat<\/p>\n<p><em>Verf\u00fcgbare Rollengr\u00f6\u00dfen:<\/em><\/p>\n<p>19 mm x 10 m<br \/>\n19 mm x 50 m<br \/>\n25 mm x 10 m<br \/>\n25 mm x 50 m<\/p>\n<p>Marke: SL Adhesive &amp; Safety<\/p>\n","protected":false},"excerpt":{"rendered":"<p>Schwarzer, doppelseitiger, geschlossenzelliger PE-Schaumstoff, Dicke 0,50 mm, Dichte 125 kg\/m\u00b3, modifizierter Solvent-Acrylat-Klebstoff, roter Kunststoff-Liner. Schwarzer doppelseitiger, geschlossenzelliger PE-Schaumstoff, Dicke 0,50 mm, Dichte 125 kag\/m\u00b3, modifizierter Solvent-Acrylat-Klebstoff, roter Kunststoff-Liner.<\/p>\n","protected":false},"featured_media":1462,"template":"","meta":[],"product_brand":[],"product_cat":[526,219],"product_tag":[469,488,698],"class_list":{"0":"post-2733","1":"product","2":"type-product","3":"status-publish","4":"has-post-thumbnail","6":"product_cat-doppelseitige-pe-schaeume","7":"product_cat-nastri-biadesivi-de","8":"product_tag-acrylat-kleber","9":"product_tag-doppelseitiges-klebeband-fuer-die-montage","10":"product_tag-interne-verwendung","12":"first","13":"instock","14":"featured","15":"taxable","16":"shipping-taxable","17":"purchasable","18":"product-type-variable"},"_links":{"self":[{"href":"https:\/\/shop.s-line.it\/de\/wp-json\/wp\/v2\/product\/2733","targetHints":{"allow":["GET"]}}],"collection":[{"href":"https:\/\/shop.s-line.it\/de\/wp-json\/wp\/v2\/product"}],"about":[{"href":"https:\/\/shop.s-line.it\/de\/wp-json\/wp\/v2\/types\/product"}],"wp:featuredmedia":[{"embeddable":true,"href":"https:\/\/shop.s-line.it\/de\/wp-json\/wp\/v2\/media\/1462"}],"wp:attachment":[{"href":"https:\/\/shop.s-line.it\/de\/wp-json\/wp\/v2\/media?parent=2733"}],"wp:term":[{"taxonomy":"product_brand","embeddable":true,"href":"https:\/\/shop.s-line.it\/de\/wp-json\/wp\/v2\/product_brand?post=2733"},{"taxonomy":"product_cat","embeddable":true,"href":"https:\/\/shop.s-line.it\/de\/wp-json\/wp\/v2\/product_cat?post=2733"},{"taxonomy":"product_tag","embeddable":true,"href":"https:\/\/shop.s-line.it\/de\/wp-json\/wp\/v2\/product_tag?post=2733"}],"curies":[{"name":"wp","href":"https:\/\/api.w.org\/{rel}","templated":true}]}}