{"id":2736,"date":"2021-04-29T17:30:54","date_gmt":"2021-05-31T13:24:21","guid":{"rendered":"https:\/\/shop.s-line.it\/prodotto\/s975-doppelseitiges-tnt-band-mit-hoher-dicke\/"},"modified":"2022-01-28T11:00:38","modified_gmt":"2022-01-28T10:00:38","slug":"s975r","status":"publish","type":"product","link":"https:\/\/shop.s-line.it\/de\/prodotto\/s975r\/","title":{"rendered":"S975 Doppelseitiges TNT-Band mit hoher Dicke"},"content":{"rendered":"<p><strong>S975 UMGEKEHRT GEWICKELT<\/strong><br \/>\n<strong>Doppelseitiges TNT-Band mit hoher Dicke<\/strong><\/p>\n<p>Doppelt beschichtetes Vliesband, Dicke 0,10 mm, modifizierter Solvent-Acrylat-Klebstoff, wei\u00dfer Bisilikonpapier-Liner.<\/p>\n<p>Doppelseitiges Vliesband, Dicke 0,10 mm, modifizierter Solvent-Acrylat-Klebstoff, wei\u00dfe disilikonisierte Papierabdeckung.a<\/p>\n<p>Zus\u00e4tzlich zum Standardkern ist ein innovatives und alternatives Lochkammersystem (Pcore) f\u00fcr 6 mm dicke Rollen erh\u00e4ltlich, das mit einfachen Adaptern, die mit dem ATG900-Spender geliefert werden, angebracht werden kann. Das 6-mm-Farbband mit perforiertem Kern (S975P\/r) sitzt auf dem Adapter, der bequem im Getriebe des ATG900-Applikators untergebracht ist.<\/p>\n<p><em>Technische Merkmale:<\/em><\/p>\n<p>Dicke: 100 \u00b5 (0,10 mm)<br \/>\nSchutzfolie: wei\u00dfes, bisilikonbeschichtetes Papier 110 gr\/m2<br \/>\nUnterlage: Vliesstoff<br \/>\nKlebstoff: L\u00f6sungsmittel-Acrylat<\/p>\n<p><em>Lieferbar in den Gr\u00f6\u00dfen:<\/em><\/p>\n<p>Walzen mit Standard-Doppelkammerkern<\/p>\n<p>6 mm x 33 m<br \/>\n9 mm x 33 m<br \/>\n12 mm x 33 m<br \/>\n19 mm x 33 m<\/p>\n<p>Rollen mit perforiertem Kern Pcore<\/p>\n<p>6 mm x 33 m<\/p>\n<p>Marke: SL Adhesive &amp; Safety<\/p>\n","protected":false},"excerpt":{"rendered":"<p>Doppelt beschichtetes Vliesband, Dicke 0,10 mm, modifizierter Solvent-Acrylat-Klebstoff, wei\u00dfer Bisilikonpapier-Liner.<\/p>\n<p>Umkehrprodukt mit 1&#8243;-Doppelkammer-Kunststoffkern, das sowohl mit ATG-Universalspendern als auch mit dem exklusiven, von SL gelieferten ATG900-Applikator verwendet werden kann, der eine schnelle und saubere Anwendung sowie die maximale Praktikabilit\u00e4t des Austauschs der 6 mm-Rollen mit perforiertem Kern (S975P\/r) gew\u00e4hrleistet.<\/p>\n","protected":false},"featured_media":1307,"template":"","meta":[],"product_brand":[],"product_cat":[658,219,536],"product_tag":[469,478,483,511],"class_list":{"0":"post-2736","1":"product","2":"type-product","3":"status-publish","4":"has-post-thumbnail","6":"product_cat-atg-und-pcore","7":"product_cat-nastri-biadesivi-de","8":"product_cat-doppelseitiges-klebeband-in-tnt","9":"product_tag-acrylat-kleber","10":"product_tag-einsetzbar-mit-atg900-dispenser","11":"product_tag-grafik","12":"product_tag-starker-griff","14":"first","15":"instock","16":"featured","17":"taxable","18":"shipping-taxable","19":"purchasable","20":"product-type-variable"},"_links":{"self":[{"href":"https:\/\/shop.s-line.it\/de\/wp-json\/wp\/v2\/product\/2736","targetHints":{"allow":["GET"]}}],"collection":[{"href":"https:\/\/shop.s-line.it\/de\/wp-json\/wp\/v2\/product"}],"about":[{"href":"https:\/\/shop.s-line.it\/de\/wp-json\/wp\/v2\/types\/product"}],"wp:featuredmedia":[{"embeddable":true,"href":"https:\/\/shop.s-line.it\/de\/wp-json\/wp\/v2\/media\/1307"}],"wp:attachment":[{"href":"https:\/\/shop.s-line.it\/de\/wp-json\/wp\/v2\/media?parent=2736"}],"wp:term":[{"taxonomy":"product_brand","embeddable":true,"href":"https:\/\/shop.s-line.it\/de\/wp-json\/wp\/v2\/product_brand?post=2736"},{"taxonomy":"product_cat","embeddable":true,"href":"https:\/\/shop.s-line.it\/de\/wp-json\/wp\/v2\/product_cat?post=2736"},{"taxonomy":"product_tag","embeddable":true,"href":"https:\/\/shop.s-line.it\/de\/wp-json\/wp\/v2\/product_tag?post=2736"}],"curies":[{"name":"wp","href":"https:\/\/api.w.org\/{rel}","templated":true}]}}