{"id":2742,"date":"2021-05-07T15:27:22","date_gmt":"2021-05-31T13:27:59","guid":{"rendered":"https:\/\/shop.s-line.it\/prodotto\/t922-doppelseitiges-transferband-mit-geringer-dicke\/"},"modified":"2022-01-28T11:00:42","modified_gmt":"2022-01-28T10:00:42","slug":"t922","status":"publish","type":"product","link":"https:\/\/shop.s-line.it\/de\/prodotto\/t922\/","title":{"rendered":"T922 Doppelseitiges Transferband mit geringer Dicke"},"content":{"rendered":"<p><strong>T922 UMGEKEHRT GEWICKELT<br \/>\nPermanentes doppelseitiges \u00dcbertragungsband mit geringer Dicke <\/strong><\/p>\n<p>Das Produkt T922 ist ein Transferklebeband mit geringer Dicke (0,03 mm), dessen Acrylkleber mit Glasfasern und Pulvern verst\u00e4rkt ist. Schutzfolie aus wei\u00dfem Bisilikonpapier. Ausgezeichnete Alterungsbest\u00e4ndigkeit.<\/p>\n<div>\n<p>Das Transferband wird in der umgekehrten Version als Rolle (T922\/r) mit einem 1\u2033-Doppelkammer-Kunststoffkern hergestellt, der sowohl mit ATG-Universalspendern als auch mit dem exklusiven, von SL gelieferten ATG900-Applikator verwendet werden kann, der eine schnelle und saubere Applikation gew\u00e4hrleistet.<\/p>\n<p>Zus\u00e4tzlich zum Standardkern ist ein innovatives und alternatives Lochkammersystem (Pcore) f\u00fcr 6 mm dicke Rollen erh\u00e4ltlich, das mit einfachen Adaptern, die mit dem ATG900-Spender geliefert werden, angebracht werden kann. Das 6-mm-Farbband mit perforiertem Kern (T922P\/r) sitzt auf dem Adapter, der bequem im Getriebe des ATG900-Applikators untergebracht ist.<\/p>\n<p><em>Technische Merkmale:<\/em><\/p>\n<p>Dicke: 30 \u00b5 (0,03 mm)<br \/>\nSchutzfolie: wei\u00dfes disilikonisiertes Papier 67 gr\/m2<br \/>\nTr\u00e4ger: Glasfasern und Pulver<br \/>\nKlebstoff: L\u00f6sungsmittel-Acrylat<\/p>\n<p><em>Lieferbar in den Gr\u00f6\u00dfen:<\/em><\/p>\n<p>Walzen mit Standard-Doppelkammerkern<\/p>\n<p>6 mm x 55 m<br \/>\n9 mm x 55 m<br \/>\n12 mm x 55 m<br \/>\n19 mm x 55 m<\/p>\n<p>Rollen mit perforiertem Kern Pcore<\/p>\n<p>6 mm x 55 m<\/p>\n<p>Marke: SL Adhesive &amp; Safety<\/p>\n<\/div>\n","protected":false},"excerpt":{"rendered":"<p>T922\/r ist ein Transferklebeband mit geringer Dicke (0,03 mm), dessen Acrylatkleber mit Glasfasern und Pulvern verst\u00e4rkt ist. Schutzfolie aus wei\u00dfem Bisilikonpapier. Ausgezeichnete Alterungsbest\u00e4ndigkeit.<\/p>\n","protected":false},"featured_media":1452,"template":"","meta":[],"product_brand":[],"product_cat":[219],"product_tag":[469,478,483],"class_list":{"0":"post-2742","1":"product","2":"type-product","3":"status-publish","4":"has-post-thumbnail","6":"product_cat-nastri-biadesivi-de","7":"product_tag-acrylat-kleber","8":"product_tag-einsetzbar-mit-atg900-dispenser","9":"product_tag-grafik","11":"first","12":"instock","13":"featured","14":"taxable","15":"shipping-taxable","16":"purchasable","17":"product-type-variable"},"_links":{"self":[{"href":"https:\/\/shop.s-line.it\/de\/wp-json\/wp\/v2\/product\/2742","targetHints":{"allow":["GET"]}}],"collection":[{"href":"https:\/\/shop.s-line.it\/de\/wp-json\/wp\/v2\/product"}],"about":[{"href":"https:\/\/shop.s-line.it\/de\/wp-json\/wp\/v2\/types\/product"}],"wp:featuredmedia":[{"embeddable":true,"href":"https:\/\/shop.s-line.it\/de\/wp-json\/wp\/v2\/media\/1452"}],"wp:attachment":[{"href":"https:\/\/shop.s-line.it\/de\/wp-json\/wp\/v2\/media?parent=2742"}],"wp:term":[{"taxonomy":"product_brand","embeddable":true,"href":"https:\/\/shop.s-line.it\/de\/wp-json\/wp\/v2\/product_brand?post=2742"},{"taxonomy":"product_cat","embeddable":true,"href":"https:\/\/shop.s-line.it\/de\/wp-json\/wp\/v2\/product_cat?post=2742"},{"taxonomy":"product_tag","embeddable":true,"href":"https:\/\/shop.s-line.it\/de\/wp-json\/wp\/v2\/product_tag?post=2742"}],"curies":[{"name":"wp","href":"https:\/\/api.w.org\/{rel}","templated":true}]}}