{"id":12188,"date":"2025-05-23T12:50:36","date_gmt":"2025-05-23T10:50:38","guid":{"rendered":"https:\/\/shop.s-line.it\/?post_type=product&#038;p=12188"},"modified":"2025-05-23T12:56:55","modified_gmt":"2025-05-23T10:56:55","slug":"s975-cinta-tnt-de-doble-cara-de-alto-espesor-copia","status":"publish","type":"product","link":"https:\/\/shop.s-line.it\/es\/prodotto\/s975-cinta-tnt-de-doble-cara-de-alto-espesor-copia\/","title":{"rendered":"S975 Cinta TNT de doble cara de alto espesor (Copia)"},"content":{"rendered":"<p><strong>S975 REVERSE WOUND<\/strong><br \/>\n<strong>Cinta TNT de doble cara de alto espesor<\/strong><\/p>\n<p>Cinta de tejido sin tejer de doble cara, espesor 0.10 mm, adhesivo acr\u00edlico solvente modificado, protector de papel bisiliconado blanco.<\/p>\n<p>Producto en reverse (S975\/r) con n\u00facleo de pl\u00e1stico de doble c\u00e1mara de 1&#8243; que se puede utilizar tanto con los dispensadores universales ATG como con el exclusivo aplicador ATG900 suministrado por SL que garantiza una aplicaci\u00f3n r\u00e1pida y limpia.<\/p>\n<p>Adem\u00e1s del n\u00facleo est\u00e1ndar, existe un innovador y alternativo sistema de c\u00e1mara perforada (Pcore) para rollos de 6 mm de espesor, que se puede aplicar mediante sencillos adaptadores suministrados con el dispensador ATG900. La cinta de 6 mm con n\u00facleo perforado (S975P\/r) se pone en el adaptador que se coloca\u00a0f\u00e1cilmente dentro del engranaje del aplicador ATG900.<\/p>\n<p><em>Caracter\u00edsticas t\u00e9cnicas:<\/em><\/p>\n<p>Espesor: 100 \u00b5 (0.10 mm)<br \/>\nProtector: papel bisiliconado blanco de 110 gr\/m2<br \/>\nSoporte: tejido sin tejer<br \/>\nAdhesivo: acr\u00edlico solvente modificado<\/p>\n<p><em>Disponible en medidas:<\/em><\/p>\n<p>Rollos con n\u00facleo est\u00e1ndar de doble c\u00e1mara<\/p>\n<p>6 mm x 33 m<br \/>\n9 mm x 33 m<br \/>\n12 mm x 33 m<br \/>\n19 mm x 33 m<\/p>\n<p>Rollos con n\u00facleo perforado Pcore<\/p>\n<p>6 mm x 33 m<\/p>\n<p>Marca: SL Adhesive &amp; Safety<\/p>\n","protected":false},"excerpt":{"rendered":"<p>Cinta de tejido sin tejer de doble cara, espesor 0.10 mm, adhesivo acr\u00edlico solvente modificado, protector de papel bisiliconado blanco.<\/p>\n<p>Producto en reverse (S975\/r) con n\u00facleo de pl\u00e1stico de doble c\u00e1mara de 1&#8243; que se puede utilizar tanto con los dispensadores universales ATG como con el exclusivo aplicador ATG900 suministrado por SL que garantiza una aplicaci\u00f3n r\u00e1pida y limpia.<\/p>\n","protected":false},"featured_media":1459,"template":"","meta":[],"product_brand":[],"product_cat":[824,221,538],"product_tag":[471,480,485,513],"class_list":{"0":"post-12188","1":"product","2":"type-product","3":"status-publish","4":"has-post-thumbnail","6":"product_cat-atg-y-pcore","7":"product_cat-nastri-biadesivi-es","8":"product_cat-cinta-de-doble-cara-en-tnt","9":"product_tag-adhesivo-acrilico","10":"product_tag-aplicable-con-el-dispensador-atg900","11":"product_tag-arte-grafico","12":"product_tag-fuerte-agarre","14":"first","15":"instock","16":"featured","17":"taxable","18":"shipping-taxable","19":"purchasable","20":"product-type-variable"},"_links":{"self":[{"href":"https:\/\/shop.s-line.it\/es\/wp-json\/wp\/v2\/product\/12188","targetHints":{"allow":["GET"]}}],"collection":[{"href":"https:\/\/shop.s-line.it\/es\/wp-json\/wp\/v2\/product"}],"about":[{"href":"https:\/\/shop.s-line.it\/es\/wp-json\/wp\/v2\/types\/product"}],"wp:featuredmedia":[{"embeddable":true,"href":"https:\/\/shop.s-line.it\/es\/wp-json\/wp\/v2\/media\/1459"}],"wp:attachment":[{"href":"https:\/\/shop.s-line.it\/es\/wp-json\/wp\/v2\/media?parent=12188"}],"wp:term":[{"taxonomy":"product_brand","embeddable":true,"href":"https:\/\/shop.s-line.it\/es\/wp-json\/wp\/v2\/product_brand?post=12188"},{"taxonomy":"product_cat","embeddable":true,"href":"https:\/\/shop.s-line.it\/es\/wp-json\/wp\/v2\/product_cat?post=12188"},{"taxonomy":"product_tag","embeddable":true,"href":"https:\/\/shop.s-line.it\/es\/wp-json\/wp\/v2\/product_tag?post=12188"}],"curies":[{"name":"wp","href":"https:\/\/api.w.org\/{rel}","templated":true}]}}