{"id":3061,"date":"2021-05-14T17:37:03","date_gmt":"2021-05-31T14:51:37","guid":{"rendered":"https:\/\/shop.s-line.it\/prodotto\/t921-cinta-de-transferencia-extraible-de-doble-cara\/"},"modified":"2022-01-28T11:04:17","modified_gmt":"2022-01-28T10:04:17","slug":"t921-reverse-wound-ciapa-2","status":"publish","type":"product","link":"https:\/\/shop.s-line.it\/es\/prodotto\/t921-reverse-wound-ciapa-2\/","title":{"rendered":"T921 Cinta transfer de doble cara removible"},"content":{"rendered":"<p><strong>T921 REVERSE WOUND<br \/>\nCinta transfer de doble cara removible<\/strong><\/p>\n<p>T921 es una cinta transfer con adhesivo removible, de 0.03 mm de espesor. Cinta adhesiva especial sin soporte, formada por una masa adhesiva acr\u00edlica que se puede quitar f\u00e1cilmente sin dejar residuos. Protector en papel bisiliconado blanco.<\/p>\n<div>\n<p>El T921 se produce en la versi\u00f3n reverse en rollo (T921\/r) con un n\u00facleo de pl\u00e1stico de doble c\u00e1mara de 1\u2033 que se puede utilizar tanto con los dispensadores universales ATG como con el exclusivo aplicador ATG900 suministrado por SL que garantiza una aplicaci\u00f3n r\u00e1pida y limpia.<\/p>\n<p>Adem\u00e1s del n\u00facleo est\u00e1ndar, existe un innovador y alternativo sistema de c\u00e1mara perforada (Pcore) para rollos de 6 mm de espesor, que puede aplicarse mediante sencillos adaptadores suministrados con el dispensador ATG900. La cinta de 6 mm con n\u00facleo perforado (T921P\/r) se pone en el adaptador que se coloca f\u00e1cilmente dentro del engranaje del aplicador ATG900.<\/p>\n<\/div>\n<div>\n<p><em>Caracter\u00edsticas t\u00e9cnicas:<\/em><\/p>\n<p>Espesor: 30 \u00b5 (0.03 mm)<br \/>\nProtector: papel bisiliconado blanco de 67 gr\/m2<br \/>\nSoporte: sin soporte<br \/>\nAdhesivo: acr\u00edlico solvente removible<\/p>\n<\/div>\n<p><em>Disponible en medidas:<\/em><\/p>\n<p>Rollos con n\u00facleo est\u00e1ndar de doble c\u00e1mara<\/p>\n<p>6 mm x 50 m<br \/>\n9 mm x 50 m<br \/>\n12 mm x 50 m<br \/>\n19 mm x 50 m<\/p>\n<p>Rollos con n\u00facleo perforado Pcore<\/p>\n<p>6 mm x 50 m<\/p>\n<p>Marca: SL Adhesive &amp; Safety<\/p>\n","protected":false},"excerpt":{"rendered":"<div class=\"product-short-description\">\n<p>T921 es una cinta transfer con adhesivo removible con un espesor de 0.03 mm. Cinta adhesiva especial sin soporte, formada por una masa adhesiva acr\u00edlica que se puede quitar f\u00e1cilmente sin dejar residuos. Protector en papel bisiliconado blanco.<br \/>\nAplicable con el dispensador ATG900.<\/p>\n<\/div>\n","protected":false},"featured_media":1519,"template":"","meta":[],"product_brand":[],"product_cat":[221],"product_tag":[475,480,485,490],"class_list":{"0":"post-3061","1":"product","2":"type-product","3":"status-publish","4":"has-post-thumbnail","6":"product_cat-nastri-biadesivi-es","7":"product_tag-adhesivo-removible","8":"product_tag-aplicable-con-el-dispensador-atg900","9":"product_tag-arte-grafico","10":"product_tag-cinta-adhesiva-de-doble-cara-para-el-montaje","12":"first","13":"instock","14":"featured","15":"taxable","16":"shipping-taxable","17":"purchasable","18":"product-type-variable"},"_links":{"self":[{"href":"https:\/\/shop.s-line.it\/es\/wp-json\/wp\/v2\/product\/3061","targetHints":{"allow":["GET"]}}],"collection":[{"href":"https:\/\/shop.s-line.it\/es\/wp-json\/wp\/v2\/product"}],"about":[{"href":"https:\/\/shop.s-line.it\/es\/wp-json\/wp\/v2\/types\/product"}],"wp:featuredmedia":[{"embeddable":true,"href":"https:\/\/shop.s-line.it\/es\/wp-json\/wp\/v2\/media\/1519"}],"wp:attachment":[{"href":"https:\/\/shop.s-line.it\/es\/wp-json\/wp\/v2\/media?parent=3061"}],"wp:term":[{"taxonomy":"product_brand","embeddable":true,"href":"https:\/\/shop.s-line.it\/es\/wp-json\/wp\/v2\/product_brand?post=3061"},{"taxonomy":"product_cat","embeddable":true,"href":"https:\/\/shop.s-line.it\/es\/wp-json\/wp\/v2\/product_cat?post=3061"},{"taxonomy":"product_tag","embeddable":true,"href":"https:\/\/shop.s-line.it\/es\/wp-json\/wp\/v2\/product_tag?post=3061"}],"curies":[{"name":"wp","href":"https:\/\/api.w.org\/{rel}","templated":true}]}}