{"id":3067,"date":"2021-05-11T16:45:02","date_gmt":"2021-05-31T14:53:58","guid":{"rendered":"https:\/\/shop.s-line.it\/prodotto\/recambios-tack-it\/"},"modified":"2022-01-28T11:04:27","modified_gmt":"2022-01-28T10:04:27","slug":"tack-it-rotoli-ricariche-ciapa-2","status":"publish","type":"product","link":"https:\/\/shop.s-line.it\/es\/prodotto\/tack-it-rotoli-ricariche-ciapa-2\/","title":{"rendered":"Recambios Tack-it"},"content":{"rendered":"<p><strong>RECAMBIOS DE ROLLOS TACK-IT<\/strong><\/p>\n<p>Cinta adhesiva de papel de color, escribible, removible y reposicionable.<\/p>\n<p>Una vez terminado el rollo suministrado en el dispensador, es posible reintegrarlo con los recambios disponibles en diferentes colores y\u00a0tama\u00f1os en funci\u00f3n del aplicador utilizado. La superficie totalmente adhesiva garantiza una excelente adherencia, una f\u00e1cil remoci\u00f3n sin residuos y la posibilidad de pegar y despegar la pieza deseada varias veces sin perder su poder adhesivo.<\/p>\n<div>\n<p><em>Caracter\u00edsticas t\u00e9cnicas:<\/em><\/p>\n<p>Espesor: 100 \u00b5 (0.10 mm)<br \/>\nAdhesivo: acr\u00edlico de base agua removible<\/p>\n<hr \/>\n<p><em>Tama\u00f1o del rollo Tack-it: 60 mm x 10 m<\/em><\/p>\n<p><em>Colores disponibles: amarillo pastel, azul claro pastel, verde pastel, rosa pastel, amarillo ne\u00f3n, naranja ne\u00f3n, verde ne\u00f3n, rosa ne\u00f3n<\/em><\/p>\n<hr \/>\n<p><em>Tama\u00f1o del rollo de Tack-it Note: 60 mm x 10 m<\/em><\/p>\n<p><em>Colores disponibles: amarillo pastel, azul claro pastel, verde pastel, rosa pastel, amarillo ne\u00f3n, naranja ne\u00f3n, verde ne\u00f3n, rosa ne\u00f3n<\/em><\/p>\n<hr \/>\n<p><em>Tama\u00f1o del rollo de Tack-it Car: 45 mm x 10 m<\/em><\/p>\n<p><em>Colores disponibles: amarillo pastel<\/em><\/p>\n<hr \/>\n<p>Marca: SL Adhesive &amp; Safety<\/p>\n<\/div>\n","protected":false},"excerpt":{"rendered":"<p>Cinta adhesiva de papel de color, escribible, removible y reposicionable.<\/p>\n<p>Una vez terminado el rollo suministrado en el dispensador, es posible reintegrarlo con los recambios disponibles en diferentes colores y\u00a0tama\u00f1os en funci\u00f3n del aplicador utilizado. La superficie totalmente adhesiva garantiza una excelente adherencia, una f\u00e1cil remoci\u00f3n sin residuos y la posibilidad de pegar y despegar la pieza deseada varias veces sin perder su poder adhesivo.<\/p>\n","protected":false},"featured_media":10737,"template":"","meta":[],"product_brand":[],"product_cat":[230],"product_tag":[475,499,798,800,801],"class_list":{"0":"post-3067","1":"product","2":"type-product","3":"status-publish","4":"has-post-thumbnail","6":"product_cat-nastri-ufficio-es","7":"product_tag-adhesivo-removible","8":"product_tag-inicio","9":"product_tag-cinta-grabable","10":"product_tag-escuela","11":"product_tag-oficina","13":"first","14":"instock","15":"featured","16":"taxable","17":"shipping-taxable","18":"purchasable","19":"product-type-variable"},"_links":{"self":[{"href":"https:\/\/shop.s-line.it\/es\/wp-json\/wp\/v2\/product\/3067","targetHints":{"allow":["GET"]}}],"collection":[{"href":"https:\/\/shop.s-line.it\/es\/wp-json\/wp\/v2\/product"}],"about":[{"href":"https:\/\/shop.s-line.it\/es\/wp-json\/wp\/v2\/types\/product"}],"wp:featuredmedia":[{"embeddable":true,"href":"https:\/\/shop.s-line.it\/es\/wp-json\/wp\/v2\/media\/10737"}],"wp:attachment":[{"href":"https:\/\/shop.s-line.it\/es\/wp-json\/wp\/v2\/media?parent=3067"}],"wp:term":[{"taxonomy":"product_brand","embeddable":true,"href":"https:\/\/shop.s-line.it\/es\/wp-json\/wp\/v2\/product_brand?post=3067"},{"taxonomy":"product_cat","embeddable":true,"href":"https:\/\/shop.s-line.it\/es\/wp-json\/wp\/v2\/product_cat?post=3067"},{"taxonomy":"product_tag","embeddable":true,"href":"https:\/\/shop.s-line.it\/es\/wp-json\/wp\/v2\/product_tag?post=3067"}],"curies":[{"name":"wp","href":"https:\/\/api.w.org\/{rel}","templated":true}]}}