{"id":3087,"date":"2021-05-11T16:43:01","date_gmt":"2021-05-31T14:55:35","guid":{"rendered":"https:\/\/shop.s-line.it\/prodotto\/coche-tack-it\/"},"modified":"2022-01-28T11:04:30","modified_gmt":"2022-01-28T10:04:30","slug":"tack-it-car-ciapa-2","status":"publish","type":"product","link":"https:\/\/shop.s-line.it\/es\/prodotto\/tack-it-car-ciapa-2\/","title":{"rendered":"Tack-it Car"},"content":{"rendered":"<p><strong>TACK-IT CAR<\/strong><br \/>\n<strong>Dispensador con rollo para medios de transporte<\/strong><\/p>\n<p>Dispensador particular dise\u00f1ado espec\u00edficamente para ser fijado en el interior de cada veh\u00edculo gracias a su soporte ya equipado con adhesivo de espuma de doble cara. El aplicador puede extraerse c\u00f3modamente de la placa de soporte y su peque\u00f1o tama\u00f1o lo hace apto para el bolsillo. Tambi\u00e9n cuenta con un pr\u00e1ctico portabol\u00edgrafo en el lateral.\u00a0Este dispensador, dotado de la formidable cinta de papel escribible, removible y reposicionable, permite cortar a la longitud deseada evitando el desperdicio, sin da\u00f1ar ni dejar residuos en las superficies sobre las que se pone.<\/p>\n<p><em>Caracter\u00edsticas t\u00e9cnicas cinta de papel:<\/em><\/p>\n<p>Espesor: 100 \u00b5 (0.10 mm)<br \/>\nTama\u00f1o del rollo: 45 mm x 10 m<br \/>\nAdhesivo: acr\u00edlico de base agua removible<\/p>\n<p><em>Colores de rollo disponibles: amarillo pastel<\/em><\/p>\n<p><strong><em>En el paquete se incluye un portabol\u00edgrafo rojo<\/em><\/strong><\/p>\n<p>Marca: SL Adhesive &amp; Safety<\/p>\n","protected":false},"excerpt":{"rendered":"<p>Dispensador particular dise\u00f1ado espec\u00edficamente para ser fijado en el interior de cada veh\u00edculo gracias a su soporte ya equipado con adhesivo de doble cara. El aplicador puede extraerse c\u00f3modamente de la placa de soporte y su peque\u00f1o tama\u00f1o lo hace apto para el bolsillo. Tambi\u00e9n cuenta con un pr\u00e1ctico portabol\u00edgrafo en el lateral.\u00a0Este dispensador, dotado de la formidable cinta de papel escribible, removible y reposicionable, permite cortar a la longitud deseada evitando el desperdicio, sin da\u00f1ar ni dejar residuos en las superficies sobre las que se pone.<\/p>\n","protected":false},"featured_media":11035,"template":"","meta":[],"product_brand":[],"product_cat":[230],"product_tag":[475,499,798,800,801],"class_list":{"0":"post-3087","1":"product","2":"type-product","3":"status-publish","4":"has-post-thumbnail","6":"product_cat-nastri-ufficio-es","7":"product_tag-adhesivo-removible","8":"product_tag-inicio","9":"product_tag-cinta-grabable","10":"product_tag-escuela","11":"product_tag-oficina","13":"first","14":"instock","15":"featured","16":"taxable","17":"shipping-taxable","18":"purchasable","19":"product-type-variable"},"_links":{"self":[{"href":"https:\/\/shop.s-line.it\/es\/wp-json\/wp\/v2\/product\/3087","targetHints":{"allow":["GET"]}}],"collection":[{"href":"https:\/\/shop.s-line.it\/es\/wp-json\/wp\/v2\/product"}],"about":[{"href":"https:\/\/shop.s-line.it\/es\/wp-json\/wp\/v2\/types\/product"}],"wp:featuredmedia":[{"embeddable":true,"href":"https:\/\/shop.s-line.it\/es\/wp-json\/wp\/v2\/media\/11035"}],"wp:attachment":[{"href":"https:\/\/shop.s-line.it\/es\/wp-json\/wp\/v2\/media?parent=3087"}],"wp:term":[{"taxonomy":"product_brand","embeddable":true,"href":"https:\/\/shop.s-line.it\/es\/wp-json\/wp\/v2\/product_brand?post=3087"},{"taxonomy":"product_cat","embeddable":true,"href":"https:\/\/shop.s-line.it\/es\/wp-json\/wp\/v2\/product_cat?post=3087"},{"taxonomy":"product_tag","embeddable":true,"href":"https:\/\/shop.s-line.it\/es\/wp-json\/wp\/v2\/product_tag?post=3087"}],"curies":[{"name":"wp","href":"https:\/\/api.w.org\/{rel}","templated":true}]}}