{"id":3089,"date":"2021-05-11T16:40:00","date_gmt":"2021-05-31T14:57:03","guid":{"rendered":"https:\/\/shop.s-line.it\/prodotto\/nota-adhesiva\/"},"modified":"2022-01-28T11:04:37","modified_gmt":"2022-01-28T10:04:37","slug":"tack-it-note-ciapa","status":"publish","type":"product","link":"https:\/\/shop.s-line.it\/es\/prodotto\/tack-it-note-ciapa\/","title":{"rendered":"Tack-it Note"},"content":{"rendered":"<p><strong>TACK-IT NOTE<\/strong><br \/>\n<strong>dispensador con rollo<\/strong><\/p>\n<p>Particular dispensador que gracias a sus dos rodillos permite desenrollar c\u00f3modamente el rollo de adhesivo sobre una s\u00f3lida base de escritura con la que est\u00e1 equipado. Gracias a la cinta adhesiva de doble cara incluida en el paquete, el aplicador puede fijarse en cualquier superficie tanto vertical como horizontalmente. Tambi\u00e9n cuenta con un pr\u00e1ctico portabol\u00edgrafo\u00a0en el lateral. Este dispensador, dotado de la formidable cinta de papel escribible, removible y reposicionable, permite cortar a la longitud deseada evitando el desperdicio, sin da\u00f1ar ni dejar residuos en las superficies sobre las que se pone.<\/p>\n<p><em>Caracter\u00edsticas t\u00e9cnicas cinta de papel:<\/em><\/p>\n<p>Espesor: 100 \u00b5 (0.10 mm)<br \/>\nTama\u00f1o del rollo: 60 mm x 10 m<br \/>\nAdhesivo: acr\u00edlico de base agua removible<\/p>\n<p><em>Colores de rollo disponibles: amarillo pastel, azul pastel, verde pastel, rosa pastel, amarillo ne\u00f3n, naranja ne\u00f3n, verde ne\u00f3n, fucsia ne\u00f3n<\/em><\/p>\n<p>Marca: SL Adhesive &amp; Safety<\/p>\n","protected":false},"excerpt":{"rendered":"<p>Particular dispensador que gracias a sus dos rodillos permite desenrollar c\u00f3modamente el rollo de adhesivo sobre una s\u00f3lida base de escritura con la que est\u00e1 equipado. Gracias a la cinta adhesiva de doble cara incluida en el paquete, el aplicador puede fijarse en cualquier superficie tanto vertical como horizontalmente. Tambi\u00e9n cuenta con un pr\u00e1ctico portabol\u00edgrafo\u00a0en el lateral. Este dispensador, dotado de la formidable cinta de papel escribible, removible y reposicionable, permite cortar a la longitud deseada evitando el desperdicio, sin da\u00f1ar ni dejar residuos en las superficies sobre las que se pone.<\/p>\n","protected":false},"featured_media":11029,"template":"","meta":[],"product_brand":[],"product_cat":[230],"product_tag":[475,499,798,800,801],"class_list":{"0":"post-3089","1":"product","2":"type-product","3":"status-publish","4":"has-post-thumbnail","6":"product_cat-nastri-ufficio-es","7":"product_tag-adhesivo-removible","8":"product_tag-inicio","9":"product_tag-cinta-grabable","10":"product_tag-escuela","11":"product_tag-oficina","13":"first","14":"instock","15":"featured","16":"taxable","17":"shipping-taxable","18":"purchasable","19":"product-type-variable"},"_links":{"self":[{"href":"https:\/\/shop.s-line.it\/es\/wp-json\/wp\/v2\/product\/3089","targetHints":{"allow":["GET"]}}],"collection":[{"href":"https:\/\/shop.s-line.it\/es\/wp-json\/wp\/v2\/product"}],"about":[{"href":"https:\/\/shop.s-line.it\/es\/wp-json\/wp\/v2\/types\/product"}],"wp:featuredmedia":[{"embeddable":true,"href":"https:\/\/shop.s-line.it\/es\/wp-json\/wp\/v2\/media\/11029"}],"wp:attachment":[{"href":"https:\/\/shop.s-line.it\/es\/wp-json\/wp\/v2\/media?parent=3089"}],"wp:term":[{"taxonomy":"product_brand","embeddable":true,"href":"https:\/\/shop.s-line.it\/es\/wp-json\/wp\/v2\/product_brand?post=3089"},{"taxonomy":"product_cat","embeddable":true,"href":"https:\/\/shop.s-line.it\/es\/wp-json\/wp\/v2\/product_cat?post=3089"},{"taxonomy":"product_tag","embeddable":true,"href":"https:\/\/shop.s-line.it\/es\/wp-json\/wp\/v2\/product_tag?post=3089"}],"curies":[{"name":"wp","href":"https:\/\/api.w.org\/{rel}","templated":true}]}}