{"id":3109,"date":"2021-05-07T15:37:09","date_gmt":"2021-05-31T15:00:13","guid":{"rendered":"https:\/\/shop.s-line.it\/prodotto\/t950-cinta-de-transferencia-de-doble-cara-de-alto-espesor\/"},"modified":"2022-01-28T11:04:53","modified_gmt":"2022-01-28T10:04:53","slug":"t950-2","status":"publish","type":"product","link":"https:\/\/shop.s-line.it\/es\/prodotto\/t950-2\/","title":{"rendered":"T950 Cinta transfer de doble cara de alto espesor"},"content":{"rendered":"<p><strong>T950 REVERSE WOUND<br \/>\nCinta transfer de doble cara de alto espesor<\/strong><\/p>\n<p>Cinta transfer de alto espesor (0.13 mm), compuesta por un adhesivo acr\u00edlico modificado reforzado con fibras y polvo de vidrio, de alto rendimiento. Cinta adhesiva especial sin soporte con excelente resistencia al envejecimiento y a los rayos UV.<\/p>\n<p>El T950 se produce en la versi\u00f3n de rollo inverso (T950\/r) con un n\u00facleo de pl\u00e1stico de doble c\u00e1mara de 1\u2033 que se puede utilizar tanto con los dispensadores universales ATG como con el exclusivo aplicador ATG900 suministrado por SL que garantiza una aplicaci\u00f3n r\u00e1pida y limpia.<\/p>\n<p>Adem\u00e1s del n\u00facleo est\u00e1ndar, existe un innovador y alternativo sistema de c\u00e1mara perforada (Pcore) para rollos de 6 mm de espesor, que puede aplicarse mediante sencillos adaptadores suministrados con el dispensador ATG900. La cinta de 6 mm con n\u00facleo perforado (T950P\/r) se pone en el adaptador que se coloca f\u00e1cilmente dentro del engranaje del aplicador ATG900.<\/p>\n<p><em>Caracter\u00edsticas t\u00e9cnicas:<\/em><\/p>\n<p>Espesor: 130 \u00b5 (0.13 mm)<br \/>\nProtector: papel bisiliconado marr\u00f3n de 120 gr\/m2<br \/>\nSoporte: fibras y polvo de vidrio<br \/>\nAdhesivo: acr\u00edlico solvente modificado<\/p>\n<p><em>Disponible en medidas:<\/em><\/p>\n<p>Rollos con n\u00facleo est\u00e1ndar de doble c\u00e1mara<\/p>\n<p>6 mm x 16.5 m<br \/>\n9 mm x 16.5 m<br \/>\n12 mm x 16.5 m<br \/>\n19 mm x 16.5 m<\/p>\n<p>6 mm x 33 m<br \/>\n9 mm x 33 m<br \/>\n12 mm x 33 m<br \/>\n19 mm x 33 m<\/p>\n<p>Rollos con n\u00facleo perforado Pcore<\/p>\n<p>6 mm x 16.5 m<br \/>\n6 mm x 33 m<\/p>\n<p>Marca: SL Adhesive &amp; Safety<\/p>\n","protected":false},"excerpt":{"rendered":"<p>Cinta transfer de alto espesor (0.13 mm), compuesta por un adhesivo acr\u00edlico modificado reforzado con fibras y polvo de vidrio, de alto rendimiento. Cinta adhesiva especial sin soporte con excelente resistencia al envejecimiento y a los rayos UV.<\/p>\n","protected":false},"featured_media":1449,"template":"","meta":[],"product_brand":[],"product_cat":[824,221,518],"product_tag":[471,480,485,490,513],"class_list":{"0":"post-3109","1":"product","2":"type-product","3":"status-publish","4":"has-post-thumbnail","6":"product_cat-atg-y-pcore","7":"product_cat-nastri-biadesivi-es","8":"product_cat-cintas-de-transferencia","9":"product_tag-adhesivo-acrilico","10":"product_tag-aplicable-con-el-dispensador-atg900","11":"product_tag-arte-grafico","12":"product_tag-cinta-adhesiva-de-doble-cara-para-el-montaje","13":"product_tag-fuerte-agarre","15":"first","16":"instock","17":"featured","18":"taxable","19":"shipping-taxable","20":"purchasable","21":"product-type-variable"},"_links":{"self":[{"href":"https:\/\/shop.s-line.it\/es\/wp-json\/wp\/v2\/product\/3109","targetHints":{"allow":["GET"]}}],"collection":[{"href":"https:\/\/shop.s-line.it\/es\/wp-json\/wp\/v2\/product"}],"about":[{"href":"https:\/\/shop.s-line.it\/es\/wp-json\/wp\/v2\/types\/product"}],"wp:featuredmedia":[{"embeddable":true,"href":"https:\/\/shop.s-line.it\/es\/wp-json\/wp\/v2\/media\/1449"}],"wp:attachment":[{"href":"https:\/\/shop.s-line.it\/es\/wp-json\/wp\/v2\/media?parent=3109"}],"wp:term":[{"taxonomy":"product_brand","embeddable":true,"href":"https:\/\/shop.s-line.it\/es\/wp-json\/wp\/v2\/product_brand?post=3109"},{"taxonomy":"product_cat","embeddable":true,"href":"https:\/\/shop.s-line.it\/es\/wp-json\/wp\/v2\/product_cat?post=3109"},{"taxonomy":"product_tag","embeddable":true,"href":"https:\/\/shop.s-line.it\/es\/wp-json\/wp\/v2\/product_tag?post=3109"}],"curies":[{"name":"wp","href":"https:\/\/api.w.org\/{rel}","templated":true}]}}