{"id":3120,"date":"2021-05-07T15:34:19","date_gmt":"2021-05-31T15:02:05","guid":{"rendered":"https:\/\/shop.s-line.it\/prodotto\/t927-cinta-de-transferencia-de-doble-cara-de-alto-rendimiento\/"},"modified":"2022-01-28T11:08:28","modified_gmt":"2022-01-28T10:08:28","slug":"t927","status":"publish","type":"product","link":"https:\/\/shop.s-line.it\/es\/prodotto\/t927\/","title":{"rendered":"T927 Cinta transfer de doble cara de alto rendimiento"},"content":{"rendered":"<p><strong>T927 TRANSFER REVERSE<br \/>\nCinta transfer de doble cara de alto rendimiento <\/strong><\/p>\n<p>Producto similar al T923 pero con un adhesivo acr\u00edlico modificado de alto rendimiento de 0.05 mm. Protector en papel bisiliconado habana. Excelente resistencia al envejecimiento.<\/p>\n<div>\n<p>La cinta se produce en la versi\u00f3n reverse en rollo (T927\/r) con un n\u00facleo de pl\u00e1stico de doble c\u00e1mara de 1\u2033 que se puede utilizar tanto con los dispensadores universales ATG como con el exclusivo aplicador ATG900 suministrado por SL que garantiza una aplicaci\u00f3n r\u00e1pida y limpia.<\/p>\n<p>Adem\u00e1s del n\u00facleo est\u00e1ndar, existe un innovador y alternativo sistema de c\u00e1mara perforada (Pcore) para rollos de 6 mm de espesor, que puede aplicarse mediante sencillos adaptadores suministrados con el dispensador ATG900. La cinta de 6 mm con n\u00facleo perforado (T927P\/r) se pone en el adaptador que se coloca f\u00e1cilmente dentro del engranaje del aplicador ATG900.<\/p>\n<p><em>Caracter\u00edsticas t\u00e9cnicas:<\/em><\/p>\n<p>Espesor: 50 \u00b5 (0.50 mm)<br \/>\nProtector: papel bisiliconado habana 90 gr\/m2<br \/>\nSoporte: fibras y polvo de vidrio<br \/>\nAdhesivo: acr\u00edlico solvente modificado<\/p>\n<p><em>Disponible en medidas:<\/em><\/p>\n<p>Rollos con n\u00facleo est\u00e1ndar de doble c\u00e1mara<\/p>\n<p>6 mm x 33 m<br \/>\n9 mm x 33 m<br \/>\n12 mm x 33 m<br \/>\n19 mm x 33 m<\/p>\n<p>6 mm x 55 m<br \/>\n9 mm x 55 m<br \/>\n12 mm x 55 m<br \/>\n19 mm x 55 m<\/p>\n<p>Rollos con n\u00facleo perforado Pcore<\/p>\n<p>6 mm x 33 m<br \/>\n6 mm x 55 m<\/p>\n<p>Marca: SL Adhesive &amp; Safety<\/p>\n<\/div>\n","protected":false},"excerpt":{"rendered":"<p>Cinta transfer de bajo espesor (0.05 mm), con adhesivo permanente de base acr\u00edlica, reforzado con fibras de vidrio y polvo. Producto similar al T923 pero con un adhesivo acr\u00edlico modificado. Cinta adhesiva especial sin soporte, compuesta por una masa adhesiva acr\u00edlica de muy alto rendimiento. Excelente resistencia al envejecimiento<\/p>\n","protected":false},"featured_media":1444,"template":"","meta":[],"product_brand":[],"product_cat":[824,221,518],"product_tag":[471,480,485,513],"class_list":{"0":"post-3120","1":"product","2":"type-product","3":"status-publish","4":"has-post-thumbnail","6":"product_cat-atg-y-pcore","7":"product_cat-nastri-biadesivi-es","8":"product_cat-cintas-de-transferencia","9":"product_tag-adhesivo-acrilico","10":"product_tag-aplicable-con-el-dispensador-atg900","11":"product_tag-arte-grafico","12":"product_tag-fuerte-agarre","14":"first","15":"instock","16":"featured","17":"taxable","18":"shipping-taxable","19":"purchasable","20":"product-type-variable"},"_links":{"self":[{"href":"https:\/\/shop.s-line.it\/es\/wp-json\/wp\/v2\/product\/3120","targetHints":{"allow":["GET"]}}],"collection":[{"href":"https:\/\/shop.s-line.it\/es\/wp-json\/wp\/v2\/product"}],"about":[{"href":"https:\/\/shop.s-line.it\/es\/wp-json\/wp\/v2\/types\/product"}],"wp:featuredmedia":[{"embeddable":true,"href":"https:\/\/shop.s-line.it\/es\/wp-json\/wp\/v2\/media\/1444"}],"wp:attachment":[{"href":"https:\/\/shop.s-line.it\/es\/wp-json\/wp\/v2\/media?parent=3120"}],"wp:term":[{"taxonomy":"product_brand","embeddable":true,"href":"https:\/\/shop.s-line.it\/es\/wp-json\/wp\/v2\/product_brand?post=3120"},{"taxonomy":"product_cat","embeddable":true,"href":"https:\/\/shop.s-line.it\/es\/wp-json\/wp\/v2\/product_cat?post=3120"},{"taxonomy":"product_tag","embeddable":true,"href":"https:\/\/shop.s-line.it\/es\/wp-json\/wp\/v2\/product_tag?post=3120"}],"curies":[{"name":"wp","href":"https:\/\/api.w.org\/{rel}","templated":true}]}}