{"id":3147,"date":"2021-05-07T15:27:22","date_gmt":"2021-05-31T15:07:00","guid":{"rendered":"https:\/\/shop.s-line.it\/prodotto\/t922-cinta-de-transferencia-de-doble-cara-y-bajo-espesor\/"},"modified":"2022-01-28T11:05:11","modified_gmt":"2022-01-28T10:05:11","slug":"t922-2","status":"publish","type":"product","link":"https:\/\/shop.s-line.it\/es\/prodotto\/t922-2\/","title":{"rendered":"T922 Cinta transfer de doble cara de bajo espesor"},"content":{"rendered":"<p><strong>T922 TRANSFER REVERSE<br \/>\nCinta transfer permanente de doble cara de bajo espesor <\/strong><\/p>\n<p>El producto T922 es una cinta adhesiva transfer de bajo espesor (0.03 mm) con adhesivo acr\u00edlico reforzado con fibras y polvo de vidrio. Protector en papel doble siliconado blanco. Excelente resistencia al envejecimiento.<\/p>\n<div>\n<p>La cinta transfer se produce en la versi\u00f3n reverse en rollo (T922\/r) con un n\u00facleo de pl\u00e1stico de doble c\u00e1mara de 1\u2033 que se puede utilizar tanto con los dispensadores universales ATG como con el exclusivo aplicador ATG900 suministrado por SL que garantiza una aplicaci\u00f3n r\u00e1pida y limpia.<\/p>\n<p>Adem\u00e1s del n\u00facleo est\u00e1ndar, existe un innovador y alternativo sistema de c\u00e1mara perforada (Pcore) para rollos de 6 mm de espesor, que se puede aplicar mediante sencillos adaptadores suministrados con el dispensador ATG900. La cinta de 6 mm con n\u00facleo perforado (T922P\/r) se pone en el adaptador que se coloca f\u00e1cilmente dentro del engranaje del aplicador ATG900.<\/p>\n<p><em>Caracter\u00edsticas t\u00e9cnicas:<\/em><\/p>\n<p>Espesor: 30 \u00b5 (0.03 mm)<br \/>\nProtector: papel bisiliconado blanco de 67 gr\/m2<br \/>\nSoporte: fibras y polvo de vidrio<br \/>\nAdhesivo: acr\u00edlico solvente<\/p>\n<p><em>Disponible en medidas:<\/em><\/p>\n<p>Rollos con n\u00facleo est\u00e1ndar de doble c\u00e1mara<\/p>\n<p>6 mm x 55 m<br \/>\n9 mm x 55 m<br \/>\n12 mm x 55 m<br \/>\n19 mm x 55 m<\/p>\n<p>Rollos con n\u00facleo perforado Pcore<\/p>\n<p>6 mm x 55 m<\/p>\n<p>Marca: SL Adhesive &amp; Safety<\/p>\n<\/div>\n","protected":false},"excerpt":{"rendered":"<p>T922\/r es una cinta adhesiva transfer de bajo espesor (0.03 mm) con adhesivo acr\u00edlico reforzado con fibras y polvo de vidrio. Protector en papel bisiliconado blanco. Excelente resistencia al envejecimiento.<\/p>\n","protected":false},"featured_media":1454,"template":"","meta":[],"product_brand":[],"product_cat":[221],"product_tag":[471,480,485],"class_list":{"0":"post-3147","1":"product","2":"type-product","3":"status-publish","4":"has-post-thumbnail","6":"product_cat-nastri-biadesivi-es","7":"product_tag-adhesivo-acrilico","8":"product_tag-aplicable-con-el-dispensador-atg900","9":"product_tag-arte-grafico","11":"first","12":"instock","13":"featured","14":"taxable","15":"shipping-taxable","16":"purchasable","17":"product-type-variable"},"_links":{"self":[{"href":"https:\/\/shop.s-line.it\/es\/wp-json\/wp\/v2\/product\/3147","targetHints":{"allow":["GET"]}}],"collection":[{"href":"https:\/\/shop.s-line.it\/es\/wp-json\/wp\/v2\/product"}],"about":[{"href":"https:\/\/shop.s-line.it\/es\/wp-json\/wp\/v2\/types\/product"}],"wp:featuredmedia":[{"embeddable":true,"href":"https:\/\/shop.s-line.it\/es\/wp-json\/wp\/v2\/media\/1454"}],"wp:attachment":[{"href":"https:\/\/shop.s-line.it\/es\/wp-json\/wp\/v2\/media?parent=3147"}],"wp:term":[{"taxonomy":"product_brand","embeddable":true,"href":"https:\/\/shop.s-line.it\/es\/wp-json\/wp\/v2\/product_brand?post=3147"},{"taxonomy":"product_cat","embeddable":true,"href":"https:\/\/shop.s-line.it\/es\/wp-json\/wp\/v2\/product_cat?post=3147"},{"taxonomy":"product_tag","embeddable":true,"href":"https:\/\/shop.s-line.it\/es\/wp-json\/wp\/v2\/product_tag?post=3147"}],"curies":[{"name":"wp","href":"https:\/\/api.w.org\/{rel}","templated":true}]}}