{"id":3174,"date":"2021-04-29T13:36:56","date_gmt":"2021-05-31T15:21:52","guid":{"rendered":"https:\/\/shop.s-line.it\/prodotto\/afb100-espuma-acrilica-negra\/"},"modified":"2022-01-28T11:05:27","modified_gmt":"2022-01-28T10:05:27","slug":"afb-2","status":"publish","type":"product","link":"https:\/\/shop.s-line.it\/es\/prodotto\/afb-2\/","title":{"rendered":"AFB100 Espuma acr\u00edlica negra"},"content":{"rendered":"<p><strong>AFB100 Espuma acr\u00edlica negra<\/strong><\/p>\n<p>Espuma acr\u00edlica negra, adhesivo acr\u00edlico solvente, protector de pl\u00e1stico rojo. Producto de muy alta adhesividad, excelente resistencia a los plastificantes, aceites, solventes, superficies recubiertas de polvo, humedad y rayos UV. Compuesto por una masa de adhesivo acr\u00edlico negro viscoel\u00e1stico de alto rendimiento y muy alta adhesividad, dise\u00f1ado para soportar grandes cargas y que puede sustituir a los tornillos y remaches en muchos procesos industriales.<\/p>\n<p><em>Caracter\u00edsticas t\u00e9cnicas AFB100:<\/em><\/p>\n<p>Espesor: 1.00 mm<br \/>\nProtector: pel\u00edcula de pl\u00e1stico roja de 80 micras<br \/>\nSoporte: masa acr\u00edlica adhesiva viscoel\u00e1stica negra<br \/>\nAdhesivo: acr\u00edlico solvente de alto rendimiento<\/p>\n<p><em>Tama\u00f1os de rollos disponibles:<\/em><\/p>\n<p>19 mm x 5 m<br \/>\n25 mm x 5 m<\/p>\n<p>Marca: SL Adhesive &amp; Safety<\/p>\n","protected":false},"excerpt":{"rendered":"<p>Espuma acr\u00edlica negra, adhesivo acr\u00edlico solvente, protector de pl\u00e1stico rojo. Producto de muy alta adhesividad, excelente resistencia a los plastificantes, aceites, solventes, superficies recubiertas de polvo, humedad y rayos UV. Compuesto por una masa de adhesivo acr\u00edlico negro viscoel\u00e1stico de alto rendimiento y muy alta adhesividad, dise\u00f1ado para soportar grandes cargas y que puede sustituir a los tornillos y remaches en muchos procesos industriales.<\/p>\n","protected":false},"featured_media":1494,"template":"","meta":[],"product_brand":[],"product_cat":[221,533],"product_tag":[471,495,490,513,802,803],"class_list":{"0":"post-3174","1":"product","2":"type-product","3":"status-publish","4":"has-post-thumbnail","6":"product_cat-nastri-biadesivi-es","7":"product_cat-espumas-acrilicas","8":"product_tag-adhesivo-acrilico","9":"product_tag-cargas-pesadas","10":"product_tag-cinta-adhesiva-de-doble-cara-para-el-montaje","11":"product_tag-fuerte-agarre","12":"product_tag-uso-en-exteriores","13":"product_tag-uso-interno-es","15":"first","16":"instock","17":"featured","18":"taxable","19":"shipping-taxable","20":"purchasable","21":"product-type-variable","22":"has-default-attributes"},"_links":{"self":[{"href":"https:\/\/shop.s-line.it\/es\/wp-json\/wp\/v2\/product\/3174","targetHints":{"allow":["GET"]}}],"collection":[{"href":"https:\/\/shop.s-line.it\/es\/wp-json\/wp\/v2\/product"}],"about":[{"href":"https:\/\/shop.s-line.it\/es\/wp-json\/wp\/v2\/types\/product"}],"wp:featuredmedia":[{"embeddable":true,"href":"https:\/\/shop.s-line.it\/es\/wp-json\/wp\/v2\/media\/1494"}],"wp:attachment":[{"href":"https:\/\/shop.s-line.it\/es\/wp-json\/wp\/v2\/media?parent=3174"}],"wp:term":[{"taxonomy":"product_brand","embeddable":true,"href":"https:\/\/shop.s-line.it\/es\/wp-json\/wp\/v2\/product_brand?post=3174"},{"taxonomy":"product_cat","embeddable":true,"href":"https:\/\/shop.s-line.it\/es\/wp-json\/wp\/v2\/product_cat?post=3174"},{"taxonomy":"product_tag","embeddable":true,"href":"https:\/\/shop.s-line.it\/es\/wp-json\/wp\/v2\/product_tag?post=3174"}],"curies":[{"name":"wp","href":"https:\/\/api.w.org\/{rel}","templated":true}]}}