{"id":3180,"date":"2021-04-29T13:30:48","date_gmt":"2021-05-31T15:24:45","guid":{"rendered":"https:\/\/shop.s-line.it\/prodotto\/afg100-espuma-acrilica-gris\/"},"modified":"2022-01-28T11:05:31","modified_gmt":"2022-01-28T10:05:31","slug":"afg","status":"publish","type":"product","link":"https:\/\/shop.s-line.it\/es\/prodotto\/afg\/","title":{"rendered":"AFG100 Espuma acr\u00edlica gris"},"content":{"rendered":"<p><strong>AFG100 Espuma acr\u00edlica gris<\/strong><\/p>\n<p>Espuma acr\u00edlica gris, adhesivo acr\u00edlico solvente, forro de pl\u00e1stico rojo. Este producto tiene una gran adhesividad y es muy resistente a los plastificantes, aceites, disolventes, detergentes, humedad y rayos UV. Masa viscoel\u00e1stica acr\u00edlica gris de alto rendimiento, dise\u00f1ada para soportar grandes cargas y que puede sustituir a los tornillos y remaches en muchos procesos industriales. Excelente resistencia a la temperatura y a los plastificantes, aceites, solventes, detergentes, humedad y rayos UV.<\/p>\n<p><em>Caracter\u00edsticas t\u00e9cnicas AFG100:<\/em><\/p>\n<p>Espesor: 1.00 mm<br \/>\nProtector: pel\u00edcula de pl\u00e1stico roja de 80 micras<br \/>\nSoporte:\u00a0masa viscoel\u00e1stica acr\u00edlica gris<br \/>\nAdhesivo: acr\u00edlico solvente de alto rendimiento<\/p>\n<p><em>Tama\u00f1os de rollos disponibles:<\/em><\/p>\n<p>19 mm x 5 m<br \/>\n25 mm x 5 m<\/p>\n<p>Marca: SL Adhesive &amp; Safety<\/p>\n","protected":false},"excerpt":{"rendered":"<p>Espuma acr\u00edlica gris, adhesivo acr\u00edlico solvente, forro de pl\u00e1stico rojo. Este producto tiene una gran adhesividad y es muy resistente a los plastificantes, aceites, disolventes, detergentes, humedad y rayos UV. Masa viscoel\u00e1stica acr\u00edlica gris de alto rendimiento, dise\u00f1ada para soportar grandes cargas y que puede sustituir a los tornillos y remaches en muchos procesos industriales. Excelente resistencia a la temperatura y a los plastificantes, aceites, solventes, detergentes, humedad y rayos UV.<\/p>\n","protected":false},"featured_media":1489,"template":"","meta":[],"product_brand":[],"product_cat":[221,533],"product_tag":[471,495,490,513,802,803],"class_list":{"0":"post-3180","1":"product","2":"type-product","3":"status-publish","4":"has-post-thumbnail","6":"product_cat-nastri-biadesivi-es","7":"product_cat-espumas-acrilicas","8":"product_tag-adhesivo-acrilico","9":"product_tag-cargas-pesadas","10":"product_tag-cinta-adhesiva-de-doble-cara-para-el-montaje","11":"product_tag-fuerte-agarre","12":"product_tag-uso-en-exteriores","13":"product_tag-uso-interno-es","15":"first","16":"instock","17":"featured","18":"taxable","19":"shipping-taxable","20":"purchasable","21":"product-type-variable"},"_links":{"self":[{"href":"https:\/\/shop.s-line.it\/es\/wp-json\/wp\/v2\/product\/3180","targetHints":{"allow":["GET"]}}],"collection":[{"href":"https:\/\/shop.s-line.it\/es\/wp-json\/wp\/v2\/product"}],"about":[{"href":"https:\/\/shop.s-line.it\/es\/wp-json\/wp\/v2\/types\/product"}],"wp:featuredmedia":[{"embeddable":true,"href":"https:\/\/shop.s-line.it\/es\/wp-json\/wp\/v2\/media\/1489"}],"wp:attachment":[{"href":"https:\/\/shop.s-line.it\/es\/wp-json\/wp\/v2\/media?parent=3180"}],"wp:term":[{"taxonomy":"product_brand","embeddable":true,"href":"https:\/\/shop.s-line.it\/es\/wp-json\/wp\/v2\/product_brand?post=3180"},{"taxonomy":"product_cat","embeddable":true,"href":"https:\/\/shop.s-line.it\/es\/wp-json\/wp\/v2\/product_cat?post=3180"},{"taxonomy":"product_tag","embeddable":true,"href":"https:\/\/shop.s-line.it\/es\/wp-json\/wp\/v2\/product_tag?post=3180"}],"curies":[{"name":"wp","href":"https:\/\/api.w.org\/{rel}","templated":true}]}}