{"id":3262,"date":"2021-04-28T18:08:58","date_gmt":"2021-05-31T15:31:19","guid":{"rendered":"https:\/\/shop.s-line.it\/prodotto\/grano-grueso-24\/"},"modified":"2024-03-04T10:30:06","modified_gmt":"2024-03-04T09:30:06","slug":"grueso","status":"publish","type":"product","link":"https:\/\/shop.s-line.it\/es\/prodotto\/grueso\/","title":{"rendered":"Coarse 36 grit"},"content":{"rendered":"<p><strong>COARSE 36 GRIT<\/strong><\/p>\n<p>Cinta antideslizante de corind\u00f3n de grano grueso (36 grit) con adhesivo acr\u00edlico solvente modificado. Gracias al grosor del grano es necesario para aplicaciones extremas en las que una cinta antideslizante normal no funcionar\u00eda debido a la acumulaci\u00f3n de suciedad, barro y residuos. R13 certificado seg\u00fan los criterios de resistencia al deslizamiento de las nuevas normas UNI EN 16165:2021 y DIN EN 16165:2023-02 (es decir, el nivel m\u00e1s alto posible de seguridad y resistencia al deslizamiento).<br \/>\nExcelente resistencia al pisoteo, a la intemperie y a los rayos UV, aceites, detergentes y solventes.<\/p>\n<p><em>Caracter\u00edsticas t\u00e9cnicas:<\/em><\/p>\n<p>Espesor: 36 grit<br \/>\nProtector: papel monosiliconado blanco<br \/>\nSoporte: part\u00edculas abrasivas de corind\u00f3n<br \/>\nAdhesivo: acr\u00edlico solvente modificado<\/p>\n<p><em>Colores disponibles: Negro<\/em><\/p>\n<p><em>Tama\u00f1os de rollos\u00a0<\/em><i>disponibles:<\/i><\/p>\n<p>19 mm x 18 m<br \/>\n25 mm x 18 m<br \/>\n50 mm x 18 m<br \/>\n100 mm x 18 m<\/p>\n<p>Marca: SL Adhesive &amp; Safety<\/p>\n","protected":false},"excerpt":{"rendered":"<p>Cinta antideslizante de corind\u00f3n de grano grueso (36 grit) con adhesivo acr\u00edlico solvente modificado.<\/p>\n<p>Producto certificado R13 seg\u00fan los criterios de resistencia al deslizamiento de las nuevas normas UNI EN 16165:2021 y DIN EN 16165:2023-02 (es decir, el nivel m\u00e1s alto posible de seguridad y resistencia al deslizamiento). <\/p>\n<p>Debido al grosor del grano, es necesario para aplicaciones extremas en las que una cinta antideslizante normal no funcionar\u00eda debido a la acumulaci\u00f3n de suciedad, barro y residuos.<\/p>\n<p>Excelente resistencia al pisoteo, a la intemperie y a los rayos UV, aceites, detergentes y solventes.<\/p>\n","protected":false},"featured_media":1414,"template":"","meta":[],"product_brand":[],"product_cat":[795,223],"product_tag":[471,802],"class_list":{"0":"post-3262","1":"product","2":"type-product","3":"status-publish","4":"has-post-thumbnail","6":"product_cat-cintas-antideslizantes","7":"product_cat-nastri-sicurezza-es","8":"product_tag-adhesivo-acrilico","9":"product_tag-uso-en-exteriores","11":"first","12":"instock","13":"taxable","14":"shipping-taxable","15":"purchasable","16":"product-type-variable"},"_links":{"self":[{"href":"https:\/\/shop.s-line.it\/es\/wp-json\/wp\/v2\/product\/3262","targetHints":{"allow":["GET"]}}],"collection":[{"href":"https:\/\/shop.s-line.it\/es\/wp-json\/wp\/v2\/product"}],"about":[{"href":"https:\/\/shop.s-line.it\/es\/wp-json\/wp\/v2\/types\/product"}],"wp:featuredmedia":[{"embeddable":true,"href":"https:\/\/shop.s-line.it\/es\/wp-json\/wp\/v2\/media\/1414"}],"wp:attachment":[{"href":"https:\/\/shop.s-line.it\/es\/wp-json\/wp\/v2\/media?parent=3262"}],"wp:term":[{"taxonomy":"product_brand","embeddable":true,"href":"https:\/\/shop.s-line.it\/es\/wp-json\/wp\/v2\/product_brand?post=3262"},{"taxonomy":"product_cat","embeddable":true,"href":"https:\/\/shop.s-line.it\/es\/wp-json\/wp\/v2\/product_cat?post=3262"},{"taxonomy":"product_tag","embeddable":true,"href":"https:\/\/shop.s-line.it\/es\/wp-json\/wp\/v2\/product_tag?post=3262"}],"curies":[{"name":"wp","href":"https:\/\/api.w.org\/{rel}","templated":true}]}}