{"id":3268,"date":"2021-04-28T17:58:10","date_gmt":"2021-05-31T15:33:03","guid":{"rendered":"https:\/\/shop.s-line.it\/prodotto\/grano-60-conformable-con-soporte-de-aluminio\/"},"modified":"2022-01-28T11:06:03","modified_gmt":"2022-01-28T10:06:03","slug":"conformable","status":"publish","type":"product","link":"https:\/\/shop.s-line.it\/es\/prodotto\/conformable\/","title":{"rendered":"Conformable con soporte de aluminio de 60 grit"},"content":{"rendered":"<p><strong>CONFORMABILE 60 GRIT <\/strong><br \/>\n<strong>con soporte de aluminio<\/strong><\/p>\n<p>Cinta antideslizante con soporte de aluminio recubierto de part\u00edculas abrasivas de corind\u00f3n (60 grit), dotada de adhesivo acr\u00edlico solvente modificado. Gracias al aluminio, este producto es capaz de adaptarse de manera formidable a superficies irregulares y curvas, como escaleras de aluminio estriadas, rampas, rejillas, etc.. Tiene una excelente resistencia al pisoteo, los agentes atmosf\u00e9ricos, los rayos UV, los aceites, los detergentes y los solventes.<\/p>\n<p><em>Caracter\u00edsticas t\u00e9cnicas:<\/em><\/p>\n<p>Espesor: 60 grit<br \/>\nProtector: pel\u00edcula de poli\u00e9ster transparente<br \/>\nSoporte: aluminio recubierto de part\u00edculas abrasivas de corind\u00f3n<br \/>\nAdhesivo: acr\u00edlico solvente modificado<\/p>\n<p><em>Colores disponibles: Negro, Amarillo<\/em><\/p>\n<p><em>Tama\u00f1os de rollo<\/em><i>disponibles:<\/i><\/p>\n<p>19 mm x 16.5 m<br \/>\n25 mm x 16.5 m<br \/>\n50 mm x 16.5 m<br \/>\n100 mm x 16.5 m<\/p>\n<p>Marca: SL Adhesive &amp; Safety<\/p>\n","protected":false},"excerpt":{"rendered":"<p>Cinta antideslizante con soporte de aluminio recubierto de part\u00edculas abrasivas de corind\u00f3n (60 grit), dotada de adhesivo acr\u00edlico solvente modificado. Gracias al aluminio, este producto es capaz de adaptarse de manera formidable a superficies irregulares y curvas, como escaleras de aluminio estriadas, rampas, rejillas, etc.. Tiene una excelente resistencia al pisoteo, los agentes atmosf\u00e9ricos, los rayos UV, los aceites, los detergentes y los solventes.<\/p>\n","protected":false},"featured_media":1409,"template":"","meta":[],"product_brand":[],"product_cat":[795,223],"product_tag":[471],"class_list":{"0":"post-3268","1":"product","2":"type-product","3":"status-publish","4":"has-post-thumbnail","6":"product_cat-cintas-antideslizantes","7":"product_cat-nastri-sicurezza-es","8":"product_tag-adhesivo-acrilico","10":"first","11":"instock","12":"taxable","13":"shipping-taxable","14":"purchasable","15":"product-type-variable"},"_links":{"self":[{"href":"https:\/\/shop.s-line.it\/es\/wp-json\/wp\/v2\/product\/3268","targetHints":{"allow":["GET"]}}],"collection":[{"href":"https:\/\/shop.s-line.it\/es\/wp-json\/wp\/v2\/product"}],"about":[{"href":"https:\/\/shop.s-line.it\/es\/wp-json\/wp\/v2\/types\/product"}],"wp:featuredmedia":[{"embeddable":true,"href":"https:\/\/shop.s-line.it\/es\/wp-json\/wp\/v2\/media\/1409"}],"wp:attachment":[{"href":"https:\/\/shop.s-line.it\/es\/wp-json\/wp\/v2\/media?parent=3268"}],"wp:term":[{"taxonomy":"product_brand","embeddable":true,"href":"https:\/\/shop.s-line.it\/es\/wp-json\/wp\/v2\/product_brand?post=3268"},{"taxonomy":"product_cat","embeddable":true,"href":"https:\/\/shop.s-line.it\/es\/wp-json\/wp\/v2\/product_cat?post=3268"},{"taxonomy":"product_tag","embeddable":true,"href":"https:\/\/shop.s-line.it\/es\/wp-json\/wp\/v2\/product_tag?post=3268"}],"curies":[{"name":"wp","href":"https:\/\/api.w.org\/{rel}","templated":true}]}}