{"id":3277,"date":"2014-08-09T21:11:51","date_gmt":"2021-05-31T15:34:22","guid":{"rendered":"https:\/\/shop.s-line.it\/prodotto\/aft100-espuma-acrilica-transparente\/"},"modified":"2022-01-28T11:06:05","modified_gmt":"2022-01-28T10:06:05","slug":"fluro-big-pullover-designers-remix","status":"publish","type":"product","link":"https:\/\/shop.s-line.it\/es\/prodotto\/fluro-big-pullover-designers-remix\/","title":{"rendered":"AFT100 Espuma acr\u00edlica transparente"},"content":{"rendered":"<p><strong>AFT100 Espuma acr\u00edlica transparente<\/strong><\/p>\n<p>Espuma acr\u00edlica transparente, adhesivo acr\u00edlico solvente, protector de pl\u00e1stico rojo. Masa adhesiva acr\u00edlica viscoel\u00e1stica de alto rendimiento. Producto de gran adhesividad, dise\u00f1ado para soportar grandes cargas y que puede sustituir a los tornillos y remaches en muchos procesos industriales. Excelente resistencia a los plastificantes, aceites, solventes, detergentes, humedad y rayos UV.<\/p>\n<div>\n<div>\n<p><em>Caracter\u00edsticas t\u00e9cnicas AFT100:<\/em><\/p>\n<p>Espesor: 1.00 mm<br \/>\nProtector: pel\u00edcula de PE roja<br \/>\nSoporte: masa adhesiva viscoel\u00e1stica transparente<br \/>\nAdhesivo: acr\u00edlico solvente de alto rendimiento<\/p>\n<p><em>Tama\u00f1os de rollos disponibles:<\/em><\/p>\n<p>19 mm x 5 m<br \/>\n25 mm x 5 m<\/p>\n<p>Marca: SL Adhesive &amp; Safety<\/p>\n<\/div>\n<\/div>\n","protected":false},"excerpt":{"rendered":"<p>Espuma acr\u00edlica transparente, adhesivo acr\u00edlico solvente, protector de pl\u00e1stico rojo. Masa adhesiva acr\u00edlica viscoel\u00e1stica de alto rendimiento. Producto de gran adhesividad, dise\u00f1ado para soportar grandes cargas y que puede sustituir a los tornillos y remaches en muchos procesos industriales. Excelente resistencia a los plastificantes, aceites, solventes, detergentes, humedad y rayos UV.<\/p>\n","protected":false},"featured_media":1284,"template":"","meta":[],"product_brand":[],"product_cat":[221,533],"product_tag":[471,495,490,513,802,803],"class_list":{"0":"post-3277","1":"product","2":"type-product","3":"status-publish","4":"has-post-thumbnail","6":"product_cat-nastri-biadesivi-es","7":"product_cat-espumas-acrilicas","8":"product_tag-adhesivo-acrilico","9":"product_tag-cargas-pesadas","10":"product_tag-cinta-adhesiva-de-doble-cara-para-el-montaje","11":"product_tag-fuerte-agarre","12":"product_tag-uso-en-exteriores","13":"product_tag-uso-interno-es","15":"first","16":"instock","17":"featured","18":"taxable","19":"shipping-taxable","20":"purchasable","21":"product-type-variable"},"_links":{"self":[{"href":"https:\/\/shop.s-line.it\/es\/wp-json\/wp\/v2\/product\/3277","targetHints":{"allow":["GET"]}}],"collection":[{"href":"https:\/\/shop.s-line.it\/es\/wp-json\/wp\/v2\/product"}],"about":[{"href":"https:\/\/shop.s-line.it\/es\/wp-json\/wp\/v2\/types\/product"}],"wp:featuredmedia":[{"embeddable":true,"href":"https:\/\/shop.s-line.it\/es\/wp-json\/wp\/v2\/media\/1284"}],"wp:attachment":[{"href":"https:\/\/shop.s-line.it\/es\/wp-json\/wp\/v2\/media?parent=3277"}],"wp:term":[{"taxonomy":"product_brand","embeddable":true,"href":"https:\/\/shop.s-line.it\/es\/wp-json\/wp\/v2\/product_brand?post=3277"},{"taxonomy":"product_cat","embeddable":true,"href":"https:\/\/shop.s-line.it\/es\/wp-json\/wp\/v2\/product_cat?post=3277"},{"taxonomy":"product_tag","embeddable":true,"href":"https:\/\/shop.s-line.it\/es\/wp-json\/wp\/v2\/product_tag?post=3277"}],"curies":[{"name":"wp","href":"https:\/\/api.w.org\/{rel}","templated":true}]}}