{"id":3285,"date":"2013-08-10T10:09:03","date_gmt":"2021-05-31T15:38:57","guid":{"rendered":"https:\/\/shop.s-line.it\/prodotto\/s969-cinta-de-poliester-transparente-de-doble-cara\/"},"modified":"2022-06-22T15:49:13","modified_gmt":"2022-06-22T13:49:13","slug":"nastro-biadesivo-trasparente-in-poliestere-2","status":"publish","type":"product","link":"https:\/\/shop.s-line.it\/es\/prodotto\/nastro-biadesivo-trasparente-in-poliestere-2\/","title":{"rendered":"S969 Cinta de poli\u00e9ster transparente de doble cara"},"content":{"rendered":"<p><strong>S969 Cinta de poli\u00e9ster transparente de doble cara<\/strong><\/p>\n<p>Cinta de poli\u00e9ster transparente doble cara de muy alta adhesividad, espesor 0.20 mm, liner de polipropileno rojo. El adhesivo acr\u00edlico especial modificado con solvente garantiza la m\u00e1xima resistencia a los plastificantes y a los rayos UV.<\/p>\n<div>\n<p><em>Caracter\u00edsticas t\u00e9cnicas:<\/em><\/p>\n<p>Espesor: 200 \u00b5 (0.20 mm)<br \/>\nProtector: polipropileno rojo<br \/>\nSoporte: poli\u00e9ster<br \/>\nAdhesivo: acr\u00edlico solvente modificado<\/p>\n<p><em>Tama\u00f1os de rollos disponibles:<\/em><\/p>\n<p>19 mm x 10 m<br \/>\n19 mm x 10 m<br \/>\n25 mm x 10 m<br \/>\n25 mm x 10 m<\/p>\n<p>Marca: SL Adhesive &amp; Safety<\/p>\n<\/div>\n","protected":false},"excerpt":{"rendered":"<p>Cinta de poli\u00e9ster transparente doble cara de muy alta adhesividad, espesor 0.20 mm, liner de polipropileno rojo. El adhesivo acr\u00edlico especial modificado con solvente garantiza la m\u00e1xima resistencia a los plastificantes y a los rayos UV.<\/p>\n","protected":false},"featured_media":1329,"template":"","meta":[],"product_brand":[],"product_cat":[221,543],"product_tag":[471,490,513,802,803],"class_list":{"0":"post-3285","1":"product","2":"type-product","3":"status-publish","4":"has-post-thumbnail","6":"product_cat-nastri-biadesivi-es","7":"product_cat-cinta-tnt-de-doble-cara","8":"product_tag-adhesivo-acrilico","9":"product_tag-cinta-adhesiva-de-doble-cara-para-el-montaje","10":"product_tag-fuerte-agarre","11":"product_tag-uso-en-exteriores","12":"product_tag-uso-interno-es","14":"first","15":"instock","16":"taxable","17":"shipping-taxable","18":"purchasable","19":"product-type-variable"},"_links":{"self":[{"href":"https:\/\/shop.s-line.it\/es\/wp-json\/wp\/v2\/product\/3285","targetHints":{"allow":["GET"]}}],"collection":[{"href":"https:\/\/shop.s-line.it\/es\/wp-json\/wp\/v2\/product"}],"about":[{"href":"https:\/\/shop.s-line.it\/es\/wp-json\/wp\/v2\/types\/product"}],"wp:featuredmedia":[{"embeddable":true,"href":"https:\/\/shop.s-line.it\/es\/wp-json\/wp\/v2\/media\/1329"}],"wp:attachment":[{"href":"https:\/\/shop.s-line.it\/es\/wp-json\/wp\/v2\/media?parent=3285"}],"wp:term":[{"taxonomy":"product_brand","embeddable":true,"href":"https:\/\/shop.s-line.it\/es\/wp-json\/wp\/v2\/product_brand?post=3285"},{"taxonomy":"product_cat","embeddable":true,"href":"https:\/\/shop.s-line.it\/es\/wp-json\/wp\/v2\/product_cat?post=3285"},{"taxonomy":"product_tag","embeddable":true,"href":"https:\/\/shop.s-line.it\/es\/wp-json\/wp\/v2\/product_tag?post=3285"}],"curies":[{"name":"wp","href":"https:\/\/api.w.org\/{rel}","templated":true}]}}