{"id":3291,"date":"2013-08-09T22:28:47","date_gmt":"2021-05-31T15:44:02","guid":{"rendered":"https:\/\/shop.s-line.it\/prodotto\/antideslizante-de-grano-60\/"},"modified":"2024-03-04T11:00:07","modified_gmt":"2024-03-04T10:00:07","slug":"antislip-2","status":"publish","type":"product","link":"https:\/\/shop.s-line.it\/es\/prodotto\/antislip-2\/","title":{"rendered":"Antislip 60 grit"},"content":{"rendered":"<p><strong>ANTISLIP 60 GRIT<\/strong><\/p>\n<p>Cinta de PVC recubierta con finos gr\u00e1nulos minerales de corind\u00f3n (grano 60), con adhesivo acr\u00edlico en solvente modificado. Producto para aplicaciones est\u00e1ndar, certificado R13 seg\u00fan las normas UNI EN 16165:2021 y DIN EN 16165:2023-02 (es decir, el mayor nivel de seguridad y el mayor grado de eficacia antideslizante posible). Excelente resistencia al pisoteo, los agentes atmosf\u00e9ricos, los rayos UV, los aceites, los detergentes y los solventes.<\/p>\n<div>\n<p><em>Caracter\u00edsticas t\u00e9cnicas:<\/em><\/p>\n<p>Espesor: 60 grit<br \/>\nProtector: papel bisiliconado blanco<br \/>\nSoporte: part\u00edculas abrasivas de corind\u00f3n<br \/>\nAdhesivo: acr\u00edlico solvente modificado<\/p>\n<p><em>Colores disponibles: negro, blanco, amarillo, transparente, azul, rojo, marr\u00f3n, gris, blanco\/rojo, amarillo\/negro<\/em><\/p>\n<p><em>Tama\u00f1os de rollos\u00a0<\/em><i>disponibles:<\/i><\/p>\n<p>19 mm x 18 m<br \/>\n25 mm x 18 m<br \/>\n50 mm x 18 m<br \/>\n100 mm x 18 m<\/p>\n<p>Marca: SL Adhesive &amp; Safety<\/p>\n<\/div>\n","protected":false},"excerpt":{"rendered":"<p>Cinta de PVC recubierta de gr\u00e1nulos minerales finos de corind\u00f3n (60 grit), con adhesivo acr\u00edlico en solvente modificado.<\/p>\n<p>Producto para aplicaciones est\u00e1ndar, certificado R13 seg\u00fan las normas UNI EN 16165:2021 y DIN EN 16165:2023-02 (es decir, el mayor nivel de seguridad y el mayor grado de eficacia antideslizante posible).<\/p>\n<p>Excelente resistencia al pisoteo, los agentes atmosf\u00e9ricos, los rayos UV, los aceites, los detergentes y los solventes.<\/p>\n","protected":false},"featured_media":1239,"template":"","meta":[],"product_brand":[],"product_cat":[795,223],"product_tag":[471,799,802,803],"class_list":{"0":"post-3291","1":"product","2":"type-product","3":"status-publish","4":"has-post-thumbnail","6":"product_cat-cintas-antideslizantes","7":"product_cat-nastri-sicurezza-es","8":"product_tag-adhesivo-acrilico","9":"product_tag-producto-certificado","10":"product_tag-uso-en-exteriores","11":"product_tag-uso-interno-es","13":"first","14":"instock","15":"featured","16":"taxable","17":"shipping-taxable","18":"purchasable","19":"product-type-variable"},"_links":{"self":[{"href":"https:\/\/shop.s-line.it\/es\/wp-json\/wp\/v2\/product\/3291","targetHints":{"allow":["GET"]}}],"collection":[{"href":"https:\/\/shop.s-line.it\/es\/wp-json\/wp\/v2\/product"}],"about":[{"href":"https:\/\/shop.s-line.it\/es\/wp-json\/wp\/v2\/types\/product"}],"wp:featuredmedia":[{"embeddable":true,"href":"https:\/\/shop.s-line.it\/es\/wp-json\/wp\/v2\/media\/1239"}],"wp:attachment":[{"href":"https:\/\/shop.s-line.it\/es\/wp-json\/wp\/v2\/media?parent=3291"}],"wp:term":[{"taxonomy":"product_brand","embeddable":true,"href":"https:\/\/shop.s-line.it\/es\/wp-json\/wp\/v2\/product_brand?post=3291"},{"taxonomy":"product_cat","embeddable":true,"href":"https:\/\/shop.s-line.it\/es\/wp-json\/wp\/v2\/product_cat?post=3291"},{"taxonomy":"product_tag","embeddable":true,"href":"https:\/\/shop.s-line.it\/es\/wp-json\/wp\/v2\/product_tag?post=3291"}],"curies":[{"name":"wp","href":"https:\/\/api.w.org\/{rel}","templated":true}]}}