{"id":3332,"date":"2013-08-09T21:58:02","date_gmt":"2021-05-31T15:45:57","guid":{"rendered":"https:\/\/shop.s-line.it\/prodotto\/cinta-de-vinilo-antideslizante-60\/"},"modified":"2022-01-28T11:07:01","modified_gmt":"2022-01-28T10:07:01","slug":"resilient-60","status":"publish","type":"product","link":"https:\/\/shop.s-line.it\/es\/prodotto\/resilient-60\/","title":{"rendered":"Resilient 60 grit"},"content":{"rendered":"<p><strong>RESILIENT 60 GRIT<\/strong><br \/>\n<strong>cinta de vinilo antideslizante<\/strong><\/p>\n<p>Cinta para uso en interiores compuesta por una pel\u00edcula pl\u00e1stica de vinilo antideslizante (60 grit) laminada a un soporte de poli\u00e9ster con un adhesivo acr\u00edlico solvente modificado.<\/p>\n<div>\n<p><em>Caracter\u00edsticas t\u00e9cnicas:<\/em><\/p>\n<p>Espesor: 60 grit<br \/>\nProtector: papel bisiliconado blanco<br \/>\nSoporte: pel\u00edcula de vinilo gofrado<br \/>\nAdhesivo: acr\u00edlico solvente modificado<\/p>\n<p><em>Colores disponibles: Negro, Blanco, Transparente, Gris<\/em><\/p>\n<p><em>Tama\u00f1os de rollos\u00a0<\/em><i>disponibles:<\/i><\/p>\n<p>19 mm x 18 m<br \/>\n25 mm x 18 m<br \/>\n50 mm x 18 m<br \/>\n100 mm x 18 m<\/p>\n<p>Marca: SL Adhesive &amp; Safety<\/p>\n<\/div>\n","protected":false},"excerpt":{"rendered":"<p>Cinta para uso en interiores compuesta por una pel\u00edcula pl\u00e1stica de vinilo antideslizante (60 grit) laminada a un soporte de poli\u00e9ster con un adhesivo acr\u00edlico solvente modificado.<\/p>\n","protected":false},"featured_media":1319,"template":"","meta":[],"product_brand":[],"product_cat":[795,223],"product_tag":[471,803],"class_list":{"0":"post-3332","1":"product","2":"type-product","3":"status-publish","4":"has-post-thumbnail","6":"product_cat-cintas-antideslizantes","7":"product_cat-nastri-sicurezza-es","8":"product_tag-adhesivo-acrilico","9":"product_tag-uso-interno-es","11":"first","12":"instock","13":"taxable","14":"shipping-taxable","15":"purchasable","16":"product-type-variable"},"_links":{"self":[{"href":"https:\/\/shop.s-line.it\/es\/wp-json\/wp\/v2\/product\/3332","targetHints":{"allow":["GET"]}}],"collection":[{"href":"https:\/\/shop.s-line.it\/es\/wp-json\/wp\/v2\/product"}],"about":[{"href":"https:\/\/shop.s-line.it\/es\/wp-json\/wp\/v2\/types\/product"}],"wp:featuredmedia":[{"embeddable":true,"href":"https:\/\/shop.s-line.it\/es\/wp-json\/wp\/v2\/media\/1319"}],"wp:attachment":[{"href":"https:\/\/shop.s-line.it\/es\/wp-json\/wp\/v2\/media?parent=3332"}],"wp:term":[{"taxonomy":"product_brand","embeddable":true,"href":"https:\/\/shop.s-line.it\/es\/wp-json\/wp\/v2\/product_brand?post=3332"},{"taxonomy":"product_cat","embeddable":true,"href":"https:\/\/shop.s-line.it\/es\/wp-json\/wp\/v2\/product_cat?post=3332"},{"taxonomy":"product_tag","embeddable":true,"href":"https:\/\/shop.s-line.it\/es\/wp-json\/wp\/v2\/product_tag?post=3332"}],"curies":[{"name":"wp","href":"https:\/\/api.w.org\/{rel}","templated":true}]}}