{"id":3350,"date":"2021-04-28T17:48:46","date_gmt":"2021-05-31T15:55:58","guid":{"rendered":"https:\/\/shop.s-line.it\/prodotto\/resistente-40-de-goma\/"},"modified":"2022-01-28T11:07:10","modified_gmt":"2022-01-28T10:07:10","slug":"resilient-40-2","status":"publish","type":"product","link":"https:\/\/shop.s-line.it\/es\/prodotto\/resilient-40-2\/","title":{"rendered":"Resilient 40 grit"},"content":{"rendered":"<p><strong>RESILIENT 40 GRIT<\/strong><br \/>\n<strong>antideslizante de goma<\/strong><\/p>\n<p>Cinta compuesta por una pel\u00edcula de caucho antideslizante de 40 grit laminada sobre un soporte de poli\u00e9ster, adhesivo acr\u00edlico solvente modificado.<\/p>\n<p><em>Caracter\u00edsticas t\u00e9cnicas:<\/em><\/p>\n<p>Espesor: 40 grit<br \/>\nProtector: papel monosiliconado blanco<br \/>\nSoporte: pel\u00edcula de goma gofrada<br \/>\nAdhesivo: acr\u00edlico solvente modificado<\/p>\n<p><em>Colores disponibles: Negro, Gris<\/em><\/p>\n<p><em>Tama\u00f1os de rollos\u00a0<\/em><i>disponibles:<\/i><\/p>\n<p>19 mm x 18 m<br \/>\n25 mm x 18 m<br \/>\n50 mm x 18 m<br \/>\n100 mm x 18 m<\/p>\n<p>Marca: SL Adhesive &amp; Safety<\/p>\n","protected":false},"excerpt":{"rendered":"<p>Cinta compuesta por una pel\u00edcula de caucho antideslizante de 40 grit laminada sobre un soporte de poli\u00e9ster, adhesivo acr\u00edlico solvente modificado.<\/p>\n","protected":false},"featured_media":1399,"template":"","meta":[],"product_brand":[],"product_cat":[795,223],"product_tag":[471,802,803],"class_list":{"0":"post-3350","1":"product","2":"type-product","3":"status-publish","4":"has-post-thumbnail","6":"product_cat-cintas-antideslizantes","7":"product_cat-nastri-sicurezza-es","8":"product_tag-adhesivo-acrilico","9":"product_tag-uso-en-exteriores","10":"product_tag-uso-interno-es","12":"first","13":"instock","14":"taxable","15":"shipping-taxable","16":"purchasable","17":"product-type-variable"},"_links":{"self":[{"href":"https:\/\/shop.s-line.it\/es\/wp-json\/wp\/v2\/product\/3350","targetHints":{"allow":["GET"]}}],"collection":[{"href":"https:\/\/shop.s-line.it\/es\/wp-json\/wp\/v2\/product"}],"about":[{"href":"https:\/\/shop.s-line.it\/es\/wp-json\/wp\/v2\/types\/product"}],"wp:featuredmedia":[{"embeddable":true,"href":"https:\/\/shop.s-line.it\/es\/wp-json\/wp\/v2\/media\/1399"}],"wp:attachment":[{"href":"https:\/\/shop.s-line.it\/es\/wp-json\/wp\/v2\/media?parent=3350"}],"wp:term":[{"taxonomy":"product_brand","embeddable":true,"href":"https:\/\/shop.s-line.it\/es\/wp-json\/wp\/v2\/product_brand?post=3350"},{"taxonomy":"product_cat","embeddable":true,"href":"https:\/\/shop.s-line.it\/es\/wp-json\/wp\/v2\/product_cat?post=3350"},{"taxonomy":"product_tag","embeddable":true,"href":"https:\/\/shop.s-line.it\/es\/wp-json\/wp\/v2\/product_tag?post=3350"}],"curies":[{"name":"wp","href":"https:\/\/api.w.org\/{rel}","templated":true}]}}