{"id":3378,"date":"2021-04-27T17:49:34","date_gmt":"2021-05-31T15:56:52","guid":{"rendered":"https:\/\/shop.s-line.it\/prodotto\/aplicador-atg-900-para-cintas-de-transferencia-atg\/"},"modified":"2022-01-28T11:07:16","modified_gmt":"2022-01-28T10:07:16","slug":"atg-900","status":"publish","type":"product","link":"https:\/\/shop.s-line.it\/es\/prodotto\/atg-900\/","title":{"rendered":"Aplicador ATG 900 para cintas de transferencia ATG"},"content":{"rendered":"<p><strong>Aplicador ATG 900 para cintas de transferencia ATG<\/strong><\/p>\n<p>Pr\u00e1ctico aplicador que, gracias a su mecanismo de engranajes y a sus dos s\u00f3lidos rodillos frontales recubiertos de goma de silicona, garantiza una aplicaci\u00f3n precisa, r\u00e1pida y limpia de la cinta, permitiendo al mismo tiempo la recuperaci\u00f3n del papel. La cantidad de producto a utilizar puede ser f\u00e1cilmente dosificada a trav\u00e9s del sensible gatillo dispensador.<\/p>\n<p>Se incluye en el paquete un adaptador para rollos de 6 mm con n\u00facleo perforado de doble c\u00e1mara (Pcore).<\/p>\n","protected":false},"excerpt":{"rendered":"<p>Pr\u00e1ctico aplicador que, gracias a su mecanismo de engranajes y a sus dos s\u00f3lidos rodillos frontales recubiertos de goma de silicona, garantiza una aplicaci\u00f3n precisa, r\u00e1pida y limpia de la cinta, permitiendo al mismo tiempo la recuperaci\u00f3n del papel. La cantidad de producto a utilizar puede ser f\u00e1cilmente dosificada a trav\u00e9s del sensible gatillo dispensador. Se incluye en el paquete un adaptador para rollos de 6 mm con n\u00facleo perforado de doble c\u00e1mara (Pcore).<\/p>\n","protected":false},"featured_media":1304,"template":"","meta":[],"product_brand":[],"product_cat":[824,221,518],"product_tag":[480,485],"class_list":{"0":"post-3378","1":"product","2":"type-product","3":"status-publish","4":"has-post-thumbnail","6":"product_cat-atg-y-pcore","7":"product_cat-nastri-biadesivi-es","8":"product_cat-cintas-de-transferencia","9":"product_tag-aplicable-con-el-dispensador-atg900","10":"product_tag-arte-grafico","12":"first","13":"instock","14":"featured","15":"taxable","16":"shipping-taxable","17":"purchasable","18":"product-type-variable"},"_links":{"self":[{"href":"https:\/\/shop.s-line.it\/es\/wp-json\/wp\/v2\/product\/3378","targetHints":{"allow":["GET"]}}],"collection":[{"href":"https:\/\/shop.s-line.it\/es\/wp-json\/wp\/v2\/product"}],"about":[{"href":"https:\/\/shop.s-line.it\/es\/wp-json\/wp\/v2\/types\/product"}],"wp:featuredmedia":[{"embeddable":true,"href":"https:\/\/shop.s-line.it\/es\/wp-json\/wp\/v2\/media\/1304"}],"wp:attachment":[{"href":"https:\/\/shop.s-line.it\/es\/wp-json\/wp\/v2\/media?parent=3378"}],"wp:term":[{"taxonomy":"product_brand","embeddable":true,"href":"https:\/\/shop.s-line.it\/es\/wp-json\/wp\/v2\/product_brand?post=3378"},{"taxonomy":"product_cat","embeddable":true,"href":"https:\/\/shop.s-line.it\/es\/wp-json\/wp\/v2\/product_cat?post=3378"},{"taxonomy":"product_tag","embeddable":true,"href":"https:\/\/shop.s-line.it\/es\/wp-json\/wp\/v2\/product_tag?post=3378"}],"curies":[{"name":"wp","href":"https:\/\/api.w.org\/{rel}","templated":true}]}}