{"id":3386,"date":"2021-04-28T17:04:08","date_gmt":"2021-05-31T16:01:45","guid":{"rendered":"https:\/\/shop.s-line.it\/prodotto\/tiras-antideslizantes-con-bandas-reflectantes-y-fotoluminiscentes\/"},"modified":"2022-01-28T11:07:24","modified_gmt":"2022-01-28T10:07:24","slug":"strisce-antiscivolo-con-banda-riflettente-e-fotoluminescente","status":"publish","type":"product","link":"https:\/\/shop.s-line.it\/es\/prodotto\/strisce-antiscivolo-con-banda-riflettente-e-fotoluminescente\/","title":{"rendered":"Tiras antideslizantes con bandas reflectantes y fotoluminiscentes"},"content":{"rendered":"<p><b>TIRAS ANTIDESLIZANTES CON BANDAS REFLECTANTES Y FOTOLUMINISCENTES <\/b><\/p>\n<section class=\"section-sm\">Tiras antideslizantes con soporte de corind\u00f3n y compuestas por un fuerte adhesivo acr\u00edlico en disolvente modificado. Cada tira tiene una banda que puede ser fotoluminiscente o reflectante y de diferentes colores. Especialmente indicado para marcar pelda\u00f1os, escaleras, v\u00edas de salida y prevenir ca\u00eddas gracias a sus propiedades antideslizantes.<br \/>\n<em><em><br \/>\nCaracter\u00edsticas t\u00e9cnicas:<br \/>\n<em><br \/>\nEspesor: 60 grit<br \/>\nProtector: papel monosiliconado blanco<br \/>\nSoporte: part\u00edculas abrasivas de corind\u00f3n<br \/>\nAdhesivo: acr\u00edlico solvente modificado<br \/>\n<em><br \/>\nDisponible en tiras precortadas de 150 mm x 600 mm en las siguientes versiones:<br \/>\n<\/em><br \/>\nS-11 Reflectante (Amarillo)<br \/>\nS-12 Fotoluminiscente (Blanco)<br \/>\nS-13 Fotoluminiscente y reflectante (Amarillo)<br \/>\nS-14 Fotoluminiscente y reflectante (Amarillo\/Negro)<br \/>\nS-15 Fotoluminiscente y reflectante (Rojo\/Blanco)<\/em><\/em><\/em>Marca: SL Adhesive &amp; Safety<\/p>\n<\/section>\n","protected":false},"excerpt":{"rendered":"<p>Tiras antideslizantes con soporte de corind\u00f3n y compuestas por un fuerte adhesivo acr\u00edlico en solvente modificado. Cada tira tiene una banda que puede ser fotoluminiscente o reflectante y de diferentes colores. Especialmente indicado para marcar pelda\u00f1os, escaleras, v\u00edas de salida y evitar ca\u00eddas gracias a sus propiedades antideslizantes.<\/p>\n","protected":false},"featured_media":1384,"template":"","meta":[],"product_brand":[],"product_cat":[795,223,796,797],"product_tag":[471,504,802,803],"class_list":{"0":"post-3386","1":"product","2":"type-product","3":"status-publish","4":"has-post-thumbnail","6":"product_cat-cintas-antideslizantes","7":"product_cat-nastri-sicurezza-es","8":"product_cat-cintas-fotoluminiscentes","9":"product_cat-productos-de-senalizacion","10":"product_tag-adhesivo-acrilico","11":"product_tag-areas-de-delimitacion","12":"product_tag-uso-en-exteriores","13":"product_tag-uso-interno-es","15":"first","16":"instock","17":"featured","18":"taxable","19":"shipping-taxable","20":"purchasable","21":"product-type-variable"},"_links":{"self":[{"href":"https:\/\/shop.s-line.it\/es\/wp-json\/wp\/v2\/product\/3386","targetHints":{"allow":["GET"]}}],"collection":[{"href":"https:\/\/shop.s-line.it\/es\/wp-json\/wp\/v2\/product"}],"about":[{"href":"https:\/\/shop.s-line.it\/es\/wp-json\/wp\/v2\/types\/product"}],"wp:featuredmedia":[{"embeddable":true,"href":"https:\/\/shop.s-line.it\/es\/wp-json\/wp\/v2\/media\/1384"}],"wp:attachment":[{"href":"https:\/\/shop.s-line.it\/es\/wp-json\/wp\/v2\/media?parent=3386"}],"wp:term":[{"taxonomy":"product_brand","embeddable":true,"href":"https:\/\/shop.s-line.it\/es\/wp-json\/wp\/v2\/product_brand?post=3386"},{"taxonomy":"product_cat","embeddable":true,"href":"https:\/\/shop.s-line.it\/es\/wp-json\/wp\/v2\/product_cat?post=3386"},{"taxonomy":"product_tag","embeddable":true,"href":"https:\/\/shop.s-line.it\/es\/wp-json\/wp\/v2\/product_tag?post=3386"}],"curies":[{"name":"wp","href":"https:\/\/api.w.org\/{rel}","templated":true}]}}